{"id":783614,"date":"2026-02-26T23:33:19","date_gmt":"2026-02-26T20:33:19","guid":{"rendered":"https:\/\/roveyayinevi.com.tr\/index.php\/urun\/terapistler-ve-danismanlar-icin-sokratik-sorgulama\/"},"modified":"2026-04-15T03:46:38","modified_gmt":"2026-04-15T00:46:38","slug":"terapistler-ve-danismanlar-icin-sokratik-sorgulama","status":"publish","type":"product","link":"https:\/\/roveyayinevi.com.tr\/index.php\/urun\/terapistler-ve-danismanlar-icin-sokratik-sorgulama\/","title":{"rendered":"Terapistler ve Dan\u0131\u015fmanlar \u0130\u00e7in Sokratik Sorgulama"},"content":{"rendered":"<p>Bu kitap, psikoterapi ve dan\u0131\u015fmanl\u0131kta Sokratik stratejilerin kullan\u0131m\u0131 i\u00e7in kapsaml\u0131 bir \u00e7er\u00e7eve sunmaktad\u0131r. Bu \u00e7er\u00e7eve, \u00f6nde gelen Bili\u015fsel Davran\u0131\u015f\u00e7\u0131 Terapi (BDT) yakla\u015f\u0131mlar\u0131na g\u00f6re uyarlanm\u0131\u015f olup uygulamal\u0131 vaka \u00f6rnekleri sunularak a\u00e7\u0131klanm\u0131\u015ft\u0131r. Eserin i\u00e7eri\u011fi vaka \u00f6rnekleri, ipu\u00e7lar\u0131, p\u00fcf noktalar\u0131, stratejiler ve en k\u00f6kl\u00fc inan\u00e7larla ba\u015fa \u00e7\u0131kmak i\u00e7in y\u00f6ntemler bak\u0131m\u0131ndan olduk\u00e7a zengindir. Yazarlar, esnek ve geni\u015f \u00e7apta uygulanabilir bir \u00e7er\u00e7eve sunmak i\u00e7in \u00e7e\u015fitli yakla\u015f\u0131mlardan ve teorik y\u00f6nelimlerden yararlanm\u0131\u015ft\u0131r. Eser ayr\u0131ca Sokratik s\u00fcre\u00e7te ya\u015fan\u0131labilecek sorunlarla ba\u015f etme \u00fczerine kapsaml\u0131 bir rehberdir. Okuyucular bu yakla\u015f\u0131m\u0131 \u00f6rne\u011fin s\u0131n\u0131rda ki\u015filik bozuklu\u011fu olan ve diyalektik davran\u0131\u015fterapisi alan hastalar gibi \u00f6zel gruplara nas\u0131l uygulayacaklar\u0131n\u0131 \u00f6\u011frenebileceklerdir. Ekb\u00f6l\u00fcmler, temel inan\u00e7 ve \u015femada de\u011fi\u015fiklik meydana getirmek i\u00e7in m\u00fcdahalenin nas\u0131l katmanla\u015faca\u011f\u0131na dair k\u0131lavuz niteli\u011findedir. Bu eser; e\u011fitim s\u00fcrecindeki terapistler, kariyerinin ba\u015flang\u0131c\u0131ndaki uzmanlar, s\u00fcperviz\u00f6rler, e\u011fitmenler ve kal\u0131c\u0131 bir de\u011fi\u015fim yaratmak i\u00e7in Sokratik stratejileri kullanma becerilerini geli\u015ftirmek isteyen t\u00fcm klinisyenler i\u00e7in ba\u015fucu bir eserdir<\/p>\n","protected":false},"excerpt":{"rendered":"<p>Bu kitap, psikoterapi ve dan\u0131\u015fmanl\u0131kta Sokratik stratejilerin kullan\u0131m\u0131 i\u00e7in kapsaml\u0131 bir \u00e7er\u00e7eve sunmaktad\u0131r. Bu \u00e7er\u00e7eve, \u00f6nde gelen Bili\u015fsel Davran\u0131\u015f\u00e7\u0131 Terapi (BDT) yakla\u015f\u0131mlar\u0131na g\u00f6re uyarlanm\u0131\u015f olup uygulamal\u0131<span class=\"excerpt-hellip\"> [\u2026]<\/span><\/p>\n","protected":false},"featured_media":0,"template":"","meta":{"_monsterinsights_skip_tracking":false,"_monsterinsights_sitenote_active":false,"_monsterinsights_sitenote_note":"","_monsterinsights_sitenote_category":0},"product_brand":[],"product_cat":[12358,12357],"product_tag":[],"class_list":{"0":"post-783614","1":"product","2":"type-product","3":"status-publish","5":"product_cat-genel-psikoloji","6":"product_cat-psikoloji","7":"pa_cilt-ciltsiz","8":"pa_tur-kitap","9":"pa_yayinevi-litera-yayinlari","10":"pa_yazar-scott-h-waltman","12":"first","13":"instock","14":"sale","15":"shipping-taxable","16":"purchasable","17":"product-type-simple"},"_links":{"self":[{"href":"https:\/\/roveyayinevi.com.tr\/index.php\/wp-json\/wp\/v2\/product\/783614","targetHints":{"allow":["GET"]}}],"collection":[{"href":"https:\/\/roveyayinevi.com.tr\/index.php\/wp-json\/wp\/v2\/product"}],"about":[{"href":"https:\/\/roveyayinevi.com.tr\/index.php\/wp-json\/wp\/v2\/types\/product"}],"wp:attachment":[{"href":"https:\/\/roveyayinevi.com.tr\/index.php\/wp-json\/wp\/v2\/media?parent=783614"}],"wp:term":[{"taxonomy":"product_brand","embeddable":true,"href":"https:\/\/roveyayinevi.com.tr\/index.php\/wp-json\/wp\/v2\/product_brand?post=783614"},{"taxonomy":"product_cat","embeddable":true,"href":"https:\/\/roveyayinevi.com.tr\/index.php\/wp-json\/wp\/v2\/product_cat?post=783614"},{"taxonomy":"product_tag","embeddable":true,"href":"https:\/\/roveyayinevi.com.tr\/index.php\/wp-json\/wp\/v2\/product_tag?post=783614"}],"curies":[{"name":"wp","href":"https:\/\/api.w.org\/{rel}","templated":true}]}}