{"id":783613,"date":"2026-02-26T23:33:17","date_gmt":"2026-02-26T20:33:17","guid":{"rendered":"https:\/\/roveyayinevi.com.tr\/index.php\/urun\/el-medinetul-fazila-tanri-alem-insan\/"},"modified":"2026-04-15T03:46:38","modified_gmt":"2026-04-15T00:46:38","slug":"el-medinetul-fazila-tanri-alem-insan","status":"publish","type":"product","link":"https:\/\/roveyayinevi.com.tr\/index.php\/urun\/el-medinetul-fazila-tanri-alem-insan\/","title":{"rendered":"El-Medinet\u00fc&#8217;l-Faz\u0131la; Tanr\u0131 Alem \u0130nsan"},"content":{"rendered":"<p>Erdemli \u015eehir, tam ad\u0131yla Erdemli \u015eehir Halk\u0131n\u0131n G\u00f6r\u00fc\u015flerinin \u0130lkeleri, \u0130slam felsefesinin kurucu filozofu olan Farabi&#8217;nin Tanr\u0131, evren ve insana ili\u015fkin g\u00f6zden ge\u00e7irilmi\u015f son d\u00fc\u015f\u00fcncelerini i\u00e7eren bir eserdir. Bu eserin \u0130slam&#8217;da felsef\u00ee d\u00fc\u015f\u00fcncenin \u00e7er\u00e7evesini, problem alanlar\u0131n\u0131 ve ana temay\u00fcllerini belirleyen kurucu bir metin oldu\u011funu s\u00f6yleyebiliriz. Dolay\u0131s\u0131yla Erdemli \u015eehir Farabi&#8217;nin tesis etti\u011fi \u015fekli ile klasik \u0130slam felsefesinin neredeyse b\u00fct\u00fcn ilgi alanlar\u0131n\u0131 ifade eden son derece \u00f6nemli bir kitapt\u0131r. Farabi bu eserinde metafizik, tabiat bilimleri ve siyaset felsefesi ba\u011flam\u0131nda, erdemli bir toplumu ayakta tutan d\u00eeni\/siyasi resimlerin dayand\u0131\u011f\u0131 ger\u00e7ek felsefi tasavvurlar\u0131 vermekte, eserinin son k\u0131s\u0131mlar\u0131nda ise sahte felsefelerden beslenen bozuk\/bat\u0131l inan\u00e7lara temas etmektedir.    Eserde metafizikle ilgili olarak Tanr\u0131, O&#8217;nun do\u011fas\u0131, nitelikleri ve varl\u0131\u011f\u0131n tabii bir zorunlulukla O&#8217;ndan ta\u015fmas\u0131; tanr\u0131sal varl\u0131klardan ba\u015flay\u0131p maddeye kadar inen mertebeli varolu\u015f prosesleri; kozmik ak\u0131llar, Faal Ak\u0131l ve bunlar\u0131n olu\u015ftaki i\u015flevleri gibi konular ele al\u0131n\u0131r. Tabiat bilimleri ba\u011flam\u0131nda ise g\u00f6k cisimleri, onlar\u0131n ilkeleri, hareketleri ve genel olarak olu\u015ftaki etkileri; cisimsel varl\u0131klar\u0131n maden, bitki, hayvan ve insan \u015feklinde tezah\u00fcr eden olu\u015f ve bozulu\u015f s\u00fcre\u00e7leri ve bunlarda cari olan tabii adalet gibi konulara yer verilir. Siyaset veya insan felsefesi ile ilgili olarak da ak\u0131l ve ihtiyar varl\u0131\u011f\u0131 olarak insan\u0131n ortaya \u00e7\u0131k\u0131\u015f\u0131, psikolojik kapasitesi, sosyo-politik do\u011fas\u0131; medeni-siyasi te\u015fekk\u00fcller; y\u00f6neticiler, onlar\u0131n vas\u0131flar\u0131; vahiy, din ve felsefe ili\u015fkisi; erdemli ve erdemsiz y\u00f6netim bi\u00e7imleri ve genel olarak mutluluk ve mutlulukla ilgili konular i\u015flenir.<\/p>\n","protected":false},"excerpt":{"rendered":"<p>Erdemli \u015eehir, tam ad\u0131yla Erdemli \u015eehir Halk\u0131n\u0131n G\u00f6r\u00fc\u015flerinin \u0130lkeleri, \u0130slam felsefesinin kurucu filozofu olan Farabi&#8217;nin Tanr\u0131, evren ve insana ili\u015fkin g\u00f6zden ge\u00e7irilmi\u015f son d\u00fc\u015f\u00fcncelerini i\u00e7eren bir<span class=\"excerpt-hellip\"> [\u2026]<\/span><\/p>\n","protected":false},"featured_media":0,"template":"","meta":{"_monsterinsights_skip_tracking":false,"_monsterinsights_sitenote_active":false,"_monsterinsights_sitenote_note":"","_monsterinsights_sitenote_category":0},"product_brand":[],"product_cat":[16038,12388],"product_tag":[],"class_list":{"0":"post-783613","1":"product","2":"type-product","3":"status-publish","5":"product_cat-arastirma-inceleme-referans-felsefe","6":"product_cat-felsefe","7":"pa_cilt-ciltsiz","8":"pa_tur-kitap","9":"pa_yayinevi-litera-yayinlari","10":"pa_yazar-farabi","12":"first","13":"instock","14":"sale","15":"shipping-taxable","16":"purchasable","17":"product-type-simple"},"_links":{"self":[{"href":"https:\/\/roveyayinevi.com.tr\/index.php\/wp-json\/wp\/v2\/product\/783613","targetHints":{"allow":["GET"]}}],"collection":[{"href":"https:\/\/roveyayinevi.com.tr\/index.php\/wp-json\/wp\/v2\/product"}],"about":[{"href":"https:\/\/roveyayinevi.com.tr\/index.php\/wp-json\/wp\/v2\/types\/product"}],"wp:attachment":[{"href":"https:\/\/roveyayinevi.com.tr\/index.php\/wp-json\/wp\/v2\/media?parent=783613"}],"wp:term":[{"taxonomy":"product_brand","embeddable":true,"href":"https:\/\/roveyayinevi.com.tr\/index.php\/wp-json\/wp\/v2\/product_brand?post=783613"},{"taxonomy":"product_cat","embeddable":true,"href":"https:\/\/roveyayinevi.com.tr\/index.php\/wp-json\/wp\/v2\/product_cat?post=783613"},{"taxonomy":"product_tag","embeddable":true,"href":"https:\/\/roveyayinevi.com.tr\/index.php\/wp-json\/wp\/v2\/product_tag?post=783613"}],"curies":[{"name":"wp","href":"https:\/\/api.w.org\/{rel}","templated":true}]}}