{"id":783612,"date":"2026-02-26T23:33:12","date_gmt":"2026-02-26T20:33:12","guid":{"rendered":"https:\/\/roveyayinevi.com.tr\/index.php\/urun\/amak-i-hayal-8\/"},"modified":"2026-04-15T03:46:38","modified_gmt":"2026-04-15T00:46:38","slug":"amak-i-hayal-8","status":"publish","type":"product","link":"https:\/\/roveyayinevi.com.tr\/index.php\/urun\/amak-i-hayal-8\/","title":{"rendered":"A&#8217;mak-\u0131 Hayal"},"content":{"rendered":"<p>Bir g\u00fcn, bir cesette hapsoldu\u011fumu hissediyor gibi ac\u0131 veren bir hisle inlerken g\u00fcya k\u00e2inat\u0131n b\u00fct\u00fcn zerrelerine emanet olarak verilen s\u0131rlar birer birer bulundu\u011fum cesette toplanmaya ba\u015flad\u0131. Renksiz ve mek\u00e2ns\u0131z bir mana esintisi, cesedimi kaplay\u0131p ku\u015fatt\u0131. Do\u011fuya d\u00f6nm\u00fc\u015f y\u00fcz\u00fcm\u00fc, do\u011fmaya ba\u015flayan alt\u0131n ufka \u00e7evirmi\u015ftim.Her zerre g\u00fcya beni selaml\u0131yor, her taraftan burnuma amber kokusu geliyor, t\u00fcm varl\u0131\u011f\u0131m bir muhabbet hakikatinin tesiri alt\u0131nda titriyordu. Kendimi biliyor, etraf\u0131m\u0131 g\u00f6r\u00fcyor, g\u00f6rd\u00fc\u011f\u00fcm\u00fc fark ediyor, her \u015feyi biliyormu\u015f gibi davran\u0131yordum. Bir kendinden ge\u00e7me h\u00e2li, bir varolu\u015f sarho\u015flu\u011fu beni sard\u0131. Mana diliyle, &#8220;Elhamd\u00fclillah!&#8221; dedim.Amak-\u0131 Hayal, bug\u00fcne kadar yay\u0131mlanm\u0131\u015f b\u00fct\u00fcn n\u00fcshalardaki eksikli\u011fi gidermek \u00fczere, \u00e7e\u015fitli kaynaklar ve n\u00fcshalar taranarak tam metinle bas\u0131ld\u0131 ilk kez. E\u015fsiz dil i\u00e7i \u00e7evirisiyle g\u00fcn\u00fcm\u00fcz T\u00fcrk\u00e7esine kazand\u0131r\u0131l\u0131p \u00f6l\u00fcms\u00fcz eserlerimizin aras\u0131nda yerini ald\u0131.<\/p>\n","protected":false},"excerpt":{"rendered":"<p>Bir g\u00fcn, bir cesette hapsoldu\u011fumu hissediyor gibi ac\u0131 veren bir hisle inlerken g\u00fcya k\u00e2inat\u0131n b\u00fct\u00fcn zerrelerine emanet olarak verilen s\u0131rlar birer birer bulundu\u011fum cesette toplanmaya ba\u015flad\u0131.<span class=\"excerpt-hellip\"> [\u2026]<\/span><\/p>\n","protected":false},"featured_media":0,"template":"","meta":{"_monsterinsights_skip_tracking":false,"_monsterinsights_sitenote_active":false,"_monsterinsights_sitenote_note":"","_monsterinsights_sitenote_category":0},"product_brand":[],"product_cat":[12291,18202],"product_tag":[],"class_list":{"0":"post-783612","1":"product","2":"type-product","3":"status-publish","5":"product_cat-edebiyat","6":"product_cat-hikaye","7":"pa_cilt-ciltsiz","8":"pa_tur-kitap","9":"pa_yayinevi-sule-yayinlari","10":"pa_yazar-sehbenderzade-filibeli-ahmed-hilmi","12":"first","13":"instock","14":"sale","15":"shipping-taxable","16":"purchasable","17":"product-type-simple"},"_links":{"self":[{"href":"https:\/\/roveyayinevi.com.tr\/index.php\/wp-json\/wp\/v2\/product\/783612","targetHints":{"allow":["GET"]}}],"collection":[{"href":"https:\/\/roveyayinevi.com.tr\/index.php\/wp-json\/wp\/v2\/product"}],"about":[{"href":"https:\/\/roveyayinevi.com.tr\/index.php\/wp-json\/wp\/v2\/types\/product"}],"wp:attachment":[{"href":"https:\/\/roveyayinevi.com.tr\/index.php\/wp-json\/wp\/v2\/media?parent=783612"}],"wp:term":[{"taxonomy":"product_brand","embeddable":true,"href":"https:\/\/roveyayinevi.com.tr\/index.php\/wp-json\/wp\/v2\/product_brand?post=783612"},{"taxonomy":"product_cat","embeddable":true,"href":"https:\/\/roveyayinevi.com.tr\/index.php\/wp-json\/wp\/v2\/product_cat?post=783612"},{"taxonomy":"product_tag","embeddable":true,"href":"https:\/\/roveyayinevi.com.tr\/index.php\/wp-json\/wp\/v2\/product_tag?post=783612"}],"curies":[{"name":"wp","href":"https:\/\/api.w.org\/{rel}","templated":true}]}}