{"id":783611,"date":"2026-02-26T23:33:10","date_gmt":"2026-02-26T20:33:10","guid":{"rendered":"https:\/\/roveyayinevi.com.tr\/index.php\/urun\/gdd-dunyayi-nasil-yonetiyor\/"},"modified":"2026-04-15T03:46:38","modified_gmt":"2026-04-15T00:46:38","slug":"gdd-dunyayi-nasil-yonetiyor","status":"publish","type":"product","link":"https:\/\/roveyayinevi.com.tr\/index.php\/urun\/gdd-dunyayi-nasil-yonetiyor\/","title":{"rendered":"Gdd D\u00fcnyay\u0131 Nas\u0131l Y\u00f6netiyor"},"content":{"rendered":"<p>Yery\u00fcz\u00fcnde ya\u015fayan b\u00fct\u00fcn insanl\u0131k \u00fczerinde kendi h\u00e2kimiyetini kurmak, b\u00fct\u00fcn insanlar\u0131 k\u00f6le yapmak ve kendine t\u00e2bi k\u0131lmak ve s\u00f6m\u00fcrmek isteyen bir g\u00fcc\u00fcn varl\u0131\u011f\u0131n\u0131 g\u00f6rmek gerekir. Bu g\u00fcc\u00fcn amac\u0131n\u0131, \u00e7al\u0131\u015fma metotlar\u0131n\u0131 b\u00fct\u00fcn D\u00fcnyay\u0131 nas\u0131l avucunun i\u00e7ine almak istedi\u011fini ve bunun i\u00e7in as\u0131rlardan beri geli\u015ferek bug\u00fcn art\u0131k nas\u0131l organize bir g\u00fc\u00e7 haline geldi\u011fini bilmek gerekir. Bu g\u00fcc\u00fcn as\u0131rlardan beri olaylar\u0131 kendi gayeleri do\u011frultusunda pl\u00e2nlayan ve bu pl\u00e2nlar\u0131 uygulayan bir g\u00fc\u00e7 oldu\u011funu idrak etmek gerekir<\/p>\n","protected":false},"excerpt":{"rendered":"<p>Yery\u00fcz\u00fcnde ya\u015fayan b\u00fct\u00fcn insanl\u0131k \u00fczerinde kendi h\u00e2kimiyetini kurmak, b\u00fct\u00fcn insanlar\u0131 k\u00f6le yapmak ve kendine t\u00e2bi k\u0131lmak ve s\u00f6m\u00fcrmek isteyen bir g\u00fcc\u00fcn varl\u0131\u011f\u0131n\u0131 g\u00f6rmek gerekir. Bu g\u00fcc\u00fcn<span class=\"excerpt-hellip\"> [\u2026]<\/span><\/p>\n","protected":false},"featured_media":0,"template":"","meta":{"_monsterinsights_skip_tracking":false,"_monsterinsights_sitenote_active":false,"_monsterinsights_sitenote_note":"","_monsterinsights_sitenote_category":0},"product_brand":[],"product_cat":[12337,17225],"product_tag":[],"class_list":{"0":"post-783611","1":"product","2":"type-product","3":"status-publish","5":"product_cat-politika-siyaset","6":"product_cat-uluslararasi-iliskiler","7":"pa_cilt-ciltsiz","8":"pa_tur-kitap","9":"pa_yayinevi-mgv-yayinlari","10":"pa_yazar-necmettin-erbakan","12":"first","13":"instock","14":"sale","15":"shipping-taxable","16":"purchasable","17":"product-type-simple"},"_links":{"self":[{"href":"https:\/\/roveyayinevi.com.tr\/index.php\/wp-json\/wp\/v2\/product\/783611","targetHints":{"allow":["GET"]}}],"collection":[{"href":"https:\/\/roveyayinevi.com.tr\/index.php\/wp-json\/wp\/v2\/product"}],"about":[{"href":"https:\/\/roveyayinevi.com.tr\/index.php\/wp-json\/wp\/v2\/types\/product"}],"wp:attachment":[{"href":"https:\/\/roveyayinevi.com.tr\/index.php\/wp-json\/wp\/v2\/media?parent=783611"}],"wp:term":[{"taxonomy":"product_brand","embeddable":true,"href":"https:\/\/roveyayinevi.com.tr\/index.php\/wp-json\/wp\/v2\/product_brand?post=783611"},{"taxonomy":"product_cat","embeddable":true,"href":"https:\/\/roveyayinevi.com.tr\/index.php\/wp-json\/wp\/v2\/product_cat?post=783611"},{"taxonomy":"product_tag","embeddable":true,"href":"https:\/\/roveyayinevi.com.tr\/index.php\/wp-json\/wp\/v2\/product_tag?post=783611"}],"curies":[{"name":"wp","href":"https:\/\/api.w.org\/{rel}","templated":true}]}}