{"id":783608,"date":"2026-02-26T23:33:02","date_gmt":"2026-02-26T20:33:02","guid":{"rendered":"https:\/\/roveyayinevi.com.tr\/index.php\/urun\/ilm-i-halim\/"},"modified":"2026-04-15T03:46:38","modified_gmt":"2026-04-15T00:46:38","slug":"ilm-i-halim","status":"publish","type":"product","link":"https:\/\/roveyayinevi.com.tr\/index.php\/urun\/ilm-i-halim\/","title":{"rendered":"\u0130lm-i Hal&#8217;im"},"content":{"rendered":"<p>Konular i\u00e7erisinde Kelime-yi \u015fehadet, ef\u2019al-i m\u00fckellef\u00een, niyetin arka plan\u0131, abdest ve mestlerdeki ilke ve esaslar, namaz vakitleri, nafileler ile ilgili ilgin\u00e7 kaideler, mesbuk ile ilgili ilkeler, seferilikte \u00f6zel h\u00fck\u00fcmler ve vatanlar, cenaze namaz\u0131n\u0131n arka plan\u0131, oru\u00e7ta keffaret gerektiren hallerin kaidesi, zek\u00e2ta tabi mallar\u0131n taksimi ve ilgili ilkeleri, hac konusunu i\u015flerken \u00f6nce hac co\u011frafyas\u0131, hac \u015fe\u00e2iri ve hac men\u00e2siki hakk\u0131nda hem tarih\u00ee hem konum bilgileri takdim etmeden hacc\u0131n kolay anla\u015f\u0131lamayaca\u011f\u0131 gibi hususlardaki izah farkl\u0131l\u0131\u011f\u0131 bizi bu ilmihali kaleme almam\u0131za vesile oldu. Bu arada halk aras\u0131nda hatta din g\u00f6revlileri aras\u0131nda bile yanl\u0131\u015f anla\u015f\u0131lan ve hala da yanl\u0131\u015fl\u0131\u011f\u0131 devam eden kimi konu ve meselelere \u00f6zellikle dikkat \u00e7ektik. M\u00fcmk\u00fcn mertebe konular\u0131 d\u00f6rt mezheb mukayeseli olarak i\u015flemeye ve bilgilerin kayna\u011f\u0131n\u0131 her mezhebin kendi sa\u011flam kaynaklar\u0131ndan g\u00f6stermeye \u00f6zellikle gayret ettik.<\/p>\n","protected":false},"excerpt":{"rendered":"<p>Konular i\u00e7erisinde Kelime-yi \u015fehadet, ef\u2019al-i m\u00fckellef\u00een, niyetin arka plan\u0131, abdest ve mestlerdeki ilke ve esaslar, namaz vakitleri, nafileler ile ilgili ilgin\u00e7 kaideler, mesbuk ile ilgili ilkeler,<span class=\"excerpt-hellip\"> [\u2026]<\/span><\/p>\n","protected":false},"featured_media":0,"template":"","meta":{"_monsterinsights_skip_tracking":false,"_monsterinsights_sitenote_active":false,"_monsterinsights_sitenote_note":"","_monsterinsights_sitenote_category":0},"product_brand":[],"product_cat":[16789,12718,12719],"product_tag":[],"class_list":{"0":"post-783608","1":"product","2":"type-product","3":"status-publish","5":"product_cat-diger-islam","6":"product_cat-din","7":"product_cat-islam","8":"pa_cilt-ciltsiz","9":"pa_tur-kitap","10":"pa_yayinevi-mgv-yayinlari","11":"pa_yazar-orhan-ceker","13":"first","14":"instock","15":"sale","16":"shipping-taxable","17":"purchasable","18":"product-type-simple"},"_links":{"self":[{"href":"https:\/\/roveyayinevi.com.tr\/index.php\/wp-json\/wp\/v2\/product\/783608","targetHints":{"allow":["GET"]}}],"collection":[{"href":"https:\/\/roveyayinevi.com.tr\/index.php\/wp-json\/wp\/v2\/product"}],"about":[{"href":"https:\/\/roveyayinevi.com.tr\/index.php\/wp-json\/wp\/v2\/types\/product"}],"wp:attachment":[{"href":"https:\/\/roveyayinevi.com.tr\/index.php\/wp-json\/wp\/v2\/media?parent=783608"}],"wp:term":[{"taxonomy":"product_brand","embeddable":true,"href":"https:\/\/roveyayinevi.com.tr\/index.php\/wp-json\/wp\/v2\/product_brand?post=783608"},{"taxonomy":"product_cat","embeddable":true,"href":"https:\/\/roveyayinevi.com.tr\/index.php\/wp-json\/wp\/v2\/product_cat?post=783608"},{"taxonomy":"product_tag","embeddable":true,"href":"https:\/\/roveyayinevi.com.tr\/index.php\/wp-json\/wp\/v2\/product_tag?post=783608"}],"curies":[{"name":"wp","href":"https:\/\/api.w.org\/{rel}","templated":true}]}}