{"id":783603,"date":"2026-02-26T23:32:51","date_gmt":"2026-02-26T20:32:51","guid":{"rendered":"https:\/\/roveyayinevi.com.tr\/index.php\/urun\/ailem-benim-her-seyim\/"},"modified":"2026-04-15T03:46:38","modified_gmt":"2026-04-15T00:46:38","slug":"ailem-benim-her-seyim","status":"publish","type":"product","link":"https:\/\/roveyayinevi.com.tr\/index.php\/urun\/ailem-benim-her-seyim\/","title":{"rendered":"Ailem Benim Her \u015eeyim"},"content":{"rendered":"<p>G\u00f6klerin merhamet dolu oldu\u011funa inan\u0131yorum. Biz ise nefsimizin beton \u00e7at\u0131s\u0131n\u0131 tepemize dikmi\u015f ya\u015famay\u0131 \u00f6\u011freniyoruz. Merhamet&#8230; Alem bu temel \u00fczerinde. E\u011fer topra\u011fa, tohuma hatta kire, lekeye merhamet olmasayd\u0131, su olur muydu? Rengi merhamet, sesi merhamet, p\u0131r\u0131lt\u0131l\u0131, \u015f\u0131r\u0131lt\u0131l\u0131 su. Ne duruyorsunuz? S\u00f6k\u00fcn sahte su borular\u0131n\u0131. Ev ev merhamet \u015febekesi kurun. Tepelerinizdeki \u00e7at\u0131lar\u0131 da y\u0131k\u0131n. G\u00f6klerle temasa ge\u00e7in. O zaman g\u00f6receksiniz ki ac\u0131 su borular\u0131ndan kendi kendine tatl\u0131 su akacak. Ve ba\u015flar \u00fcst\u00fcnde g\u00fcne\u015fe yol veren kubbeler y\u00fckselecek.- Necip Faz\u0131l K\u0131sak\u00fcrek<\/p>\n","protected":false},"excerpt":{"rendered":"<p>G\u00f6klerin merhamet dolu oldu\u011funa inan\u0131yorum. Biz ise nefsimizin beton \u00e7at\u0131s\u0131n\u0131 tepemize dikmi\u015f ya\u015famay\u0131 \u00f6\u011freniyoruz. Merhamet&#8230; Alem bu temel \u00fczerinde. E\u011fer topra\u011fa, tohuma hatta kire, lekeye merhamet<span class=\"excerpt-hellip\"> [\u2026]<\/span><\/p>\n","protected":false},"featured_media":0,"template":"","meta":{"_monsterinsights_skip_tracking":false,"_monsterinsights_sitenote_active":false,"_monsterinsights_sitenote_note":"","_monsterinsights_sitenote_category":0},"product_brand":[],"product_cat":[12358,12357],"product_tag":[],"class_list":{"0":"post-783603","1":"product","2":"type-product","3":"status-publish","5":"product_cat-genel-psikoloji","6":"product_cat-psikoloji","7":"pa_cilt-ciltsiz","8":"pa_tur-kitap","9":"pa_yayinevi-mgv-yayinlari","10":"pa_yazar-abdulaziz-yilmaz","12":"first","13":"instock","14":"sale","15":"shipping-taxable","16":"purchasable","17":"product-type-simple"},"_links":{"self":[{"href":"https:\/\/roveyayinevi.com.tr\/index.php\/wp-json\/wp\/v2\/product\/783603","targetHints":{"allow":["GET"]}}],"collection":[{"href":"https:\/\/roveyayinevi.com.tr\/index.php\/wp-json\/wp\/v2\/product"}],"about":[{"href":"https:\/\/roveyayinevi.com.tr\/index.php\/wp-json\/wp\/v2\/types\/product"}],"wp:attachment":[{"href":"https:\/\/roveyayinevi.com.tr\/index.php\/wp-json\/wp\/v2\/media?parent=783603"}],"wp:term":[{"taxonomy":"product_brand","embeddable":true,"href":"https:\/\/roveyayinevi.com.tr\/index.php\/wp-json\/wp\/v2\/product_brand?post=783603"},{"taxonomy":"product_cat","embeddable":true,"href":"https:\/\/roveyayinevi.com.tr\/index.php\/wp-json\/wp\/v2\/product_cat?post=783603"},{"taxonomy":"product_tag","embeddable":true,"href":"https:\/\/roveyayinevi.com.tr\/index.php\/wp-json\/wp\/v2\/product_tag?post=783603"}],"curies":[{"name":"wp","href":"https:\/\/api.w.org\/{rel}","templated":true}]}}