{"id":783602,"date":"2026-02-26T23:32:48","date_gmt":"2026-02-26T20:32:48","guid":{"rendered":"https:\/\/roveyayinevi.com.tr\/index.php\/urun\/ruhun-sevinci\/"},"modified":"2026-04-15T03:46:38","modified_gmt":"2026-04-15T00:46:38","slug":"ruhun-sevinci","status":"publish","type":"product","link":"https:\/\/roveyayinevi.com.tr\/index.php\/urun\/ruhun-sevinci\/","title":{"rendered":"Ruhun Sevinci"},"content":{"rendered":"<p>Ruhun Sevinci, insan\u0131n i\u00e7 d\u00fcnyas\u0131nda sessizce a\u00e7\u0131lan anlam alanlar\u0131na odaklanan derinlikli bird\u00fc\u015f\u00fcnce metnidir. Seyyid Kutub, bu eserde hayat\u0131n ak\u0131\u015f\u0131 i\u00e7inde \u00e7o\u011fu zaman fark edilmeden ge\u00e7enruh h\u00e2llerini, insani tecr\u00fcbeler \u00fczerinden ele al\u0131r. Hayat, \u00f6l\u00fcm, iyilik, sevgi ve sorumluluk gibitemel kavramlar, sade ve duru bir dil e\u015fli\u011finde d\u00fc\u015f\u00fcnceye konu edilir.Metin, insan\u0131n kendisiyle ve \u00e7evresiyle kurdu\u011fu ba\u011f\u0131 merkeze al\u0131r. Ruhun hangi davran\u0131\u015flarla g\u00fc\u00e7kazand\u0131\u011f\u0131, hangi tutumlarla derinle\u015fti\u011fi sezdirilir. Ba\u015fkalar\u0131 i\u00e7in ya\u015faman\u0131n, iyili\u011fe temas etmeninve fikr\u00ee payla\u015f\u0131m\u0131n insan\u0131n i\u00e7 d\u00fcnyas\u0131nda b\u0131rakt\u0131\u011f\u0131 izler, g\u00fcndelik hayat\u0131n i\u00e7inden \u00f6rneklerle eleal\u0131n\u0131r. Anlat\u0131m, dingin bir ritimle ilerler ve d\u00fc\u015f\u00fcnceyi zamana yayarak derinle\u015ftirir.Ruhun Sevinci, insan\u0131n i\u00e7 huzuru, hayat\u0131n de\u011feri ve iyili\u011fin ruh \u00fczerindeki etkisi etraf\u0131nda\u015fekillenen sorulara ilerler. Bu y\u00f6n\u00fcyle eser, insan\u0131n kendi i\u00e7 d\u00fcnyas\u0131n\u0131 anlamaya y\u00f6nelik sahici bird\u00fc\u015f\u00fcnce hatt\u0131 kurar.<\/p>\n","protected":false},"excerpt":{"rendered":"<p>Ruhun Sevinci, insan\u0131n i\u00e7 d\u00fcnyas\u0131nda sessizce a\u00e7\u0131lan anlam alanlar\u0131na odaklanan derinlikli bird\u00fc\u015f\u00fcnce metnidir. Seyyid Kutub, bu eserde hayat\u0131n ak\u0131\u015f\u0131 i\u00e7inde \u00e7o\u011fu zaman fark edilmeden ge\u00e7enruh h\u00e2llerini,<span class=\"excerpt-hellip\"> [\u2026]<\/span><\/p>\n","protected":false},"featured_media":0,"template":"","meta":{"_monsterinsights_skip_tracking":false,"_monsterinsights_sitenote_active":false,"_monsterinsights_sitenote_note":"","_monsterinsights_sitenote_category":0},"product_brand":[],"product_cat":[12718,12719,13025],"product_tag":[],"class_list":{"0":"post-783602","1":"product","2":"type-product","3":"status-publish","5":"product_cat-din","6":"product_cat-islam","7":"product_cat-islam-ve-gunumuz-islam-dusuncesi","8":"pa_cilt-ciltsiz","9":"pa_tur-kitap","10":"pa_yayinevi-vera-kitap-yayinlari","11":"pa_yazar-seyyid-kutub","13":"first","14":"instock","15":"sale","16":"shipping-taxable","17":"purchasable","18":"product-type-simple"},"_links":{"self":[{"href":"https:\/\/roveyayinevi.com.tr\/index.php\/wp-json\/wp\/v2\/product\/783602","targetHints":{"allow":["GET"]}}],"collection":[{"href":"https:\/\/roveyayinevi.com.tr\/index.php\/wp-json\/wp\/v2\/product"}],"about":[{"href":"https:\/\/roveyayinevi.com.tr\/index.php\/wp-json\/wp\/v2\/types\/product"}],"wp:attachment":[{"href":"https:\/\/roveyayinevi.com.tr\/index.php\/wp-json\/wp\/v2\/media?parent=783602"}],"wp:term":[{"taxonomy":"product_brand","embeddable":true,"href":"https:\/\/roveyayinevi.com.tr\/index.php\/wp-json\/wp\/v2\/product_brand?post=783602"},{"taxonomy":"product_cat","embeddable":true,"href":"https:\/\/roveyayinevi.com.tr\/index.php\/wp-json\/wp\/v2\/product_cat?post=783602"},{"taxonomy":"product_tag","embeddable":true,"href":"https:\/\/roveyayinevi.com.tr\/index.php\/wp-json\/wp\/v2\/product_tag?post=783602"}],"curies":[{"name":"wp","href":"https:\/\/api.w.org\/{rel}","templated":true}]}}