{"id":783601,"date":"2026-02-26T23:32:46","date_gmt":"2026-02-26T20:32:46","guid":{"rendered":"https:\/\/roveyayinevi.com.tr\/index.php\/urun\/klasik-edebiyat-bilgisi-bicim-olcu-kafiye\/"},"modified":"2026-04-15T03:46:38","modified_gmt":"2026-04-15T00:46:38","slug":"klasik-edebiyat-bilgisi-bicim-olcu-kafiye","status":"publish","type":"product","link":"https:\/\/roveyayinevi.com.tr\/index.php\/urun\/klasik-edebiyat-bilgisi-bicim-olcu-kafiye\/","title":{"rendered":"Klasik Edebiyat Bilgisi Bi\u00e7im &#8211; \u00d6l\u00e7\u00fc &#8211; Kafiye"},"content":{"rendered":"<p>Bel\u00e2gat, Kl\u00e2sik edebiyat\u0131m\u0131z\u0131n anla\u015f\u0131lmas\u0131 i\u00e7in gerekli edebiyat bilgisi ve teorisini konu edinmesi yan\u0131 s\u0131ra edebiyat metinlerinin de\u011ferlendirili\u015finde her d\u00f6nem i\u00e7in \u00f6nemini koruyan uygulanabilir ve yararlan\u0131labilir yakla\u015f\u0131mlar da bulunmaktad\u0131r. Bu eserde bel\u00e2gatin konular\u0131 yazar taraf\u0131ndan, anla\u015f\u0131l\u0131r bir dil ve \u00fcsl\u00fbpla anlat\u0131lmaya \u00e7al\u0131\u015f\u0131lm\u0131\u015f, konular g\u00fcn\u00fcm\u00fczden ge\u00e7mi\u015fe do\u011fru uzanan bir \u00e7izgide se\u00e7ilen \u00f6rneklerle a\u00e7\u0131klanm\u0131\u015ft\u0131r. Bel\u00e2gati, onu sadece edeb\u00ee sanatlar olarak g\u00f6rmeyen bir yakla\u015f\u0131m ile bir b\u00fct\u00fcn halinde ele al\u0131p sunan bu \u00e7al\u0131\u015fma, onun edebiyat tenkidi ve dilbilimi i\u00e7in ne ifade etti\u011fine dair de dikkatler bulundurmaktad\u0131r.<\/p>\n","protected":false},"excerpt":{"rendered":"<p>Bel\u00e2gat, Kl\u00e2sik edebiyat\u0131m\u0131z\u0131n anla\u015f\u0131lmas\u0131 i\u00e7in gerekli edebiyat bilgisi ve teorisini konu edinmesi yan\u0131 s\u0131ra edebiyat metinlerinin de\u011ferlendirili\u015finde her d\u00f6nem i\u00e7in \u00f6nemini koruyan uygulanabilir ve yararlan\u0131labilir yakla\u015f\u0131mlar<span class=\"excerpt-hellip\"> [\u2026]<\/span><\/p>\n","protected":false},"featured_media":0,"template":"","meta":{"_monsterinsights_skip_tracking":false,"_monsterinsights_sitenote_active":false,"_monsterinsights_sitenote_note":"","_monsterinsights_sitenote_category":0},"product_brand":[],"product_cat":[20225,12291],"product_tag":[],"class_list":{"0":"post-783601","1":"product","2":"type-product","3":"status-publish","5":"product_cat-dil-bilim","6":"product_cat-edebiyat","7":"pa_cilt-ciltsiz","8":"pa_tur-kitap","9":"pa_yayinevi-gokkubbe-yayinlari","10":"pa_yazar-m-ali-yekta-sarac","12":"first","13":"instock","14":"sale","15":"shipping-taxable","16":"purchasable","17":"product-type-simple"},"_links":{"self":[{"href":"https:\/\/roveyayinevi.com.tr\/index.php\/wp-json\/wp\/v2\/product\/783601","targetHints":{"allow":["GET"]}}],"collection":[{"href":"https:\/\/roveyayinevi.com.tr\/index.php\/wp-json\/wp\/v2\/product"}],"about":[{"href":"https:\/\/roveyayinevi.com.tr\/index.php\/wp-json\/wp\/v2\/types\/product"}],"wp:attachment":[{"href":"https:\/\/roveyayinevi.com.tr\/index.php\/wp-json\/wp\/v2\/media?parent=783601"}],"wp:term":[{"taxonomy":"product_brand","embeddable":true,"href":"https:\/\/roveyayinevi.com.tr\/index.php\/wp-json\/wp\/v2\/product_brand?post=783601"},{"taxonomy":"product_cat","embeddable":true,"href":"https:\/\/roveyayinevi.com.tr\/index.php\/wp-json\/wp\/v2\/product_cat?post=783601"},{"taxonomy":"product_tag","embeddable":true,"href":"https:\/\/roveyayinevi.com.tr\/index.php\/wp-json\/wp\/v2\/product_tag?post=783601"}],"curies":[{"name":"wp","href":"https:\/\/api.w.org\/{rel}","templated":true}]}}