{"id":783600,"date":"2026-02-26T23:32:44","date_gmt":"2026-02-26T20:32:44","guid":{"rendered":"https:\/\/roveyayinevi.com.tr\/index.php\/urun\/cocuklarla-kabul-ve-kararlilik-terapisi\/"},"modified":"2026-04-15T03:46:38","modified_gmt":"2026-04-15T00:46:38","slug":"cocuklarla-kabul-ve-kararlilik-terapisi","status":"publish","type":"product","link":"https:\/\/roveyayinevi.com.tr\/index.php\/urun\/cocuklarla-kabul-ve-kararlilik-terapisi\/","title":{"rendered":"\u00c7ocuklarla Kabul ve Kararl\u0131l\u0131k Terapisi"},"content":{"rendered":"<p>Eser, 5-12 ya\u015f aras\u0131 \u00e7ocuklar i\u00e7in \u00f6zel olarak tasarlanm\u0131\u015f bir terapi yakla\u015f\u0131m\u0131 sunmaktad\u0131r. Dr. Tamar D. Black, bu kapsaml\u0131 \u00e7al\u0131\u015fmas\u0131nda Kabul ve Kararl\u0131l\u0131k Terapisi\u2019ni (ACT) \u00e7ocuklar\u0131n geli\u015fimsel ihtiya\u00e7lar\u0131na uygun bir \u015fekilde uyarlayarak, onlar\u0131n duygusal esnekliklerini art\u0131rmay\u0131 ve zorlu duygularla ba\u015fa \u00e7\u0131kmalar\u0131n\u0131 sa\u011flamay\u0131 hedeflemektedir.Bu kitap, \u00e7ocuklarla bireysel terapi yapan psikologlar, dan\u0131\u015fmanlar ve di\u011fer ruh sa\u011fl\u0131\u011f\u0131 uzmanlar\u0131 i\u00e7in hem ba\u015flang\u0131\u00e7 d\u00fczeyinde hem de ileri seviyede pratik bilgiler ve stratejiler i\u00e7ermektedir. \u00c7ocuklar\u0131n g\u00fcnl\u00fck hayatta kolayl\u0131kla kullanabilece\u011fi aktiviteler, vaka \u00f6rnekleri, uygulamal\u0131 egzersizler ve ebeveynlerle i\u015f birli\u011fi y\u00f6ntemleriyle, terapi s\u00fcrecini zenginle\u015ftirmek i\u00e7in kapsaml\u0131 bir kaynak sunar.\u00c7ocuklarla Kabul ve Kararl\u0131l\u0131k Terapisi hem profesyoneller hem de ebeveynler i\u00e7in e\u015fsiz bir rehberdir.<\/p>\n","protected":false},"excerpt":{"rendered":"<p>Eser, 5-12 ya\u015f aras\u0131 \u00e7ocuklar i\u00e7in \u00f6zel olarak tasarlanm\u0131\u015f bir terapi yakla\u015f\u0131m\u0131 sunmaktad\u0131r. Dr. Tamar D. Black, bu kapsaml\u0131 \u00e7al\u0131\u015fmas\u0131nda Kabul ve Kararl\u0131l\u0131k Terapisi\u2019ni (ACT) \u00e7ocuklar\u0131n<span class=\"excerpt-hellip\"> [\u2026]<\/span><\/p>\n","protected":false},"featured_media":0,"template":"","meta":{"_monsterinsights_skip_tracking":false,"_monsterinsights_sitenote_active":false,"_monsterinsights_sitenote_note":"","_monsterinsights_sitenote_category":0},"product_brand":[],"product_cat":[12679,12357],"product_tag":[],"class_list":{"0":"post-783600","1":"product","2":"type-product","3":"status-publish","5":"product_cat-cocuk-psikolojisi","6":"product_cat-psikoloji","7":"pa_cilt-ciltsiz","8":"pa_tur-kitap","9":"pa_yayinevi-doludizgin-yayinevi","10":"pa_yazar-tamar-d-black","12":"first","13":"instock","14":"sale","15":"shipping-taxable","16":"purchasable","17":"product-type-simple"},"_links":{"self":[{"href":"https:\/\/roveyayinevi.com.tr\/index.php\/wp-json\/wp\/v2\/product\/783600","targetHints":{"allow":["GET"]}}],"collection":[{"href":"https:\/\/roveyayinevi.com.tr\/index.php\/wp-json\/wp\/v2\/product"}],"about":[{"href":"https:\/\/roveyayinevi.com.tr\/index.php\/wp-json\/wp\/v2\/types\/product"}],"wp:attachment":[{"href":"https:\/\/roveyayinevi.com.tr\/index.php\/wp-json\/wp\/v2\/media?parent=783600"}],"wp:term":[{"taxonomy":"product_brand","embeddable":true,"href":"https:\/\/roveyayinevi.com.tr\/index.php\/wp-json\/wp\/v2\/product_brand?post=783600"},{"taxonomy":"product_cat","embeddable":true,"href":"https:\/\/roveyayinevi.com.tr\/index.php\/wp-json\/wp\/v2\/product_cat?post=783600"},{"taxonomy":"product_tag","embeddable":true,"href":"https:\/\/roveyayinevi.com.tr\/index.php\/wp-json\/wp\/v2\/product_tag?post=783600"}],"curies":[{"name":"wp","href":"https:\/\/api.w.org\/{rel}","templated":true}]}}