{"id":783599,"date":"2026-02-26T23:32:42","date_gmt":"2026-02-26T20:32:42","guid":{"rendered":"https:\/\/roveyayinevi.com.tr\/index.php\/urun\/hint-dinlerine-giris\/"},"modified":"2026-04-15T03:46:38","modified_gmt":"2026-04-15T00:46:38","slug":"hint-dinlerine-giris","status":"publish","type":"product","link":"https:\/\/roveyayinevi.com.tr\/index.php\/urun\/hint-dinlerine-giris\/","title":{"rendered":"Hint Dinlerine Giri\u015f"},"content":{"rendered":"<p>Hindistan d\u00fcnyan\u0131n en eski (m\u00f6. 2000\/4000) medeniyet havzalar\u0131ndan biri; Orta \u00c7a\u011f boyunca, iki \u00f6nemli ticaret yolundan birinin; Baharat Yolu\u2019nun ve co\u011frafi ke\u015fiflerin hedefi olan b\u00f6lgedir. Hellenizm ve M\u00fcsl\u00fcmanlar vas\u0131tas\u0131yla din, matematik, astronomi, t\u0131p gibi alanlarda insanl\u0131k tarihine \u00f6nemli katk\u0131larda bulunmu\u015ftur. Huntington\u2019a g\u00f6re, gelecekte yeniden eski ihti\u015fam\u0131na kavu\u015fmas\u0131n\u0131n muhtemel oldu\u011fu birka\u00e7 medeniyetten (\u0130slam, \u00c7in) biridir. Bug\u00fcn bir milyar d\u00f6rt y\u00fcz milyona yak\u0131n n\u00fcfusuyla \u00c7in\u2019den sonra d\u00fcnyan\u0131n en b\u00fcy\u00fck ikinci \u00fclkesidir. Bu co\u011frafya, birincisi d\u00fcnyan\u0131n ya\u015fayan en eski din\/lerinden biri olan d\u00f6rt dinin ortaya \u00e7\u0131kt\u0131\u011f\u0131 yerdir: Hinduizm, Cayinizm, Budizm ve Sihizm. Bunlardan Hinduizm inananlar\u0131n\u0131n say\u0131s\u0131 bak\u0131m\u0131ndan d\u00fcnyada \u00fc\u00e7\u00fcnc\u00fc, Budizm ise d\u00f6rd\u00fcnc\u00fc s\u0131rada yer al\u0131r. Hint k\u00f6kenli dinler, on dokuzuncu y\u00fczy\u0131ldan itibaren m\u00fcnhas\u0131ran do\u011fu dinleri olmaktan \u00e7\u0131kmaya ba\u015flam\u0131\u015f ve k\u00fcreselle\u015fmenin bir sonucu olarak da \u00f6zellikle Hinduizm, Budizm ve daha az oranda olsa da Sihizm d\u00fcnya dinleri haline gelmi\u015ftir. Bu dinler, modernitenin meydan okumalar\u0131 kar\u015f\u0131s\u0131nda hem i\u00e7e kapanma yoluyla hem de yeni dini hareketler ortaya \u00e7\u0131kararak varl\u0131klar\u0131n\u0131 muhafaza etmektedir. \u00dclkemizde ge\u00e7 ba\u015flam\u0131\u015f olmakla birlikte, Hint dinleriyle alakal\u0131 \u00e7al\u0131\u015fmalar hem \u0130lahiyat Fak\u00fclteleri hem de Hindoloji b\u00f6l\u00fcmlerinin ortaya koyduklar\u0131yla, nitelik ve nicelik bak\u0131m\u0131ndan gittik\u00e7e artmaktad\u0131r. Bu arada hi\u00e7bir \u00e7al\u0131\u015fma d\u00f6rt\/alt\u0131 bin y\u0131ll\u0131k bir ge\u00e7mi\u015fi olan bu dinleri t\u00fcketme gibi bir iddiaya sahip olamayaca\u011f\u0131na g\u00f6re, bu konuda yap\u0131lacak her \u00e7al\u0131\u015fma, onlar\u0131n anla\u015f\u0131lmas\u0131 hususunda ilgili literat\u00fcre bir katk\u0131 sa\u011flayacakt\u0131r. Elinizdeki \u00e7al\u0131\u015fman\u0131n hedefi de b\u00f6yle bir katk\u0131d\u0131r. Bunu da, s\u00f6z konusu dinlerin her birinin tarihini, kurucusunu, inan\u00e7lar\u0131n\u0131, ibadetlerini, dinin yans\u0131d\u0131\u011f\u0131 g\u00fcndelik hayat\u0131, dini gruplar\u0131n\u0131 ve di\u011fer dinlere y\u00f6nelik bak\u0131\u015flar\u0131n\u0131 ele alarak yapmaya \u00e7al\u0131\u015fmaktad\u0131r.<\/p>\n","protected":false},"excerpt":{"rendered":"<p>Hindistan d\u00fcnyan\u0131n en eski (m\u00f6. 2000\/4000) medeniyet havzalar\u0131ndan biri; Orta \u00c7a\u011f boyunca, iki \u00f6nemli ticaret yolundan birinin; Baharat Yolu\u2019nun ve co\u011frafi ke\u015fiflerin hedefi olan b\u00f6lgedir. Hellenizm<span class=\"excerpt-hellip\"> [\u2026]<\/span><\/p>\n","protected":false},"featured_media":0,"template":"","meta":{"_monsterinsights_skip_tracking":false,"_monsterinsights_sitenote_active":false,"_monsterinsights_sitenote_note":"","_monsterinsights_sitenote_category":0},"product_brand":[],"product_cat":[16382,12718],"product_tag":[],"class_list":{"0":"post-783599","1":"product","2":"type-product","3":"status-publish","5":"product_cat-diger-inanclar","6":"product_cat-din","7":"pa_cilt-ciltsiz","8":"pa_tur-kitap","9":"pa_yayinevi-eski-yeni-yayinlari","10":"pa_yazar-fuat-aydin","12":"first","13":"instock","14":"sale","15":"shipping-taxable","16":"purchasable","17":"product-type-simple"},"_links":{"self":[{"href":"https:\/\/roveyayinevi.com.tr\/index.php\/wp-json\/wp\/v2\/product\/783599","targetHints":{"allow":["GET"]}}],"collection":[{"href":"https:\/\/roveyayinevi.com.tr\/index.php\/wp-json\/wp\/v2\/product"}],"about":[{"href":"https:\/\/roveyayinevi.com.tr\/index.php\/wp-json\/wp\/v2\/types\/product"}],"wp:attachment":[{"href":"https:\/\/roveyayinevi.com.tr\/index.php\/wp-json\/wp\/v2\/media?parent=783599"}],"wp:term":[{"taxonomy":"product_brand","embeddable":true,"href":"https:\/\/roveyayinevi.com.tr\/index.php\/wp-json\/wp\/v2\/product_brand?post=783599"},{"taxonomy":"product_cat","embeddable":true,"href":"https:\/\/roveyayinevi.com.tr\/index.php\/wp-json\/wp\/v2\/product_cat?post=783599"},{"taxonomy":"product_tag","embeddable":true,"href":"https:\/\/roveyayinevi.com.tr\/index.php\/wp-json\/wp\/v2\/product_tag?post=783599"}],"curies":[{"name":"wp","href":"https:\/\/api.w.org\/{rel}","templated":true}]}}