{"id":783597,"date":"2026-02-26T23:32:37","date_gmt":"2026-02-26T20:32:37","guid":{"rendered":"https:\/\/roveyayinevi.com.tr\/index.php\/urun\/ahir-zaman-hadisleri-buyuk-boy\/"},"modified":"2026-04-15T03:46:38","modified_gmt":"2026-04-15T00:46:38","slug":"ahir-zaman-hadisleri-buyuk-boy","status":"publish","type":"product","link":"https:\/\/roveyayinevi.com.tr\/index.php\/urun\/ahir-zaman-hadisleri-buyuk-boy\/","title":{"rendered":"Ahir Zaman Hadisleri (B\u00fcy\u00fck Boy)"},"content":{"rendered":"<p>Bu kit\u00e2bda; Eb\u00fb D\u00e2vud&#8217;un, Kit\u00e2b\u00fc&#8217;l-Fiten (Fitneler Kit\u00e2b\u0131), Kit\u00e2b\u00fc&#8217;l-Mehd\u00ee (Mehd\u00ee Kit\u00e2b\u0131) ve Kit\u00e2b\u00fc&#8217;l-Mel\u00e2him (Meyd\u00e2na Gelecek B\u00fcy\u00fck Olaylar ve Sava\u015flar Kit\u00e2b\u0131) adl\u0131 kit\u00e2blar\u0131 &#8220;Ahir Zaman Hadisleri&#8221; ismi ile toparlanm\u0131\u015ft\u0131r.Peyg\u00e2mber-i Z\u00ee\u015f\u00e2n Efendimiz sallallahu aleyhi ve sellem, d\u00fcny\u00e2 hay\u00e2t\u0131n\u0131n sonu olmas\u0131 hasebiyle \u00e2hir zam\u00e2nda ya\u015fanacak -veya ya\u015fanan- deh\u015fet verici olaylar\u0131 haber vermi\u015f, fitnenin ve zulm\u00fcn her taraf\u0131 sard\u0131\u011f\u0131, ki\u015finin m\u00fc&#8217;m\u00een olarak sabahlay\u0131p k\u00e2fir olarak ak\u015fama girece\u011fi o g\u00fcnlere M\u00fcsl\u00fcm\u00e2nlar\u0131 \u00eek\u00e2zlar\u0131 ve tavsiyeleriyle haz\u0131rlamay\u0131 ve d\u00eenlerini muh\u00e2faza etmeyi mur\u00e2d etmi\u015ftir.Bu kit\u00e2bda; Mehd\u00ee aleyhissel\u00e2m&#8217;\u0131n, \u00ces\u00e2 aleyhissel\u00e2m&#8217;\u0131n, Decc\u00e2l&#8217;in, Ye&#8217;c\u00fcc ve Me&#8217;c\u00fcc&#8217;\u00fcn \u00e7\u0131k\u0131\u015flar\u0131 gibi bir \u00e7ok mevz\u00fbyu S\u00fcnen-i Eb\u00fb D\u00e2vud&#8217;daki 110 had\u00ees-i \u015fer\u00eef ve di\u011fer had\u00ees kit\u00e2blar\u0131ndaki riv\u00e2yetler etraf\u0131nda \u00e2limlerin g\u00f6r\u00fc\u015flerini ve kan\u00e2atlerini ehl-i s\u00fcnnet \u0131\u015f\u0131\u011f\u0131nda inceleyebileceksiniz.<\/p>\n","protected":false},"excerpt":{"rendered":"<p>Bu kit\u00e2bda; Eb\u00fb D\u00e2vud&#8217;un, Kit\u00e2b\u00fc&#8217;l-Fiten (Fitneler Kit\u00e2b\u0131), Kit\u00e2b\u00fc&#8217;l-Mehd\u00ee (Mehd\u00ee Kit\u00e2b\u0131) ve Kit\u00e2b\u00fc&#8217;l-Mel\u00e2him (Meyd\u00e2na Gelecek B\u00fcy\u00fck Olaylar ve Sava\u015flar Kit\u00e2b\u0131) adl\u0131 kit\u00e2blar\u0131 &#8220;Ahir Zaman Hadisleri&#8221; ismi ile<span class=\"excerpt-hellip\"> [\u2026]<\/span><\/p>\n","protected":false},"featured_media":0,"template":"","meta":{"_monsterinsights_skip_tracking":false,"_monsterinsights_sitenote_active":false,"_monsterinsights_sitenote_note":"","_monsterinsights_sitenote_category":0},"product_brand":[],"product_cat":[12718,12719,45552],"product_tag":[],"class_list":{"0":"post-783597","1":"product","2":"type-product","3":"status-publish","5":"product_cat-din","6":"product_cat-islam","7":"product_cat-meal-tefsir-hadis","8":"pa_cilt-ciltsiz","9":"pa_tur-kitap","10":"pa_yayinevi-samil-yayinevi","11":"pa_yazar-ebu-davud-suleyman-b-esas-es-sicistani","13":"first","14":"instock","15":"sale","16":"shipping-taxable","17":"purchasable","18":"product-type-simple"},"_links":{"self":[{"href":"https:\/\/roveyayinevi.com.tr\/index.php\/wp-json\/wp\/v2\/product\/783597","targetHints":{"allow":["GET"]}}],"collection":[{"href":"https:\/\/roveyayinevi.com.tr\/index.php\/wp-json\/wp\/v2\/product"}],"about":[{"href":"https:\/\/roveyayinevi.com.tr\/index.php\/wp-json\/wp\/v2\/types\/product"}],"wp:attachment":[{"href":"https:\/\/roveyayinevi.com.tr\/index.php\/wp-json\/wp\/v2\/media?parent=783597"}],"wp:term":[{"taxonomy":"product_brand","embeddable":true,"href":"https:\/\/roveyayinevi.com.tr\/index.php\/wp-json\/wp\/v2\/product_brand?post=783597"},{"taxonomy":"product_cat","embeddable":true,"href":"https:\/\/roveyayinevi.com.tr\/index.php\/wp-json\/wp\/v2\/product_cat?post=783597"},{"taxonomy":"product_tag","embeddable":true,"href":"https:\/\/roveyayinevi.com.tr\/index.php\/wp-json\/wp\/v2\/product_tag?post=783597"}],"curies":[{"name":"wp","href":"https:\/\/api.w.org\/{rel}","templated":true}]}}