{"id":783596,"date":"2026-02-26T23:32:35","date_gmt":"2026-02-26T20:32:35","guid":{"rendered":"https:\/\/roveyayinevi.com.tr\/index.php\/urun\/kimlik-insasi\/"},"modified":"2026-04-15T03:46:38","modified_gmt":"2026-04-15T00:46:38","slug":"kimlik-insasi","status":"publish","type":"product","link":"https:\/\/roveyayinevi.com.tr\/index.php\/urun\/kimlik-insasi\/","title":{"rendered":"Kimlik \u0130n\u015fas\u0131"},"content":{"rendered":"<p>Kimlik, kim oldu\u011funa karar vermektir&#8230;Kimlik, ki\u015finin var olu\u015funun ifadesidir. Kendini nas\u0131l g\u00f6rd\u00fc\u011f\u00fcn\u00fc tan\u0131mlamas\u0131d\u0131r. Bireyin kendi farkl\u0131l\u0131\u011f\u0131n\u0131 ortaya koymas\u0131d\u0131r. Kimlik b\u00fct\u00fcn \u015fartlarda sahip olunan niteliklerin toplam\u0131d\u0131r. Bir ki\u015fi ya da toplumu kendisi yapan ve di\u011ferlerinden ay\u0131ran niteliklerin tamam\u0131d\u0131r. Yani kimlik beni ben yapan de\u011ferlerin toplam\u0131d\u0131r. Kimlik ayn\u0131 zamanda ki\u015finin resmidir. Toplum i\u00e7indeki adresidir. Kimlik kavram\u0131 bir de\u011ferler manzumesidir. Bir kimseye, kimliksiz demek, de\u011ferlerden yoksun, adeta i\u00e7i bo\u015f bir nesne anlam\u0131na gelir..Kimlik ta\u015f\u0131yana \u00f6zg\u00fcnl\u00fck ve \u00f6znelik kazand\u0131r\u0131r..\u0130slami kimlik kuru bir iddia olmaktan \u00f6te ku\u015fat\u0131c\u0131 bir program ve hayat\u0131 \u0130slamile\u015ftirmeye y\u00f6nelik bir \u00e7\u0131k\u0131\u015ft\u0131r.<\/p>\n","protected":false},"excerpt":{"rendered":"<p>Kimlik, kim oldu\u011funa karar vermektir&#8230;Kimlik, ki\u015finin var olu\u015funun ifadesidir. Kendini nas\u0131l g\u00f6rd\u00fc\u011f\u00fcn\u00fc tan\u0131mlamas\u0131d\u0131r. Bireyin kendi farkl\u0131l\u0131\u011f\u0131n\u0131 ortaya koymas\u0131d\u0131r. Kimlik b\u00fct\u00fcn \u015fartlarda sahip olunan niteliklerin toplam\u0131d\u0131r. Bir<span class=\"excerpt-hellip\"> [\u2026]<\/span><\/p>\n","protected":false},"featured_media":0,"template":"","meta":{"_monsterinsights_skip_tracking":false,"_monsterinsights_sitenote_active":false,"_monsterinsights_sitenote_note":"","_monsterinsights_sitenote_category":0},"product_brand":[],"product_cat":[16789,12718,12719],"product_tag":[],"class_list":{"0":"post-783596","1":"product","2":"type-product","3":"status-publish","5":"product_cat-diger-islam","6":"product_cat-din","7":"product_cat-islam","8":"pa_cilt-ciltsiz","9":"pa_tur-kitap","10":"pa_yayinevi-sahra-kitap","11":"pa_yazar-ramazan-kayan","13":"first","14":"instock","15":"sale","16":"shipping-taxable","17":"purchasable","18":"product-type-simple"},"_links":{"self":[{"href":"https:\/\/roveyayinevi.com.tr\/index.php\/wp-json\/wp\/v2\/product\/783596","targetHints":{"allow":["GET"]}}],"collection":[{"href":"https:\/\/roveyayinevi.com.tr\/index.php\/wp-json\/wp\/v2\/product"}],"about":[{"href":"https:\/\/roveyayinevi.com.tr\/index.php\/wp-json\/wp\/v2\/types\/product"}],"wp:attachment":[{"href":"https:\/\/roveyayinevi.com.tr\/index.php\/wp-json\/wp\/v2\/media?parent=783596"}],"wp:term":[{"taxonomy":"product_brand","embeddable":true,"href":"https:\/\/roveyayinevi.com.tr\/index.php\/wp-json\/wp\/v2\/product_brand?post=783596"},{"taxonomy":"product_cat","embeddable":true,"href":"https:\/\/roveyayinevi.com.tr\/index.php\/wp-json\/wp\/v2\/product_cat?post=783596"},{"taxonomy":"product_tag","embeddable":true,"href":"https:\/\/roveyayinevi.com.tr\/index.php\/wp-json\/wp\/v2\/product_tag?post=783596"}],"curies":[{"name":"wp","href":"https:\/\/api.w.org\/{rel}","templated":true}]}}