{"id":783592,"date":"2026-02-26T23:31:47","date_gmt":"2026-02-26T20:31:47","guid":{"rendered":"https:\/\/roveyayinevi.com.tr\/index.php\/urun\/beni-aya-gotur-cilt-4\/"},"modified":"2026-04-15T03:45:35","modified_gmt":"2026-04-15T00:45:35","slug":"beni-aya-gotur-cilt-4","status":"publish","type":"product","link":"https:\/\/roveyayinevi.com.tr\/index.php\/urun\/beni-aya-gotur-cilt-4\/","title":{"rendered":"Beni Ay\u2019a G\u00f6t\u00fcr Cilt 4"},"content":{"rendered":"<p>BALAYINDAN SONRA TOKYO\u2019DAK\u0130 EVLER\u0130NE D\u00d6NEN NASA VE TSUKASA \u00c7\u0130FT\u0130 BEKLENMED\u0130K B\u0130R OLAYLA KAR\u015eILA\u015eIYOR! Yine de ikilinin evlilik hayat\u0131 daha yeni ba\u015fl\u0131yor say\u0131l\u0131r! \u00dcstelik birlikte ya\u015famaya ba\u015flad\u0131klar\u0131 g\u00fcnden beri bilmedikleri bir s\u00fcr\u00fc \u015fey \u00f6\u011freniyorlar! Evli \u00e7iftimizin ilkleri tatt\u0131\u011f\u0131, a\u015fk dolu d\u00f6rd\u00fcnc\u00fc cilt kar\u015f\u0131n\u0131zda!<\/p>\n","protected":false},"excerpt":{"rendered":"<p>BALAYINDAN SONRA TOKYO\u2019DAK\u0130 EVLER\u0130NE D\u00d6NEN NASA VE TSUKASA \u00c7\u0130FT\u0130 BEKLENMED\u0130K B\u0130R OLAYLA KAR\u015eILA\u015eIYOR! Yine de ikilinin evlilik hayat\u0131 daha yeni ba\u015fl\u0131yor say\u0131l\u0131r! \u00dcstelik birlikte ya\u015famaya ba\u015flad\u0131klar\u0131<span class=\"excerpt-hellip\"> [\u2026]<\/span><\/p>\n","protected":false},"featured_media":0,"template":"","meta":{"_monsterinsights_skip_tracking":false,"_monsterinsights_sitenote_active":false,"_monsterinsights_sitenote_note":"","_monsterinsights_sitenote_category":0},"product_brand":[],"product_cat":[12416,12291],"product_tag":[],"class_list":{"0":"post-783592","1":"product","2":"type-product","3":"status-publish","5":"product_cat-cizgi-roman","6":"product_cat-edebiyat","7":"pa_cilt-ciltsiz","8":"pa_tur-kitap","9":"pa_yayinevi-kayip-kita-yayinlari","10":"pa_yazar-kenjiro-hata","12":"first","13":"instock","14":"sale","15":"shipping-taxable","16":"purchasable","17":"product-type-simple"},"_links":{"self":[{"href":"https:\/\/roveyayinevi.com.tr\/index.php\/wp-json\/wp\/v2\/product\/783592","targetHints":{"allow":["GET"]}}],"collection":[{"href":"https:\/\/roveyayinevi.com.tr\/index.php\/wp-json\/wp\/v2\/product"}],"about":[{"href":"https:\/\/roveyayinevi.com.tr\/index.php\/wp-json\/wp\/v2\/types\/product"}],"wp:attachment":[{"href":"https:\/\/roveyayinevi.com.tr\/index.php\/wp-json\/wp\/v2\/media?parent=783592"}],"wp:term":[{"taxonomy":"product_brand","embeddable":true,"href":"https:\/\/roveyayinevi.com.tr\/index.php\/wp-json\/wp\/v2\/product_brand?post=783592"},{"taxonomy":"product_cat","embeddable":true,"href":"https:\/\/roveyayinevi.com.tr\/index.php\/wp-json\/wp\/v2\/product_cat?post=783592"},{"taxonomy":"product_tag","embeddable":true,"href":"https:\/\/roveyayinevi.com.tr\/index.php\/wp-json\/wp\/v2\/product_tag?post=783592"}],"curies":[{"name":"wp","href":"https:\/\/api.w.org\/{rel}","templated":true}]}}