{"id":783591,"date":"2026-02-26T23:30:17","date_gmt":"2026-02-26T20:30:17","guid":{"rendered":"https:\/\/roveyayinevi.com.tr\/index.php\/urun\/iskelet-ejderin-kucuk-kizi-cilt-2\/"},"modified":"2026-04-15T03:44:54","modified_gmt":"2026-04-15T00:44:54","slug":"iskelet-ejderin-kucuk-kizi-cilt-2","status":"publish","type":"product","link":"https:\/\/roveyayinevi.com.tr\/index.php\/urun\/iskelet-ejderin-kucuk-kizi-cilt-2\/","title":{"rendered":"\u0130skelet Ejderin K\u00fc\u00e7\u00fck K\u0131z\u0131 Cilt 2"},"content":{"rendered":"<p>Nemu, \u00fcvey k\u0131z\u0131n\u0131n ruhunu \u00e7a\u011f\u0131rmas\u0131n\u0131n ard\u0131ndan onun b\u00fcy\u00fc yeteneklerini geli\u015ftirebilmesi i\u00e7in elinden gelen her \u015feyi yap\u0131yor. Yeni kurduklar\u0131 dan\u0131\u015fmanl\u0131k ofisi \u00e7ok reva\u00e7ta, b\u00f6lgenin her yan\u0131ndan Eve\u2019e yard\u0131m talepleri ya\u011f\u0131yor. Di\u011fer yandan Nemu ve Eve, duyduklar\u0131 bir dedikodunun pe\u015fine d\u00fc\u015ferek c\u00fccelerin kasabas\u0131na gidiyor!<\/p>\n","protected":false},"excerpt":{"rendered":"<p>Nemu, \u00fcvey k\u0131z\u0131n\u0131n ruhunu \u00e7a\u011f\u0131rmas\u0131n\u0131n ard\u0131ndan onun b\u00fcy\u00fc yeteneklerini geli\u015ftirebilmesi i\u00e7in elinden gelen her \u015feyi yap\u0131yor. Yeni kurduklar\u0131 dan\u0131\u015fmanl\u0131k ofisi \u00e7ok reva\u00e7ta, b\u00f6lgenin her yan\u0131ndan Eve\u2019e<span class=\"excerpt-hellip\"> [\u2026]<\/span><\/p>\n","protected":false},"featured_media":0,"template":"","meta":{"_monsterinsights_skip_tracking":false,"_monsterinsights_sitenote_active":false,"_monsterinsights_sitenote_note":"","_monsterinsights_sitenote_category":0},"product_brand":[],"product_cat":[12416,12291],"product_tag":[],"class_list":{"0":"post-783591","1":"product","2":"type-product","3":"status-publish","5":"product_cat-cizgi-roman","6":"product_cat-edebiyat","7":"pa_cilt-ciltsiz","8":"pa_tur-kitap","9":"pa_yayinevi-kayip-kita-yayinlari","10":"pa_yazar-ichi-yushikiro","12":"first","13":"instock","14":"sale","15":"shipping-taxable","16":"purchasable","17":"product-type-simple"},"_links":{"self":[{"href":"https:\/\/roveyayinevi.com.tr\/index.php\/wp-json\/wp\/v2\/product\/783591","targetHints":{"allow":["GET"]}}],"collection":[{"href":"https:\/\/roveyayinevi.com.tr\/index.php\/wp-json\/wp\/v2\/product"}],"about":[{"href":"https:\/\/roveyayinevi.com.tr\/index.php\/wp-json\/wp\/v2\/types\/product"}],"wp:attachment":[{"href":"https:\/\/roveyayinevi.com.tr\/index.php\/wp-json\/wp\/v2\/media?parent=783591"}],"wp:term":[{"taxonomy":"product_brand","embeddable":true,"href":"https:\/\/roveyayinevi.com.tr\/index.php\/wp-json\/wp\/v2\/product_brand?post=783591"},{"taxonomy":"product_cat","embeddable":true,"href":"https:\/\/roveyayinevi.com.tr\/index.php\/wp-json\/wp\/v2\/product_cat?post=783591"},{"taxonomy":"product_tag","embeddable":true,"href":"https:\/\/roveyayinevi.com.tr\/index.php\/wp-json\/wp\/v2\/product_tag?post=783591"}],"curies":[{"name":"wp","href":"https:\/\/api.w.org\/{rel}","templated":true}]}}