{"id":783588,"date":"2026-02-26T23:27:34","date_gmt":"2026-02-26T20:27:34","guid":{"rendered":"https:\/\/roveyayinevi.com.tr\/index.php\/urun\/hukumran-3\/"},"modified":"2026-04-08T03:40:06","modified_gmt":"2026-04-08T00:40:06","slug":"hukumran-3","status":"publish","type":"product","link":"https:\/\/roveyayinevi.com.tr\/index.php\/urun\/hukumran-3\/","title":{"rendered":"H\u00fck\u00fcmran 3"},"content":{"rendered":"<p>Berz\u00e2h gitti.  Ama h\u00e2l\u00e2 kar\u015f\u0131mda sanki&#8230; G\u00f6zlerimin i\u00e7ine nefretle bak\u0131yor ve g\u00f6\u011fs\u00fcme  saplad\u0131\u011f\u0131 b\u0131\u00e7a\u011f\u0131 ac\u0131mas\u0131zca \u00e7evirip duruyor.  Ne dur diyebiliyorum  ne de elimi kald\u0131r\u0131p  onu durdurabiliyorum.  Art\u0131k hi\u00e7bir h\u00fckm\u00fc yok. Y\u00fcr\u00fcd\u00fc\u011f\u00fcm\u00fcz yolun sonu, u\u00e7urumla bitti.   Yine bir 12 Kas\u0131m gecesi, ard\u0131nda bir k\u0131yamet b\u0131rakarak ortadan kaybolan Berz\u00e2h, bu defa \u00e7ok daha b\u00fcy\u00fck bir tehlikenin i\u00e7inde bulur kendini.    Pe\u015finde olduklar\u0131 ger\u00e7ekleri yaln\u0131zca o biliyordur art\u0131k: Ge\u00e7mi\u015fin yalanlar\u0131n\u0131, i\u00e7 i\u00e7e ge\u00e7mi\u015f tuzaklar\u0131 kuran\u0131, Sava\u015f\u2019\u0131n geride b\u0131rakt\u0131\u011f\u0131 mektubun s\u0131rr\u0131n\u0131 ve hayatlar\u0131n\u0131 tehdit eden esas d\u00fc\u015fmanlar\u0131n\u0131n ad\u0131n\u0131\u2026    Ger\u00e7ekler ortaya d\u00f6k\u00fclemeyecek kadar ac\u0131 verici, bir daha Aybars\u2019la yan yana gelmek istemeyece\u011fi kadar da kirlidir fakat \u00f6n\u00fcnde uzanan yeni yol, onu bir se\u00e7im yapmaya mecbur b\u0131rakacakt\u0131r.   Ya Lorenzo Martini\u2019nin dostlu\u011funu kabul edip bamba\u015fka bir hayata ad\u0131m atacak ya da Aybars\u2019a ger\u00e7ekleri anlat\u0131p herkesin kaderini alt\u00fcst edecektir.     Bir zaman sonra yollar\u0131 yeniden birbirine \u00e7\u0131kan Berz\u00e2h ve Aybars, yan yana de\u011fil kar\u015f\u0131 kar\u015f\u0131ya olduklar\u0131 bir sava\u015f\u0131n i\u00e7ine d\u00fc\u015ft\u00fcklerinde, a\u015fkla d\u00fc\u015fmanl\u0131k aras\u0131ndaki o ince \u00e7izgide kaybedeceklerdir kendilerini.    En \u00e7ok da kalplerini\u2026      \u201cHep olmak istedi\u011fin gibi \u00f6zg\u00fcrs\u00fcn,\u201d dedim a\u011flad\u0131\u011f\u0131m\u0131n fark\u0131nda olmadan.  \u201cD\u0131\u015far\u0131da olmasa da i\u00e7imde  bir mezar\u0131n var art\u0131k.\u201d  <\/p>\n","protected":false},"excerpt":{"rendered":"<p>Berz\u00e2h gitti. Ama h\u00e2l\u00e2 kar\u015f\u0131mda sanki&#8230; G\u00f6zlerimin i\u00e7ine nefretle bak\u0131yor ve g\u00f6\u011fs\u00fcme saplad\u0131\u011f\u0131 b\u0131\u00e7a\u011f\u0131 ac\u0131mas\u0131zca \u00e7evirip duruyor. Ne dur diyebiliyorum ne de elimi kald\u0131r\u0131p onu durdurabiliyorum.<span class=\"excerpt-hellip\"> [\u2026]<\/span><\/p>\n","protected":false},"featured_media":0,"template":"","meta":{"_monsterinsights_skip_tracking":false,"_monsterinsights_sitenote_active":false,"_monsterinsights_sitenote_note":"","_monsterinsights_sitenote_category":0},"product_brand":[],"product_cat":[12291,12711],"product_tag":[],"class_list":{"0":"post-783588","1":"product","2":"type-product","3":"status-publish","5":"product_cat-edebiyat","6":"product_cat-roman-oyku","7":"pa_cilt-ciltsiz","8":"pa_tur-kitap","9":"pa_yayinevi-indigo-kitap","10":"pa_yazar-sumeyye-koc","12":"first","13":"instock","14":"sale","15":"shipping-taxable","16":"purchasable","17":"product-type-simple"},"_links":{"self":[{"href":"https:\/\/roveyayinevi.com.tr\/index.php\/wp-json\/wp\/v2\/product\/783588","targetHints":{"allow":["GET"]}}],"collection":[{"href":"https:\/\/roveyayinevi.com.tr\/index.php\/wp-json\/wp\/v2\/product"}],"about":[{"href":"https:\/\/roveyayinevi.com.tr\/index.php\/wp-json\/wp\/v2\/types\/product"}],"wp:attachment":[{"href":"https:\/\/roveyayinevi.com.tr\/index.php\/wp-json\/wp\/v2\/media?parent=783588"}],"wp:term":[{"taxonomy":"product_brand","embeddable":true,"href":"https:\/\/roveyayinevi.com.tr\/index.php\/wp-json\/wp\/v2\/product_brand?post=783588"},{"taxonomy":"product_cat","embeddable":true,"href":"https:\/\/roveyayinevi.com.tr\/index.php\/wp-json\/wp\/v2\/product_cat?post=783588"},{"taxonomy":"product_tag","embeddable":true,"href":"https:\/\/roveyayinevi.com.tr\/index.php\/wp-json\/wp\/v2\/product_tag?post=783588"}],"curies":[{"name":"wp","href":"https:\/\/api.w.org\/{rel}","templated":true}]}}