{"id":783585,"date":"2026-02-26T23:24:06","date_gmt":"2026-02-26T20:24:06","guid":{"rendered":"https:\/\/roveyayinevi.com.tr\/index.php\/urun\/filistinin-yahudilestirilmesi-toprak-satisi-mi-gasp-mitarihin-gercek-yuzu-11\/"},"modified":"2026-04-15T03:38:49","modified_gmt":"2026-04-15T00:38:49","slug":"filistinin-yahudilestirilmesi-toprak-satisi-mi-gasp-mitarihin-gercek-yuzu-11","status":"publish","type":"product","link":"https:\/\/roveyayinevi.com.tr\/index.php\/urun\/filistinin-yahudilestirilmesi-toprak-satisi-mi-gasp-mitarihin-gercek-yuzu-11\/","title":{"rendered":"Filistin\u2019in Yahudile\u015ftirilmesi; Toprak Sat\u0131\u015f\u0131 m\u0131, Gasp m\u0131?;Tarihin Ger\u00e7ek Y\u00fcz\u00fc &#8211; 11"},"content":{"rendered":"<p>\u201cTarih ikiye ayr\u0131l\u0131r; uzak tarih ve yak\u0131n tarih. En uzak oldu\u011fumuz tarih, yak\u0131n tarihtir\u201d s\u00f6z\u00fcn\u00fcn hat\u0131rlatt\u0131\u011f\u0131 bo\u015flu\u011fu doldurmak i\u00e7in yeni bir yay\u0131n serisi ba\u015flad\u0131. Beyan Yay\u0131nlar\u0131 taraf\u0131ndan hayata ge\u00e7irilen Tarihin Ger\u00e7ek Y\u00fcz\u00fc Serisi, yak\u0131n tarihimizin \u00f6nemli konular\u0131n\u0131, farkl\u0131 bir bak\u0131\u015f a\u00e7\u0131s\u0131yla de\u011ferlendiriyor. Daha \u00f6nce ilk be\u015f kitab\u0131 okuyucular\u0131yla bulu\u015fan bu s\u0131rad\u0131\u015f\u0131 tarih serisi, yeni kitaplarla zenginle\u015fiyor. Bug\u00fcne kadar yay\u0131nlanan ve yak\u0131nda yay\u0131nlanacak kitaplar\u0131yla bu konuda \u00f6nemli bir bo\u015flu\u011fu doldurmaya aday olarak g\u00f6r\u00fcn\u00fcyor.Tarihin Ger\u00e7ek Y\u00fcz\u00fc Serisi1-Bat\u0131l\u0131la\u015fma; Modernle\u015fme mi, Yabanc\u0131la\u015fma m\u0131?\/Prof. Dr. Yasin Aktay2-Nutuk, Ger\u00e7ek mi, Kurgu mu?\/Prof. Dr. Bekir Bi\u00e7er3-Sultan Vahdettin; Hain mi, Ma\u011fdur mu?\/Prof. Dr. Mehmet Ali Beyhan4-Cumhuriyet D\u00f6neminde Tarikat ve Cemaatler, Kapand\u0131 m\u0131, Kapat\u0131ld\u0131 m\u0131?\/Prof. Dr. Erg\u00fcn Y\u0131ld\u0131r\u0131m5-Birinci D\u00fcnya Sava\u015f\u0131\u2019nda Araplar, Arkam\u0131zdan Vurdu mu, Vurmad\u0131 m\u0131?\/Prof. Dr. Celil Bozkurt6-Son H\u00fck\u00fcmdar II. Abd\u00fclhamid; Ulu Hakan m\u0131, Despot Sultan m\u0131?\/Prof. Dr. Mehmet Ali Beyhan 7- Dersim Olay\u0131; Kerim Devlet mi, Zalim Devlet mi?\/Prof. Dr. Caner Arabac\u01318-Cumhuriyetin \u0130lk Y\u0131llar\u0131; Demokrasi mi, Diktat\u00f6rl\u00fck m\u00fc?\/Prof. Dr. Yasin Aktay9- \u015eeyh Said Olay\u0131; \u0130syan m\u0131, K\u0131yam m\u0131?\/Fahrettin G\u00fcn10- Lozan; Ba\u015far\u0131 m\u0131, Taviz mi?\/Prof. Dr. Mustafa Ayd\u0131n11- Filistin\u2019in Yahudile\u015ftirilmesi; Toprak Sat\u0131\u015f\u0131 m\u0131, Gasp m\u0131?\/Prof. Dr. Celil Bozkurt12- Hilafetin Kald\u0131r\u0131lmas\u0131; Gereklilik mi, Talimat m\u0131?\/Prof. Dr. Abdulkadir Macit13-\u0130ttihat ve Terakki; Cemiyet mi, Komita m\u0131?\/Fahrettin G\u00fcn14- Ali \u015e\u00fckr\u00fc Bey Cinayeti; Fail-i Me\u00e7hul m\u00fc, Fail-i Malum mu?\/Hayrullah T\u00fcrker15- \u0130stiklal Mahkemeleri; Adalet mi, Zul\u00fcm m\u00fc?\/Dr. Veysel Karata\u015f.<\/p>\n","protected":false},"excerpt":{"rendered":"<p>\u201cTarih ikiye ayr\u0131l\u0131r; uzak tarih ve yak\u0131n tarih. En uzak oldu\u011fumuz tarih, yak\u0131n tarihtir\u201d s\u00f6z\u00fcn\u00fcn hat\u0131rlatt\u0131\u011f\u0131 bo\u015flu\u011fu doldurmak i\u00e7in yeni bir yay\u0131n serisi ba\u015flad\u0131. Beyan Yay\u0131nlar\u0131<span class=\"excerpt-hellip\"> [\u2026]<\/span><\/p>\n","protected":false},"featured_media":0,"template":"","meta":{"_monsterinsights_skip_tracking":false,"_monsterinsights_sitenote_active":false,"_monsterinsights_sitenote_note":"","_monsterinsights_sitenote_category":0},"product_brand":[],"product_cat":[12304,14128],"product_tag":[],"class_list":{"0":"post-783585","1":"product","2":"type-product","3":"status-publish","5":"product_cat-tarih","6":"product_cat-yakin-tarih","7":"pa_cilt-ciltsiz","8":"pa_tur-kitap","9":"pa_yayinevi-beyan-yayinlari","10":"pa_yazar-celil-bozkurt","12":"first","13":"instock","14":"sale","15":"shipping-taxable","16":"purchasable","17":"product-type-simple"},"_links":{"self":[{"href":"https:\/\/roveyayinevi.com.tr\/index.php\/wp-json\/wp\/v2\/product\/783585","targetHints":{"allow":["GET"]}}],"collection":[{"href":"https:\/\/roveyayinevi.com.tr\/index.php\/wp-json\/wp\/v2\/product"}],"about":[{"href":"https:\/\/roveyayinevi.com.tr\/index.php\/wp-json\/wp\/v2\/types\/product"}],"wp:attachment":[{"href":"https:\/\/roveyayinevi.com.tr\/index.php\/wp-json\/wp\/v2\/media?parent=783585"}],"wp:term":[{"taxonomy":"product_brand","embeddable":true,"href":"https:\/\/roveyayinevi.com.tr\/index.php\/wp-json\/wp\/v2\/product_brand?post=783585"},{"taxonomy":"product_cat","embeddable":true,"href":"https:\/\/roveyayinevi.com.tr\/index.php\/wp-json\/wp\/v2\/product_cat?post=783585"},{"taxonomy":"product_tag","embeddable":true,"href":"https:\/\/roveyayinevi.com.tr\/index.php\/wp-json\/wp\/v2\/product_tag?post=783585"}],"curies":[{"name":"wp","href":"https:\/\/api.w.org\/{rel}","templated":true}]}}