{"id":783584,"date":"2026-02-26T23:22:55","date_gmt":"2026-02-26T20:22:55","guid":{"rendered":"https:\/\/roveyayinevi.com.tr\/index.php\/urun\/dalgiclarin-oyunu\/"},"modified":"2026-04-07T03:31:35","modified_gmt":"2026-04-07T00:31:35","slug":"dalgiclarin-oyunu","status":"publish","type":"product","link":"https:\/\/roveyayinevi.com.tr\/index.php\/urun\/dalgiclarin-oyunu\/","title":{"rendered":"Dalg\u0131\u00e7lar\u0131n Oyunu"},"content":{"rendered":"<p>\u00d6d\u00fcll\u00fc yazar Jesse Ball\u2019\u0131n s\u0131n\u0131r tan\u0131mayan hayal g\u00fcc\u00fcnden \u00e7\u0131kan bu distopik kurgu, e\u015fitlik kavram\u0131n\u0131 yeniden tan\u0131mlayan, tekinsiz ve rahats\u0131z edici derece tan\u0131d\u0131k bir d\u00fcnyada ge\u00e7iyor. Tekelle\u015fmi\u015f g\u00fcc\u00fcn ve daimi korkunun ya\u015fam ve k\u00fclt\u00fcr \u00fczerindeki y\u0131k\u0131c\u0131 sonu\u00e7lar\u0131n\u0131 sahneleyen bu d\u00fcnyada insanlar ikiye ayr\u0131l\u0131yor: Vatanda\u015flar ve d\u00f6rtl\u00fcler. D\u00f6rtl\u00fclerin haklar\u0131 yok. G\u00fcvenceleri ya da \u00f6zg\u00fcrl\u00fckleri de. \u0130lk tekliften sonra k\u0131rm\u0131z\u0131 \u015fapkalar\u0131 oldu. M\u00fclteci damgalar\u0131. \u0130kinci tekliften sonra ise ba\u015fparmaklar\u0131 al\u0131nd\u0131. Ba\u015fta biraz kar\u015f\u0131 koydular tabii, ama gaz\u0131n kar\u015f\u0131s\u0131nda kimse duramazd\u0131.   \u201cHaklar\u0131 olmayanlara her \u015fey yap\u0131labilirdi. Ortada moda haline gelen felsefi bir pozisyon vard\u0131; bu da felsefede uyan\u0131\u015f, inan\u00e7ta b\u00fcy\u00fck \u00f6l\u00e7ekli bir de\u011fi\u015fim dedi\u011fimiz \u015feydi: altta olanlara yap\u0131lanlar tam anlam\u0131yla \u015fiddet de\u011fildi. Bu, \u015fiddetin yeni bir tan\u0131m\u0131yd\u0131 ve bug\u00fcne kadar ulusumuzu besleyen co\u015fkun bir ahlak\u0131n yarat\u0131lmas\u0131na yard\u0131mc\u0131 oldu. Ahlak\u0131m\u0131z yapt\u0131\u011f\u0131m\u0131z \u015feydir. Hepiniz bunu anl\u0131yor musunuz? Peki, ya yapt\u0131\u011f\u0131m\u0131z \u015fey \u015fiddet olmaktan \u00e7\u0131karsa; diyelim ki ayn\u0131 \u015fey, ama art\u0131k \u015fiddet de\u011filse: o zaman art\u0131k biz \u015fiddet yanl\u0131s\u0131 de\u011filiz; art\u0131k \u015fiddet faili de\u011filiz.\u201d <\/p>\n","protected":false},"excerpt":{"rendered":"<p>\u00d6d\u00fcll\u00fc yazar Jesse Ball\u2019\u0131n s\u0131n\u0131r tan\u0131mayan hayal g\u00fcc\u00fcnden \u00e7\u0131kan bu distopik kurgu, e\u015fitlik kavram\u0131n\u0131 yeniden tan\u0131mlayan, tekinsiz ve rahats\u0131z edici derece tan\u0131d\u0131k bir d\u00fcnyada ge\u00e7iyor. Tekelle\u015fmi\u015f<span class=\"excerpt-hellip\"> [\u2026]<\/span><\/p>\n","protected":false},"featured_media":0,"template":"","meta":{"_monsterinsights_skip_tracking":false,"_monsterinsights_sitenote_active":false,"_monsterinsights_sitenote_note":"","_monsterinsights_sitenote_category":0},"product_brand":[],"product_cat":[12291,12711],"product_tag":[],"class_list":{"0":"post-783584","1":"product","2":"type-product","3":"status-publish","5":"product_cat-edebiyat","6":"product_cat-roman-oyku","7":"pa_cilt-ciltsiz","8":"pa_tur-kitap","9":"pa_yayinevi-alfa-yayinlari","10":"pa_yazar-jesse-ball","12":"first","13":"instock","14":"sale","15":"shipping-taxable","16":"purchasable","17":"product-type-simple"},"_links":{"self":[{"href":"https:\/\/roveyayinevi.com.tr\/index.php\/wp-json\/wp\/v2\/product\/783584","targetHints":{"allow":["GET"]}}],"collection":[{"href":"https:\/\/roveyayinevi.com.tr\/index.php\/wp-json\/wp\/v2\/product"}],"about":[{"href":"https:\/\/roveyayinevi.com.tr\/index.php\/wp-json\/wp\/v2\/types\/product"}],"wp:attachment":[{"href":"https:\/\/roveyayinevi.com.tr\/index.php\/wp-json\/wp\/v2\/media?parent=783584"}],"wp:term":[{"taxonomy":"product_brand","embeddable":true,"href":"https:\/\/roveyayinevi.com.tr\/index.php\/wp-json\/wp\/v2\/product_brand?post=783584"},{"taxonomy":"product_cat","embeddable":true,"href":"https:\/\/roveyayinevi.com.tr\/index.php\/wp-json\/wp\/v2\/product_cat?post=783584"},{"taxonomy":"product_tag","embeddable":true,"href":"https:\/\/roveyayinevi.com.tr\/index.php\/wp-json\/wp\/v2\/product_tag?post=783584"}],"curies":[{"name":"wp","href":"https:\/\/api.w.org\/{rel}","templated":true}]}}