{"id":783578,"date":"2026-02-26T22:59:00","date_gmt":"2026-02-26T19:59:00","guid":{"rendered":"https:\/\/roveyayinevi.com.tr\/index.php\/urun\/budizm-ve-sinirbilim\/"},"modified":"2026-04-16T03:03:08","modified_gmt":"2026-04-16T00:03:08","slug":"budizm-ve-sinirbilim","status":"publish","type":"product","link":"https:\/\/roveyayinevi.com.tr\/index.php\/urun\/budizm-ve-sinirbilim\/","title":{"rendered":"Budizm ve Sinirbilim"},"content":{"rendered":"<p>Zihin, beynin fiziksel s\u00fcre\u00e7lerinin ge\u00e7ici bir yan etkisi midir? Bilimin hen\u00fcz tan\u0131mlayamad\u0131\u011f\u0131 kadar incelikli bilin\u00e7 bi\u00e7imleri var m\u0131d\u0131r? Bilin\u00e7 nas\u0131l olu\u015fur?   1989 y\u0131l\u0131nda tarih beklenmedik bir \u015fekilde 14. Dalai Lama ile bir grup sinirbilimci ve psikiyatr aras\u0131ndaki \u00f6zel bir toplant\u0131ya tan\u0131kl\u0131k etti. Zihin ve Ya\u015fam Enstit\u00fcs\u00fc taraf\u0131ndan d\u00fczenlenen bu tart\u0131\u015fmada Bat\u0131 bilimi ve din aras\u0131nda bo\u015fluk yaratan en s\u0131k\u0131nt\u0131l\u0131 sorular ele al\u0131nd\u0131. G\u00fcn\u00fcm\u00fcz Budist lideri 14. Dalai Lama ile bir grup Bat\u0131l\u0131 se\u00e7kin sinirbilimci ve psikiyatr aras\u0131nda yap\u0131lan ve doruk noktas\u0131na ula\u015fan bu tart\u0131\u015fmalar okuru kar\u015f\u0131t d\u00fc\u015f\u00fcnce alanlar\u0131nda bir yolculu\u011fa davet ediyor ve her \u015feyin asl\u0131nda o kadar da kar\u015f\u0131t olmayabilece\u011fini g\u00f6steriyor. Dalai Lama, haf\u0131zadan ruhsal hastal\u0131klara, beynin i\u015flevlerinden alg\u0131ya dek bug\u00fcn halen \u00fczerine \u00e7al\u0131\u015f\u0131lan karanl\u0131kta kalm\u0131\u015f nice soruya keskin, a\u00e7\u0131k fikirli yakla\u015f\u0131m\u0131yla cevap vererek Bat\u0131l\u0131 bilim insanlar\u0131na hem meydan okuyor hem de ilham veriyor. <\/p>\n","protected":false},"excerpt":{"rendered":"<p>Zihin, beynin fiziksel s\u00fcre\u00e7lerinin ge\u00e7ici bir yan etkisi midir? Bilimin hen\u00fcz tan\u0131mlayamad\u0131\u011f\u0131 kadar incelikli bilin\u00e7 bi\u00e7imleri var m\u0131d\u0131r? Bilin\u00e7 nas\u0131l olu\u015fur? 1989 y\u0131l\u0131nda tarih beklenmedik bir<span class=\"excerpt-hellip\"> [\u2026]<\/span><\/p>\n","protected":false},"featured_media":0,"template":"","meta":{"_monsterinsights_skip_tracking":false,"_monsterinsights_sitenote_active":false,"_monsterinsights_sitenote_note":"","_monsterinsights_sitenote_category":0},"product_brand":[],"product_cat":[12388],"product_tag":[],"class_list":{"0":"post-783578","1":"product","2":"type-product","3":"status-publish","5":"product_cat-felsefe","6":"pa_cilt-ciltsiz","7":"pa_tur-kitap","8":"pa_yayinevi-destek-yayinlari","9":"pa_yazar-dalai-lama","11":"first","12":"instock","13":"sale","14":"shipping-taxable","15":"purchasable","16":"product-type-simple"},"_links":{"self":[{"href":"https:\/\/roveyayinevi.com.tr\/index.php\/wp-json\/wp\/v2\/product\/783578","targetHints":{"allow":["GET"]}}],"collection":[{"href":"https:\/\/roveyayinevi.com.tr\/index.php\/wp-json\/wp\/v2\/product"}],"about":[{"href":"https:\/\/roveyayinevi.com.tr\/index.php\/wp-json\/wp\/v2\/types\/product"}],"wp:attachment":[{"href":"https:\/\/roveyayinevi.com.tr\/index.php\/wp-json\/wp\/v2\/media?parent=783578"}],"wp:term":[{"taxonomy":"product_brand","embeddable":true,"href":"https:\/\/roveyayinevi.com.tr\/index.php\/wp-json\/wp\/v2\/product_brand?post=783578"},{"taxonomy":"product_cat","embeddable":true,"href":"https:\/\/roveyayinevi.com.tr\/index.php\/wp-json\/wp\/v2\/product_cat?post=783578"},{"taxonomy":"product_tag","embeddable":true,"href":"https:\/\/roveyayinevi.com.tr\/index.php\/wp-json\/wp\/v2\/product_tag?post=783578"}],"curies":[{"name":"wp","href":"https:\/\/api.w.org\/{rel}","templated":true}]}}