{"id":783572,"date":"2026-02-26T22:48:35","date_gmt":"2026-02-26T19:48:35","guid":{"rendered":"https:\/\/roveyayinevi.com.tr\/index.php\/urun\/hayrin-oncusu-hz-omer-hayati-ahlaki\/"},"modified":"2026-04-16T02:52:04","modified_gmt":"2026-04-15T23:52:04","slug":"hayrin-oncusu-hz-omer-hayati-ahlaki","status":"publish","type":"product","link":"https:\/\/roveyayinevi.com.tr\/index.php\/urun\/hayrin-oncusu-hz-omer-hayati-ahlaki\/","title":{"rendered":"Hayr\u0131n \u00d6nc\u00fcs\u00fc Hz.\u00d6mer  Hayat\u0131-Ahlak\u0131"},"content":{"rendered":"<p>M\u00fcsl\u00fcmanlar\u0131n ikinci halifesi, \u0130sl\u00e2m\u2019a giri\u015fi fetih, hicreti zafer, hilafeti rahmet olan m\u00fcstesna \u015fahsiyet\u2026 Hz. Peygamber\u2019in \u201cBenden sonra bir peygamber gelecek olsayd\u0131 o \u015f\u00fcphesiz \u00d6mer b. Hatt\u00e2b olurdu.\u201d buyurdu\u011fu peygamber a\u015f\u0131\u011f\u0131\u2026 Kalplere korku salan cesareti, dillere destan adaleti, adanm\u0131\u015fl\u0131k derecesindeki fedak\u00e2rl\u0131\u011f\u0131, e\u015fsiz basireti, \u015fefkat, merhamet, edep ve hay\u00e2s\u0131yla y\u00fcksek ahl\u00e2k\u0131n zirve ismi\u2026 Hz. \u00d6mer, tam anlam\u0131yla hayr\u0131n \u00f6nc\u00fcs\u00fcyd\u00fc. \u0130sl\u00e2m devletinin kurumsalla\u015fmas\u0131ndan hak, hukuk ve adaletin en nadide \u00f6rneklerinin ya\u015fanmas\u0131na kadar say\u0131s\u0131z hizmete imza att\u0131. Aile ve sosyal ili\u015fkileri, ibadet ve ilim hayat\u0131yla insanl\u0131\u011fa \u0131\u015f\u0131k sa\u00e7t\u0131. Y\u00fczlerce kaynak eser taranarak haz\u0131rlanan bu kitapta Hz. \u00d6mer\u2019in \u00e7ocuklu\u011fu, aile ve sosyal hayat\u0131, hizmetleri ve kullu\u011funa kadar b\u00fct\u00fcn hayat\u0131n\u0131 g\u00f6receksiniz. Y\u00fcksek ahl\u00e2k\u0131n en g\u00fczel \u00f6rneklerini sade ve ak\u0131c\u0131 bir \u00fcslupla okuyacak, \u0130sl\u00e2m\u2019\u0131n en parlak y\u0131ld\u0131z\u0131yla bulu\u015facaks\u0131n\u0131z. <\/p>\n","protected":false},"excerpt":{"rendered":"<p>M\u00fcsl\u00fcmanlar\u0131n ikinci halifesi, \u0130sl\u00e2m\u2019a giri\u015fi fetih, hicreti zafer, hilafeti rahmet olan m\u00fcstesna \u015fahsiyet\u2026 Hz. Peygamber\u2019in \u201cBenden sonra bir peygamber gelecek olsayd\u0131 o \u015f\u00fcphesiz \u00d6mer b. Hatt\u00e2b<span class=\"excerpt-hellip\"> [\u2026]<\/span><\/p>\n","protected":false},"featured_media":0,"template":"","meta":{"_monsterinsights_skip_tracking":false,"_monsterinsights_sitenote_active":false,"_monsterinsights_sitenote_note":"","_monsterinsights_sitenote_category":0},"product_brand":[],"product_cat":[12718,12719],"product_tag":[],"class_list":{"0":"post-783572","1":"product","2":"type-product","3":"status-publish","5":"product_cat-din","6":"product_cat-islam","7":"pa_cilt-ciltsiz","8":"pa_tur-kitap","9":"pa_yayinevi-siyer-yayinlari","10":"pa_yazar-abdullah-kara-hilal-kara","12":"first","13":"instock","14":"sale","15":"shipping-taxable","16":"purchasable","17":"product-type-simple"},"_links":{"self":[{"href":"https:\/\/roveyayinevi.com.tr\/index.php\/wp-json\/wp\/v2\/product\/783572","targetHints":{"allow":["GET"]}}],"collection":[{"href":"https:\/\/roveyayinevi.com.tr\/index.php\/wp-json\/wp\/v2\/product"}],"about":[{"href":"https:\/\/roveyayinevi.com.tr\/index.php\/wp-json\/wp\/v2\/types\/product"}],"wp:attachment":[{"href":"https:\/\/roveyayinevi.com.tr\/index.php\/wp-json\/wp\/v2\/media?parent=783572"}],"wp:term":[{"taxonomy":"product_brand","embeddable":true,"href":"https:\/\/roveyayinevi.com.tr\/index.php\/wp-json\/wp\/v2\/product_brand?post=783572"},{"taxonomy":"product_cat","embeddable":true,"href":"https:\/\/roveyayinevi.com.tr\/index.php\/wp-json\/wp\/v2\/product_cat?post=783572"},{"taxonomy":"product_tag","embeddable":true,"href":"https:\/\/roveyayinevi.com.tr\/index.php\/wp-json\/wp\/v2\/product_tag?post=783572"}],"curies":[{"name":"wp","href":"https:\/\/api.w.org\/{rel}","templated":true}]}}