{"id":783571,"date":"2026-02-26T22:45:39","date_gmt":"2026-02-26T19:45:39","guid":{"rendered":"https:\/\/roveyayinevi.com.tr\/index.php\/urun\/tefsir-tarihi\/"},"modified":"2026-04-16T02:47:36","modified_gmt":"2026-04-15T23:47:36","slug":"tefsir-tarihi","status":"publish","type":"product","link":"https:\/\/roveyayinevi.com.tr\/index.php\/urun\/tefsir-tarihi\/","title":{"rendered":"Tefsir Tarihi"},"content":{"rendered":"<p>Ahl\u00e2k\u00ee ve insan\u00ee de\u011ferlerin tamamen kayboldu\u011fu, be\u015feriyetin cehalet karanl\u0131klar\u0131 i\u00e7inde k\u0131vran\u0131p durdu\u011fu bir zamanda hid\u00e2yet ufkundan do\u011fan bir g\u00fcne\u015f, cih\u00e2na ilim ve hikmet nurlar\u0131n\u0131 yayarak insanl\u0131\u011f\u0131, tarihin karanl\u0131klar\u0131ndan ayd\u0131nl\u0131\u011fa \u00e7\u0131karm\u0131\u015ft\u0131r. Bu g\u00fcne\u015f, hi\u00e7 ku\u015fkusuz Kur \u00e2n-\u0131 Kerim dir. Onun sahip oldu\u011fu semav\u00ee feyizleri ve hayati kuvveti ortaya \u00e7\u0131karan bilim dal\u0131 ise Tefsir dir. Tefsir, bilindi\u011fi gibi Kur \u00e2n \u0131n dil bak\u0131m\u0131ndan tahlil edilmesiyle ve metnin anla\u015f\u0131lmas\u0131 i\u00e7in gerekli olan verilerin bir araya getirilmesiyle ger\u00e7ekle\u015ftirilen bir faaliyettir. Hz. Peygamber (s.a.v) ve ash\u00e2b ile ba\u015flayan bu faaliyet \u00f6nceleri \u015fifah\u00ee bir tarzda, hicr\u00ee II. asr\u0131n ikinci yar\u0131s\u0131ndan itibaren de yaz\u0131ya ge\u00e7irilerek g\u00fcn\u00fcm\u00fcze kadar devam edip gelmi\u015ftir. Kur \u00e2n mesaj\u0131n\u0131n anla\u015f\u0131lmas\u0131na y\u00f6nelik b\u00fct\u00fcn bu aktiviteler tarihsel bir s\u00fcreci olu\u015fturmaktad\u0131r ki buna, Tefsir Tarihi denilmektedir. S\u00f6z konusu tarihin ba\u015flang\u0131\u00e7tan bug\u00fcne kadar ge\u00e7irmi\u015f oldu\u011fu geli\u015fim s\u00fcrecinin bilinmesinde elbette ki zaruret vard\u0131r. \u00d6zellikle \u0130lahiyat \u00f6\u011frencilerinin ve Kur \u00e2n \u00fczerine ara\u015ft\u0131rma yapanlar\u0131n bu tarihi s\u00fcre\u00e7 i\u00e7erisindeki Kur \u00e2n\u00ee yakla\u015f\u0131mlar\u0131 ve bu yakla\u015f\u0131mlar\u0131n sonucunda ortaya \u00e7\u0131kan \u00e7al\u0131\u015fmalar\u0131n \u00fcr\u00fcnlerini iyi bilmeleri gerekmektedir. \u0130\u015fte tamamen bu espriden hareketle kaleme al\u0131nan bu eser, hem Kur \u00e2n \u0131, \u0130sl\u00e2m\u00ee gelene\u011fin hassasiyetlerini g\u00f6z ard\u0131 etmeden tan\u0131tmak ve hem de tarihe bir yoluculuk yaparak tefsirle ilgili \u00e7abalar\u0131 \u00f6zetlemek suretiyle Kur \u00e2n a y\u00f6nelik hizmetlere bir nebze olsun katk\u0131da bulunmak gibi bir ama\u00e7 ta\u015f\u0131maktad\u0131r.<\/p>\n","protected":false},"excerpt":{"rendered":"<p>Ahl\u00e2k\u00ee ve insan\u00ee de\u011ferlerin tamamen kayboldu\u011fu, be\u015feriyetin cehalet karanl\u0131klar\u0131 i\u00e7inde k\u0131vran\u0131p durdu\u011fu bir zamanda hid\u00e2yet ufkundan do\u011fan bir g\u00fcne\u015f, cih\u00e2na ilim ve hikmet nurlar\u0131n\u0131 yayarak insanl\u0131\u011f\u0131,<span class=\"excerpt-hellip\"> [\u2026]<\/span><\/p>\n","protected":false},"featured_media":0,"template":"","meta":{"_monsterinsights_skip_tracking":false,"_monsterinsights_sitenote_active":false,"_monsterinsights_sitenote_note":"","_monsterinsights_sitenote_category":0},"product_brand":[],"product_cat":[12718,12719],"product_tag":[],"class_list":{"0":"post-783571","1":"product","2":"type-product","3":"status-publish","5":"product_cat-din","6":"product_cat-islam","7":"pa_cilt-ciltsiz","8":"pa_tur-kitap","9":"pa_yayinevi-marmara-universitesi-ilahiyat-fakultesi-vakfi","10":"pa_yazar-muhsin-demirci","12":"first","13":"instock","14":"sale","15":"shipping-taxable","16":"purchasable","17":"product-type-simple"},"_links":{"self":[{"href":"https:\/\/roveyayinevi.com.tr\/index.php\/wp-json\/wp\/v2\/product\/783571","targetHints":{"allow":["GET"]}}],"collection":[{"href":"https:\/\/roveyayinevi.com.tr\/index.php\/wp-json\/wp\/v2\/product"}],"about":[{"href":"https:\/\/roveyayinevi.com.tr\/index.php\/wp-json\/wp\/v2\/types\/product"}],"wp:attachment":[{"href":"https:\/\/roveyayinevi.com.tr\/index.php\/wp-json\/wp\/v2\/media?parent=783571"}],"wp:term":[{"taxonomy":"product_brand","embeddable":true,"href":"https:\/\/roveyayinevi.com.tr\/index.php\/wp-json\/wp\/v2\/product_brand?post=783571"},{"taxonomy":"product_cat","embeddable":true,"href":"https:\/\/roveyayinevi.com.tr\/index.php\/wp-json\/wp\/v2\/product_cat?post=783571"},{"taxonomy":"product_tag","embeddable":true,"href":"https:\/\/roveyayinevi.com.tr\/index.php\/wp-json\/wp\/v2\/product_tag?post=783571"}],"curies":[{"name":"wp","href":"https:\/\/api.w.org\/{rel}","templated":true}]}}