{"id":783570,"date":"2026-02-26T22:42:17","date_gmt":"2026-02-26T19:42:17","guid":{"rendered":"https:\/\/roveyayinevi.com.tr\/index.php\/urun\/nicin-ataturk\/"},"modified":"2026-02-27T02:46:10","modified_gmt":"2026-02-26T23:46:10","slug":"nicin-ataturk","status":"publish","type":"product","link":"https:\/\/roveyayinevi.com.tr\/index.php\/urun\/nicin-ataturk\/","title":{"rendered":"Ni\u00e7in Atat\u00fcrk"},"content":{"rendered":"<p>Atat\u00fcrk\u2019\u00fc anlamak d\u00fcn\u00fc bilmek, bug\u00fcn\u00fc ya\u015fayabilmek, yar\u0131n\u0131 g\u00f6rebilmektir. Kafam\u0131z\u0131 bilimle, y\u00fcre\u011fimizi umutla ve yurt sevgisiyle, benli\u011fimizi \u00f6zg\u00fcrl\u00fck ve ba\u011f\u0131ms\u0131zl\u0131k heyecan\u0131 ile doldurmak, iyiye, g\u00fczele, do\u011fruya ba\u011flanmak, \u00e7a\u011f\u0131 y\u0131llar \u00f6nce yakalayan Mustafa Kemal\u2019in \u00e7a\u011fda\u015fl\u0131k anlay\u0131\u015f\u0131na varabilmektir. Ni\u00e7in Atat\u00fcrk sorusuna en g\u00fczel cevap san\u0131r\u0131m a\u015fa\u011f\u0131daki Atat\u00fcrk\u2019\u00fcn kendi cevab\u0131 olacakt\u0131r. \u201cYapt\u0131klar\u0131m\u0131z\u0131 asla yeterli g\u00f6remeyiz. \u00c7\u00fcnk\u00fc daha \u00e7ok ve daha b\u00fcy\u00fck i\u015fler yapmak zorunlulu\u011funda ve kararl\u0131l\u0131\u011f\u0131nday\u0131z. Yurdumuzu d\u00fcnyan\u0131n en mamur ve \u00e7a\u011fda\u015f memleketleri seviyesine \u00e7\u0131karaca\u011f\u0131z. Milletimizi en geni\u015f refah vas\u0131ta ve kaynaklar\u0131na sahip k\u0131laca\u011f\u0131z.\u201d <\/p>\n","protected":false},"excerpt":{"rendered":"<p>Atat\u00fcrk\u2019\u00fc anlamak d\u00fcn\u00fc bilmek, bug\u00fcn\u00fc ya\u015fayabilmek, yar\u0131n\u0131 g\u00f6rebilmektir. Kafam\u0131z\u0131 bilimle, y\u00fcre\u011fimizi umutla ve yurt sevgisiyle, benli\u011fimizi \u00f6zg\u00fcrl\u00fck ve ba\u011f\u0131ms\u0131zl\u0131k heyecan\u0131 ile doldurmak, iyiye, g\u00fczele, do\u011fruya ba\u011flanmak,<span class=\"excerpt-hellip\"> [\u2026]<\/span><\/p>\n","protected":false},"featured_media":0,"template":"","meta":{"_monsterinsights_skip_tracking":false,"_monsterinsights_sitenote_active":false,"_monsterinsights_sitenote_note":"","_monsterinsights_sitenote_category":0},"product_brand":[],"product_cat":[12370,12304],"product_tag":[],"class_list":{"0":"post-783570","1":"product","2":"type-product","3":"status-publish","5":"product_cat-arastirma-inceleme","6":"product_cat-tarih","7":"pa_cilt-ciltsiz","8":"pa_tur-kitap","9":"pa_yayinevi-sozcu-kitabevi","10":"pa_yazar-hanri-benazus","12":"first","13":"instock","14":"sale","15":"shipping-taxable","16":"purchasable","17":"product-type-simple"},"_links":{"self":[{"href":"https:\/\/roveyayinevi.com.tr\/index.php\/wp-json\/wp\/v2\/product\/783570","targetHints":{"allow":["GET"]}}],"collection":[{"href":"https:\/\/roveyayinevi.com.tr\/index.php\/wp-json\/wp\/v2\/product"}],"about":[{"href":"https:\/\/roveyayinevi.com.tr\/index.php\/wp-json\/wp\/v2\/types\/product"}],"wp:attachment":[{"href":"https:\/\/roveyayinevi.com.tr\/index.php\/wp-json\/wp\/v2\/media?parent=783570"}],"wp:term":[{"taxonomy":"product_brand","embeddable":true,"href":"https:\/\/roveyayinevi.com.tr\/index.php\/wp-json\/wp\/v2\/product_brand?post=783570"},{"taxonomy":"product_cat","embeddable":true,"href":"https:\/\/roveyayinevi.com.tr\/index.php\/wp-json\/wp\/v2\/product_cat?post=783570"},{"taxonomy":"product_tag","embeddable":true,"href":"https:\/\/roveyayinevi.com.tr\/index.php\/wp-json\/wp\/v2\/product_tag?post=783570"}],"curies":[{"name":"wp","href":"https:\/\/api.w.org\/{rel}","templated":true}]}}