{"id":783568,"date":"2026-02-26T22:36:28","date_gmt":"2026-02-26T19:36:28","guid":{"rendered":"https:\/\/roveyayinevi.com.tr\/index.php\/urun\/kelebek-etkisi-soylesileri-2\/"},"modified":"2026-04-16T02:38:40","modified_gmt":"2026-04-15T23:38:40","slug":"kelebek-etkisi-soylesileri-2","status":"publish","type":"product","link":"https:\/\/roveyayinevi.com.tr\/index.php\/urun\/kelebek-etkisi-soylesileri-2\/","title":{"rendered":"&#8220;Kelebek Etkisi&#8221; S\u00f6yle\u015fileri 2"},"content":{"rendered":"<p>D\u00fcnyadaki geli\u015fmeleri yorumlarken kadim bir izlek \u00fczerinde hareket eden T\u00fcrk insan\u0131n\u0131n ser\u00fcvenini anlamak elzem\u2026 Zira bu ser\u00fcvene gelecekte y\u00f6n verebilmek i\u00e7in mutlaka \u00f6nce onu tan\u0131yabilmekten ge\u00e7iyor. Olaylar\u0131, olgular\u0131, fikirleri sadece g\u00fcn\u00fcm\u00fczdeki g\u00f6r\u00fcn\u00fcmleriyle de\u011fil arka plan\u0131 ile kavramay\u0131 \u00f6ne \u00e7\u0131karan Kelebek Etkisi S\u00f6yle\u015fileri II, \u00e7ok y\u00f6nl\u00fc d\u00fc\u015f\u00fcncenin g\u00fcncesi niteli\u011finde\u2026 Kitap, safsatalara, dil ve mant\u0131k oyunlar\u0131na dikkat \u00e7ekerek d\u00fcnyadaki ve T\u00fcrkiye\u2019deki geli\u015fmelerin arka plan\u0131na bakma niyetiyle yap\u0131lan sohbetlerden olu\u015fuyor. Alev Alatl\u0131 ile Ay\u015fe B\u00f6h\u00fcrler\u2019in \u201cKelebek Etkisi\u201d program\u0131ndaki s\u00f6yle\u015filerini i\u00e7eren eser meseleleri b\u00fct\u00fcnc\u00fcl bakarak irdeliyor. Sinemadan end\u00fcstriye, k\u00fclt\u00fcrden irfana kadar fikirlerin izini s\u00fcren sohbetler, T\u00fcrkiye\u2019nin kendi kalarak ak\u0131l kurmaya \u00e7al\u0131\u015f\u0131rken ya\u015fad\u0131\u011f\u0131 sorunlar\u0131, kusurlu e\u011fitimin a\u00e7mazlar\u0131n\u0131 ve hayallerin ger\u00e7ek \u00fczerine kurulmas\u0131 gerekti\u011fini belirgin k\u0131l\u0131yor. Accountability, Peter Prensibi, Murphy Kanunlar\u0131, karar alma s\u00fcre\u00e7lerinde ihmal edilenler, hiyerar\u015fik yap\u0131lanmalar\u0131n sorunlar\u0131, k\u0131yameti \u00e7a\u011f\u0131ranlar, Frankistler, Amerika\u2019daki a\u00e7 bebekler, K\u00fcrt meselesindeki feodalizm \u00e7\u0131kmaz\u0131 sohbetlerde ele al\u0131nan konular aras\u0131nda. Ta\u015f\u0131 ba\u015fka bir yere koyunca \u00f6zelli\u011finin kaybolaca\u011f\u0131n\u0131 belirginle\u015ftiren Kelebek Etkisi S\u00f6yle\u015fileri II, bazen bir kelimeden, bazen bir olaydan, bazen bir yorumdan, bazen de bir isimden ilham alarak d\u00fcnyaya farkl\u0131 pencereler a\u00e7\u0131yor.<\/p>\n","protected":false},"excerpt":{"rendered":"<p>D\u00fcnyadaki geli\u015fmeleri yorumlarken kadim bir izlek \u00fczerinde hareket eden T\u00fcrk insan\u0131n\u0131n ser\u00fcvenini anlamak elzem\u2026 Zira bu ser\u00fcvene gelecekte y\u00f6n verebilmek i\u00e7in mutlaka \u00f6nce onu tan\u0131yabilmekten ge\u00e7iyor.<span class=\"excerpt-hellip\"> [\u2026]<\/span><\/p>\n","protected":false},"featured_media":0,"template":"","meta":{"_monsterinsights_skip_tracking":false,"_monsterinsights_sitenote_active":false,"_monsterinsights_sitenote_note":"","_monsterinsights_sitenote_category":0},"product_brand":[],"product_cat":[12291,30969],"product_tag":[],"class_list":{"0":"post-783568","1":"product","2":"type-product","3":"status-publish","5":"product_cat-edebiyat","6":"product_cat-soylesi-edebiyat","7":"pa_cilt-ciltsiz","8":"pa_tur-kitap","9":"pa_yayinevi-pinar-yayinlari","10":"pa_yazar-alev-alatli","12":"first","13":"instock","14":"sale","15":"shipping-taxable","16":"purchasable","17":"product-type-simple"},"_links":{"self":[{"href":"https:\/\/roveyayinevi.com.tr\/index.php\/wp-json\/wp\/v2\/product\/783568","targetHints":{"allow":["GET"]}}],"collection":[{"href":"https:\/\/roveyayinevi.com.tr\/index.php\/wp-json\/wp\/v2\/product"}],"about":[{"href":"https:\/\/roveyayinevi.com.tr\/index.php\/wp-json\/wp\/v2\/types\/product"}],"wp:attachment":[{"href":"https:\/\/roveyayinevi.com.tr\/index.php\/wp-json\/wp\/v2\/media?parent=783568"}],"wp:term":[{"taxonomy":"product_brand","embeddable":true,"href":"https:\/\/roveyayinevi.com.tr\/index.php\/wp-json\/wp\/v2\/product_brand?post=783568"},{"taxonomy":"product_cat","embeddable":true,"href":"https:\/\/roveyayinevi.com.tr\/index.php\/wp-json\/wp\/v2\/product_cat?post=783568"},{"taxonomy":"product_tag","embeddable":true,"href":"https:\/\/roveyayinevi.com.tr\/index.php\/wp-json\/wp\/v2\/product_tag?post=783568"}],"curies":[{"name":"wp","href":"https:\/\/api.w.org\/{rel}","templated":true}]}}