{"id":783565,"date":"2026-02-26T22:35:20","date_gmt":"2026-02-26T19:35:20","guid":{"rendered":"https:\/\/roveyayinevi.com.tr\/index.php\/urun\/zihninden-cik-hayatina-gir\/"},"modified":"2026-04-16T02:37:39","modified_gmt":"2026-04-15T23:37:39","slug":"zihninden-cik-hayatina-gir","status":"publish","type":"product","link":"https:\/\/roveyayinevi.com.tr\/index.php\/urun\/zihninden-cik-hayatina-gir\/","title":{"rendered":"Zihninden \u00c7\u0131k Hayat\u0131na Gir"},"content":{"rendered":"<p>Zihninden \u00c7\u0131k Hayat\u0131na Gir isimli eserin yazarlar\u0131; iyilik, bilgelik ve mizah ile okuyucuyu psikolojik zorluklar ve \u00f6zellikle de ya\u015fam doyumu hakk\u0131nda yeni bir du\u0308\u015fu\u0308nme bi\u00e7imi y\u00f6nu\u0308nde e\u011fitiyorlar. Modern ara\u015ft\u0131rma y\u00f6ntemleri ile birle\u015ftirilmesi, kadim olanla t\u0131nlamas\u0131, gu\u0308venilir ve ger\u00e7ek uygulamalar\u0131 olmas\u0131, bu kitab\u0131 en bu\u0308yu\u0308leyici ve ayd\u0131nlat\u0131c\u0131 kendine yard\u0131m kitaplar\u0131ndan biri haline getiriyor.\u201cE\u011fer siz de standart psikolojik s\u00f6ylemlerden yorulduysan\u0131z ve hayat kalitenizle ilgili hayal k\u0131r\u0131kl\u0131\u011f\u0131 ya\u015f\u0131yorsan\u0131z, bu kitap size bir lu\u0308tuf olabilir.\u201dMartha BeckO Dergisi k\u00f6\u015fe yazar\u0131Kendi Kutup Y\u0131ld\u0131z\u0131\u2019n\u0131n Pe\u015finde kitab\u0131n\u0131n yazar\u0131<\/p>\n","protected":false},"excerpt":{"rendered":"<p>Zihninden \u00c7\u0131k Hayat\u0131na Gir isimli eserin yazarlar\u0131; iyilik, bilgelik ve mizah ile okuyucuyu psikolojik zorluklar ve \u00f6zellikle de ya\u015fam doyumu hakk\u0131nda yeni bir du\u0308\u015fu\u0308nme bi\u00e7imi y\u00f6nu\u0308nde<span class=\"excerpt-hellip\"> [\u2026]<\/span><\/p>\n","protected":false},"featured_media":0,"template":"","meta":{"_monsterinsights_skip_tracking":false,"_monsterinsights_sitenote_active":false,"_monsterinsights_sitenote_note":"","_monsterinsights_sitenote_category":0},"product_brand":[],"product_cat":[20502,12357],"product_tag":[],"class_list":{"0":"post-783565","1":"product","2":"type-product","3":"status-publish","5":"product_cat-basvuru-kitaplari-psikoloji","6":"product_cat-psikoloji","7":"pa_cilt-ciltsiz","8":"pa_tur-kitap","9":"pa_yayinevi-litera-yayinlari","10":"pa_yazar-steven-c-hayes-spencer-smith","12":"first","13":"instock","14":"sale","15":"shipping-taxable","16":"purchasable","17":"product-type-simple"},"_links":{"self":[{"href":"https:\/\/roveyayinevi.com.tr\/index.php\/wp-json\/wp\/v2\/product\/783565","targetHints":{"allow":["GET"]}}],"collection":[{"href":"https:\/\/roveyayinevi.com.tr\/index.php\/wp-json\/wp\/v2\/product"}],"about":[{"href":"https:\/\/roveyayinevi.com.tr\/index.php\/wp-json\/wp\/v2\/types\/product"}],"wp:attachment":[{"href":"https:\/\/roveyayinevi.com.tr\/index.php\/wp-json\/wp\/v2\/media?parent=783565"}],"wp:term":[{"taxonomy":"product_brand","embeddable":true,"href":"https:\/\/roveyayinevi.com.tr\/index.php\/wp-json\/wp\/v2\/product_brand?post=783565"},{"taxonomy":"product_cat","embeddable":true,"href":"https:\/\/roveyayinevi.com.tr\/index.php\/wp-json\/wp\/v2\/product_cat?post=783565"},{"taxonomy":"product_tag","embeddable":true,"href":"https:\/\/roveyayinevi.com.tr\/index.php\/wp-json\/wp\/v2\/product_tag?post=783565"}],"curies":[{"name":"wp","href":"https:\/\/api.w.org\/{rel}","templated":true}]}}