{"id":783563,"date":"2026-02-26T22:34:17","date_gmt":"2026-02-26T19:34:17","guid":{"rendered":"https:\/\/roveyayinevi.com.tr\/index.php\/urun\/din-ve-toplum-din-sosyolojisine-giris\/"},"modified":"2026-04-16T02:37:10","modified_gmt":"2026-04-15T23:37:10","slug":"din-ve-toplum-din-sosyolojisine-giris","status":"publish","type":"product","link":"https:\/\/roveyayinevi.com.tr\/index.php\/urun\/din-ve-toplum-din-sosyolojisine-giris\/","title":{"rendered":"Din ve Toplum   Din Sosyolojisine Giri\u015f"},"content":{"rendered":"<p>Din-toplum ili\u015fkileri yirminci y\u00fczy\u0131l\u0131n sonlar\u0131ndan beri gerekd\u00fcnyada gerekse \u00fclkemizde \u00e7ok daha fazla konu\u015fuluyor. Bird\u00f6nem, zamanla ortadan kalkacak bir olgu olarak g\u00f6r\u00fclen ve g\u00f6zard\u0131 edilen din ve din\u00ee olu\u015fumlar, entelekt\u00fcel ve pop\u00fcler merak\u0131olan, ba\u015fta akademisyenler, ayd\u0131nlar, gazeteciler olmak \u00fczere pek\u00e7ok ki\u015finin ilgi alan\u0131na girmi\u015f durumda. Ayn\u0131 zamanda dinsosyolojisi art\u0131k \u0130lahiyat Fak\u00fcltelerinde ve pek \u00e7ok SosyolojiB\u00f6l\u00fcm\u00fcnde ders olarak yer al\u0131yor. Elinizdeki bu eser hem lisans\u00f6\u011frencileri hem de konuya ilgi duyanlar i\u00e7in giri\u015f niteli\u011findedir.Kitapta din sosyolojisinin konusu, klasik sosyolojinin dine bak\u0131\u015f\u0131n\u0131etkileyen tarihsel, d\u00fc\u015f\u00fcnsel ve toplumsal geli\u015fmeler; dinin yap\u0131s\u0131,toplumsal i\u015flevleri, k\u00fclt\u00fcrle etkile\u015fimi ve din\u00ee gruplar; modernizm,postmodernizm ve din ili\u015fkisi, sek\u00fclerle\u015fme tart\u0131\u015fmalar\u0131, Do\u011fu\u2019dakive Bat\u0131\u2019daki din\u00ee canlanma, yeni din\u00ee ve toplumsal hareketler venihayetinde dindarl\u0131\u011f\u0131n yeni g\u00f6r\u00fcn\u00fcmleri g\u00fcncel \u00f6rneklerle eleal\u0131n\u0131yor.<\/p>\n","protected":false},"excerpt":{"rendered":"<p>Din-toplum ili\u015fkileri yirminci y\u00fczy\u0131l\u0131n sonlar\u0131ndan beri gerekd\u00fcnyada gerekse \u00fclkemizde \u00e7ok daha fazla konu\u015fuluyor. Bird\u00f6nem, zamanla ortadan kalkacak bir olgu olarak g\u00f6r\u00fclen ve g\u00f6zard\u0131 edilen din ve<span class=\"excerpt-hellip\"> [\u2026]<\/span><\/p>\n","protected":false},"featured_media":0,"template":"","meta":{"_monsterinsights_skip_tracking":false,"_monsterinsights_sitenote_active":false,"_monsterinsights_sitenote_note":"","_monsterinsights_sitenote_category":0},"product_brand":[],"product_cat":[13036,12718,12719],"product_tag":[],"class_list":{"0":"post-783563","1":"product","2":"type-product","3":"status-publish","5":"product_cat-arastirma-inceleme-islam","6":"product_cat-din","7":"product_cat-islam","8":"pa_cilt-ciltsiz","9":"pa_tur-kitap","10":"pa_yayinevi-beyan-yayinlari","11":"pa_yazar-vejdi-bilgin","13":"first","14":"instock","15":"sale","16":"shipping-taxable","17":"purchasable","18":"product-type-simple"},"_links":{"self":[{"href":"https:\/\/roveyayinevi.com.tr\/index.php\/wp-json\/wp\/v2\/product\/783563","targetHints":{"allow":["GET"]}}],"collection":[{"href":"https:\/\/roveyayinevi.com.tr\/index.php\/wp-json\/wp\/v2\/product"}],"about":[{"href":"https:\/\/roveyayinevi.com.tr\/index.php\/wp-json\/wp\/v2\/types\/product"}],"wp:attachment":[{"href":"https:\/\/roveyayinevi.com.tr\/index.php\/wp-json\/wp\/v2\/media?parent=783563"}],"wp:term":[{"taxonomy":"product_brand","embeddable":true,"href":"https:\/\/roveyayinevi.com.tr\/index.php\/wp-json\/wp\/v2\/product_brand?post=783563"},{"taxonomy":"product_cat","embeddable":true,"href":"https:\/\/roveyayinevi.com.tr\/index.php\/wp-json\/wp\/v2\/product_cat?post=783563"},{"taxonomy":"product_tag","embeddable":true,"href":"https:\/\/roveyayinevi.com.tr\/index.php\/wp-json\/wp\/v2\/product_tag?post=783563"}],"curies":[{"name":"wp","href":"https:\/\/api.w.org\/{rel}","templated":true}]}}