{"id":783562,"date":"2026-02-26T22:33:16","date_gmt":"2026-02-26T19:33:16","guid":{"rendered":"https:\/\/roveyayinevi.com.tr\/index.php\/urun\/dilthey-ustune-yazilar\/"},"modified":"2026-04-16T02:36:34","modified_gmt":"2026-04-15T23:36:34","slug":"dilthey-ustune-yazilar","status":"publish","type":"product","link":"https:\/\/roveyayinevi.com.tr\/index.php\/urun\/dilthey-ustune-yazilar\/","title":{"rendered":"Dilthey \u00dcst\u00fcne  Yaz\u0131lar"},"content":{"rendered":"<p>Kuram \/ Felsefe\u201c\u0130nsan do\u011fas\u0131n\u0131n totalitesi sadece tarihte verilidir. Tan\u0131yabildi\u011fimiz insan, sadece ger\u00e7ekle\u015ftirilmi\u015f imk\u00e2nlar\u0131n ko\u015fullar\u0131 alt\u0131nda tan\u0131d\u0131\u011f\u0131m\u0131z insand\u0131r.\u201d \u2013 Wilhelm DiltheyDo\u011fan \u00d6zlem Dilthey \u00dcst\u00fcne Yaz\u0131lar\u2019da tarihte bir \u201cmutlak anlam\u201d de\u011fil, daima de\u011fi\u015fen bir \u201canlamlar \u00e7oklu\u011fu\u201d bulundu\u011funu s\u00f6yleyen Wilhelm Dilhey\u2019\u0131n d\u00fc\u015f\u00fcncesini tinsellik, tarihsellik, ya\u015fama, tarihsel ak\u0131l ve insan\u0131n b\u00fct\u00fcnl\u00fc\u011f\u00fc gibi kavramlar \u00e7er\u00e7evesinde inceliyor. Dilthey\u2019\u0131n d\u00fc\u015f\u00fcnce ve k\u00fclt\u00fcr tarihinde ortaya koydu\u011fu felsefi devrimi irdelerken bir yandan da insan\u0131n tarihsel bir varl\u0131k olarak do\u011fay\u0131, k\u00fclt\u00fcr\u00fc, tarihi ve kendini kavrama yolunda kar\u015f\u0131la\u015ft\u0131\u011f\u0131 sorunlar\u0131\/bunal\u0131mlar\u0131 tarihsel bir perspektiften g\u00f6rmesinin \u00f6n\u00fcndeki zihinsel perdeleri aral\u0131yor.Dilthey\u2019\u0131n d\u00fc\u015f\u00fcncesini, temel kavramlar\u0131n\u0131, u\u011fra\u015ft\u0131\u011f\u0131 problemleri a\u00e7\u0131k ve anla\u015f\u0131l\u0131r bir dille ortaya koyan Dilthey \u00dcst\u00fcne Yaz\u0131lar hem Dilthey\u2019\u0131 ve tarihselci\/hermeneutik d\u00fc\u015f\u00fcnce gelene\u011fini anlamak i\u00e7in iyi bir ba\u015flang\u0131\u00e7, hem de bir hermeneutik\u00e7i olarak Do\u011fan \u00d6zlem\u2019in tarihselci\/hermeneutik felsefeye kendi d\u00fc\u015f\u00fcnce ve k\u00fclt\u00fcr d\u00fcnyam\u0131zda a\u00e7maya \u00e7al\u0131\u015ft\u0131\u011f\u0131 yeri g\u00f6rme imk\u00e2n\u0131 veriyor.<\/p>\n","protected":false},"excerpt":{"rendered":"<p>Kuram \/ Felsefe\u201c\u0130nsan do\u011fas\u0131n\u0131n totalitesi sadece tarihte verilidir. Tan\u0131yabildi\u011fimiz insan, sadece ger\u00e7ekle\u015ftirilmi\u015f imk\u00e2nlar\u0131n ko\u015fullar\u0131 alt\u0131nda tan\u0131d\u0131\u011f\u0131m\u0131z insand\u0131r.\u201d \u2013 Wilhelm DiltheyDo\u011fan \u00d6zlem Dilthey \u00dcst\u00fcne Yaz\u0131lar\u2019da tarihte bir<span class=\"excerpt-hellip\"> [\u2026]<\/span><\/p>\n","protected":false},"featured_media":0,"template":"","meta":{"_monsterinsights_skip_tracking":false,"_monsterinsights_sitenote_active":false,"_monsterinsights_sitenote_note":"","_monsterinsights_sitenote_category":0},"product_brand":[],"product_cat":[12389,12388],"product_tag":[],"class_list":{"0":"post-783562","1":"product","2":"type-product","3":"status-publish","5":"product_cat-diger-felsefe","6":"product_cat-felsefe","7":"pa_cilt-ciltsiz","8":"pa_tur-kitap","9":"pa_yayinevi-notos-kitap","10":"pa_yazar-dogan-ozlem","12":"first","13":"instock","14":"sale","15":"shipping-taxable","16":"purchasable","17":"product-type-simple"},"_links":{"self":[{"href":"https:\/\/roveyayinevi.com.tr\/index.php\/wp-json\/wp\/v2\/product\/783562","targetHints":{"allow":["GET"]}}],"collection":[{"href":"https:\/\/roveyayinevi.com.tr\/index.php\/wp-json\/wp\/v2\/product"}],"about":[{"href":"https:\/\/roveyayinevi.com.tr\/index.php\/wp-json\/wp\/v2\/types\/product"}],"wp:attachment":[{"href":"https:\/\/roveyayinevi.com.tr\/index.php\/wp-json\/wp\/v2\/media?parent=783562"}],"wp:term":[{"taxonomy":"product_brand","embeddable":true,"href":"https:\/\/roveyayinevi.com.tr\/index.php\/wp-json\/wp\/v2\/product_brand?post=783562"},{"taxonomy":"product_cat","embeddable":true,"href":"https:\/\/roveyayinevi.com.tr\/index.php\/wp-json\/wp\/v2\/product_cat?post=783562"},{"taxonomy":"product_tag","embeddable":true,"href":"https:\/\/roveyayinevi.com.tr\/index.php\/wp-json\/wp\/v2\/product_tag?post=783562"}],"curies":[{"name":"wp","href":"https:\/\/api.w.org\/{rel}","templated":true}]}}