{"id":783561,"date":"2026-02-26T22:31:14","date_gmt":"2026-02-26T19:31:14","guid":{"rendered":"https:\/\/roveyayinevi.com.tr\/index.php\/urun\/ataturk-yasasaydi\/"},"modified":"2026-02-27T02:39:25","modified_gmt":"2026-02-26T23:39:25","slug":"ataturk-yasasaydi","status":"publish","type":"product","link":"https:\/\/roveyayinevi.com.tr\/index.php\/urun\/ataturk-yasasaydi\/","title":{"rendered":"Atat\u00fcrk Ya\u015fasayd\u0131"},"content":{"rendered":"<p>Y\u00fczy\u0131llar nadir olarak d\u00e2hi yeti\u015ftirir. \u015eu talihsizli\u011fimize bak\u0131n ki 20. y\u00fczy\u0131l\u0131n d\u00e2hisi T\u00fcrklere nasip oldu ve kader onu bizim kar\u015f\u0131m\u0131za \u00e7\u0131kard\u0131. &#8211; David Lloyd George, \u0130ngiltere Ba\u015fbakan\u0131  Bu kitapta yer alan insanlar\u0131n isimlerinin, ya\u015flar\u0131n\u0131n ve memleketlerinin hi\u00e7bir \u00f6nemi yok benim i\u00e7in. Sizin i\u00e7in de olmas\u0131n. Tek \u00f6nemli olan \u015fey fikirlerimiz! Bu topraklarda ya\u015fayan her insan gibi Atat\u00fcrk\u2019e olan sevgiyi g\u00f6zlerimle g\u00f6rmek, okumak istedim. Bu \u00fclkeden, insanlardan umudunu kesen herkese \u201cBak\u0131n h\u00e2l\u00e2 umut var!\u201d demek istedim. Dilerim ki bu topraklar, hak etti\u011fi gibi en b\u00fcy\u00fck T\u00fcrk\u2019\u00fcn izinde daha \u00e7ok \u00e7al\u0131\u015fkan insanla daha da b\u00fcy\u00fcr ve geli\u015fir. Biz birbirimizin elinden tutmaz, sevgiyle ilerlemezsek geri kal\u0131r\u0131z, geride kal\u0131r\u0131z. Dilerim ki hepimiz dili, dini, memleketi, ya\u015f\u0131 geride b\u0131rakal\u0131m. Ayn\u0131 sevgide birle\u015felim. Fikir ayr\u0131l\u0131klar\u0131n\u0131 bile sevgiyle \u00e7\u00f6zelim.Yeter ki birle\u015felim. NE MUTLU T\u00dcRK\u2019\u00dcM D\u0130YENE!<\/p>\n","protected":false},"excerpt":{"rendered":"<p>Y\u00fczy\u0131llar nadir olarak d\u00e2hi yeti\u015ftirir. \u015eu talihsizli\u011fimize bak\u0131n ki 20. y\u00fczy\u0131l\u0131n d\u00e2hisi T\u00fcrklere nasip oldu ve kader onu bizim kar\u015f\u0131m\u0131za \u00e7\u0131kard\u0131. &#8211; David Lloyd George, \u0130ngiltere<span class=\"excerpt-hellip\"> [\u2026]<\/span><\/p>\n","protected":false},"featured_media":0,"template":"","meta":{"_monsterinsights_skip_tracking":false,"_monsterinsights_sitenote_active":false,"_monsterinsights_sitenote_note":"","_monsterinsights_sitenote_category":0},"product_brand":[],"product_cat":[12530,12304],"product_tag":[],"class_list":{"0":"post-783561","1":"product","2":"type-product","3":"status-publish","5":"product_cat-mustafa-kemal-ataturk","6":"product_cat-tarih","7":"pa_cilt-ciltsiz","8":"pa_tur-kitap","9":"pa_yayinevi-yakamoz-yayinevi","10":"pa_yazar-ahmet-mert-sahin","12":"first","13":"instock","14":"sale","15":"shipping-taxable","16":"purchasable","17":"product-type-simple"},"_links":{"self":[{"href":"https:\/\/roveyayinevi.com.tr\/index.php\/wp-json\/wp\/v2\/product\/783561","targetHints":{"allow":["GET"]}}],"collection":[{"href":"https:\/\/roveyayinevi.com.tr\/index.php\/wp-json\/wp\/v2\/product"}],"about":[{"href":"https:\/\/roveyayinevi.com.tr\/index.php\/wp-json\/wp\/v2\/types\/product"}],"wp:attachment":[{"href":"https:\/\/roveyayinevi.com.tr\/index.php\/wp-json\/wp\/v2\/media?parent=783561"}],"wp:term":[{"taxonomy":"product_brand","embeddable":true,"href":"https:\/\/roveyayinevi.com.tr\/index.php\/wp-json\/wp\/v2\/product_brand?post=783561"},{"taxonomy":"product_cat","embeddable":true,"href":"https:\/\/roveyayinevi.com.tr\/index.php\/wp-json\/wp\/v2\/product_cat?post=783561"},{"taxonomy":"product_tag","embeddable":true,"href":"https:\/\/roveyayinevi.com.tr\/index.php\/wp-json\/wp\/v2\/product_tag?post=783561"}],"curies":[{"name":"wp","href":"https:\/\/api.w.org\/{rel}","templated":true}]}}