{"id":783557,"date":"2026-02-26T22:26:28","date_gmt":"2026-02-26T19:26:28","guid":{"rendered":"https:\/\/roveyayinevi.com.tr\/index.php\/urun\/anksiyete-ve-depresyonda-metakognitif-terapi\/"},"modified":"2026-04-16T02:31:13","modified_gmt":"2026-04-15T23:31:13","slug":"anksiyete-ve-depresyonda-metakognitif-terapi","status":"publish","type":"product","link":"https:\/\/roveyayinevi.com.tr\/index.php\/urun\/anksiyete-ve-depresyonda-metakognitif-terapi\/","title":{"rendered":"Anksiyete ve Depresyonda Metakognitif Terapi"},"content":{"rendered":"<p>\u201c\u0130nsanlarla i\u015flev bozucu d\u00fc\u015f\u00fcnme kal\u0131plar\u0131 \u00fczerine \u00e7al\u0131\u015f\u0131rken zorlanan bir klinisyen olarak, Well\u2019in metotlar\u0131n\u0131n yararl\u0131l\u0131\u011f\u0131n\u0131 takdir ediyorum. Metakognitif Terapi (MKT) hem hastan\u0131n hem de terapistin bili\u015fsel terapinin tekrarlayan u\u011fra\u015f\u0131s\u0131ndan bir ad\u0131m geriye \u00e7ekilmesine yard\u0131mc\u0131 oluyor ve tedavinin \u00f6n\u00fcndeki engelleri a\u015fma potansiyeli i\u00e7eren yeni bir perspektif kazand\u0131r\u0131yor. \u0130yi kitap!\u201d-Monica Ramirez Basco, PhD, Texas \u00dcniversitesi\u201cBu kitap, hastalar\u0131n nas\u0131l d\u00fc\u015f\u00fcnd\u00fckleri kadar neye inand\u0131klar\u0131 \u00fczerine odaklanan yeni ve yenilik\u00e7i bir yakla\u015f\u0131m\u0131 sunmaktad\u0131r. Kitap temel bilimsel bir zemine sahiptir ve g\u00fc\u00e7l\u00fc klinik stratejilerle donat\u0131lm\u0131\u015ft\u0131r\u2026 (Ruh sa\u011fl\u0131\u011f\u0131 alan\u0131ndaki) profesyonel disiplinlerin e\u011fitiminde de\u011ferli bir ara\u00e7 olaca\u011f\u0131 muhakkakt\u0131r.\u201d-Steven D. Hollon, PhD, Vandelbilt \u00dcniversitesi\u201cBu devrimci kitab\u0131 okuyan klinisyenler, ba\u015fka hi\u00e7bir yerde bulunmayan teknikleri kullanabileceklerdir.\u201d-Robert L. Leahy, PhD, New York Presbiteryan Hastanesi<\/p>\n","protected":false},"excerpt":{"rendered":"<p>\u201c\u0130nsanlarla i\u015flev bozucu d\u00fc\u015f\u00fcnme kal\u0131plar\u0131 \u00fczerine \u00e7al\u0131\u015f\u0131rken zorlanan bir klinisyen olarak, Well\u2019in metotlar\u0131n\u0131n yararl\u0131l\u0131\u011f\u0131n\u0131 takdir ediyorum. Metakognitif Terapi (MKT) hem hastan\u0131n hem de terapistin bili\u015fsel terapinin<span class=\"excerpt-hellip\"> [\u2026]<\/span><\/p>\n","protected":false},"featured_media":0,"template":"","meta":{"_monsterinsights_skip_tracking":false,"_monsterinsights_sitenote_active":false,"_monsterinsights_sitenote_note":"","_monsterinsights_sitenote_category":0},"product_brand":[],"product_cat":[13365,20549],"product_tag":[],"class_list":{"0":"post-783557","1":"product","2":"type-product","3":"status-publish","5":"product_cat-saglik","6":"product_cat-saglik-iletisimi","7":"pa_cilt-ciltsiz","8":"pa_tur-kitap","9":"pa_yayinevi-litera-yayinlari","10":"pa_yazar-adrian-wells","12":"first","13":"instock","14":"sale","15":"shipping-taxable","16":"purchasable","17":"product-type-simple"},"_links":{"self":[{"href":"https:\/\/roveyayinevi.com.tr\/index.php\/wp-json\/wp\/v2\/product\/783557","targetHints":{"allow":["GET"]}}],"collection":[{"href":"https:\/\/roveyayinevi.com.tr\/index.php\/wp-json\/wp\/v2\/product"}],"about":[{"href":"https:\/\/roveyayinevi.com.tr\/index.php\/wp-json\/wp\/v2\/types\/product"}],"wp:attachment":[{"href":"https:\/\/roveyayinevi.com.tr\/index.php\/wp-json\/wp\/v2\/media?parent=783557"}],"wp:term":[{"taxonomy":"product_brand","embeddable":true,"href":"https:\/\/roveyayinevi.com.tr\/index.php\/wp-json\/wp\/v2\/product_brand?post=783557"},{"taxonomy":"product_cat","embeddable":true,"href":"https:\/\/roveyayinevi.com.tr\/index.php\/wp-json\/wp\/v2\/product_cat?post=783557"},{"taxonomy":"product_tag","embeddable":true,"href":"https:\/\/roveyayinevi.com.tr\/index.php\/wp-json\/wp\/v2\/product_tag?post=783557"}],"curies":[{"name":"wp","href":"https:\/\/api.w.org\/{rel}","templated":true}]}}