{"id":783556,"date":"2026-02-26T22:26:19","date_gmt":"2026-02-26T19:26:19","guid":{"rendered":"https:\/\/roveyayinevi.com.tr\/index.php\/urun\/bilgi-ahlaktan-ayrildiginda\/"},"modified":"2026-04-16T02:31:05","modified_gmt":"2026-04-15T23:31:05","slug":"bilgi-ahlaktan-ayrildiginda","status":"publish","type":"product","link":"https:\/\/roveyayinevi.com.tr\/index.php\/urun\/bilgi-ahlaktan-ayrildiginda\/","title":{"rendered":"Bilgi Ahlaktan Ayr\u0131ld\u0131\u011f\u0131nda"},"content":{"rendered":"<p>Yap\u0131c\u0131-ele\u015ftirel yakla\u015f\u0131m\u0131yla \u00fcmit verici ve yenilik\u00e7i d\u00fc\u015f\u00fcnceye ba\u015flang\u0131\u00e7 yapan Taha Abdurrahman, entelekt\u00fcel b\u00fct\u00fcnl\u00fc\u011f\u00fcyle kayda de\u011fer bir k\u00fclliyat ortaya koymu\u015ftur. Bilgi Ahlaktan Ayr\u0131ld\u0131\u011f\u0131nda, Taha Abdurrahman\u2019la yap\u0131lm\u0131\u015f s\u00f6yle\u015filerden olu\u015fuyor. Kitap d\u00fc\u015f\u00fcn\u00fcr\u00fcn, d\u00fc\u015f\u00fcnce, modernlik, gelenek, ahlak, modern okumalar, felsefi miras, ifade h\u00fcrriyeti gibi \u00e7a\u011fda\u015f tart\u0131\u015fmalar konusundaki ola\u011fan\u00fcst\u00fc birikimini yans\u0131t\u0131yor. Tam da bundan \u00f6t\u00fcr\u00fc Taha Abdurrahman\u2019\u0131n temel tezlerinin ve kavramlar\u0131n\u0131n de\u011fi\u015fik ba\u011flamlarda nas\u0131l anla\u015f\u0131ld\u0131\u011f\u0131 ve yorumland\u0131\u011f\u0131 konusunda da okura fikir veriyor. S\u00f6yle\u015finin verimini g\u00f6zler \u00f6n\u00fcne seren Bilgi Ahlaktan Ayr\u0131ld\u0131\u011f\u0131nda, Taha Abdurrahman\u2019\u0131n d\u00fc\u015f\u00fcncesiyle yeni tan\u0131\u015fanlar i\u00e7in oldu\u011fu kadar bu konuda derinle\u015fmek isteyenler i\u00e7in de anahtar niteli\u011finde. Taha Abdurrahman\u2019\u0131n d\u00fc\u015f\u00fcncelerinin geli\u015fim seyrini g\u00f6zler \u00f6n\u00fcne seren bu s\u00f6yle\u015filer, sadece \u00e7a\u011fda\u015f \u0130sl\u00e2m d\u00fc\u015f\u00fcncesiyle de\u011fil k\u00fclt\u00fcrle, d\u00fc\u015f\u00fcnce tarihiyle, felsefe gelene\u011fi ile ilgilenenlerin de dikkatini \u00e7ekecek derinlikte tart\u0131\u015fmalar bar\u0131nd\u0131r\u0131yor.<\/p>\n","protected":false},"excerpt":{"rendered":"<p>Yap\u0131c\u0131-ele\u015ftirel yakla\u015f\u0131m\u0131yla \u00fcmit verici ve yenilik\u00e7i d\u00fc\u015f\u00fcnceye ba\u015flang\u0131\u00e7 yapan Taha Abdurrahman, entelekt\u00fcel b\u00fct\u00fcnl\u00fc\u011f\u00fcyle kayda de\u011fer bir k\u00fclliyat ortaya koymu\u015ftur. Bilgi Ahlaktan Ayr\u0131ld\u0131\u011f\u0131nda, Taha Abdurrahman\u2019la yap\u0131lm\u0131\u015f s\u00f6yle\u015filerden<span class=\"excerpt-hellip\"> [\u2026]<\/span><\/p>\n","protected":false},"featured_media":0,"template":"","meta":{"_monsterinsights_skip_tracking":false,"_monsterinsights_sitenote_active":false,"_monsterinsights_sitenote_note":"","_monsterinsights_sitenote_category":0},"product_brand":[],"product_cat":[12389,12388],"product_tag":[],"class_list":{"0":"post-783556","1":"product","2":"type-product","3":"status-publish","5":"product_cat-diger-felsefe","6":"product_cat-felsefe","7":"pa_cilt-ciltsiz","8":"pa_tur-kitap","9":"pa_yayinevi-pinar-yayinlari","10":"pa_yazar-taha-abdurrahman","12":"first","13":"instock","14":"sale","15":"shipping-taxable","16":"purchasable","17":"product-type-simple"},"_links":{"self":[{"href":"https:\/\/roveyayinevi.com.tr\/index.php\/wp-json\/wp\/v2\/product\/783556","targetHints":{"allow":["GET"]}}],"collection":[{"href":"https:\/\/roveyayinevi.com.tr\/index.php\/wp-json\/wp\/v2\/product"}],"about":[{"href":"https:\/\/roveyayinevi.com.tr\/index.php\/wp-json\/wp\/v2\/types\/product"}],"wp:attachment":[{"href":"https:\/\/roveyayinevi.com.tr\/index.php\/wp-json\/wp\/v2\/media?parent=783556"}],"wp:term":[{"taxonomy":"product_brand","embeddable":true,"href":"https:\/\/roveyayinevi.com.tr\/index.php\/wp-json\/wp\/v2\/product_brand?post=783556"},{"taxonomy":"product_cat","embeddable":true,"href":"https:\/\/roveyayinevi.com.tr\/index.php\/wp-json\/wp\/v2\/product_cat?post=783556"},{"taxonomy":"product_tag","embeddable":true,"href":"https:\/\/roveyayinevi.com.tr\/index.php\/wp-json\/wp\/v2\/product_tag?post=783556"}],"curies":[{"name":"wp","href":"https:\/\/api.w.org\/{rel}","templated":true}]}}