{"id":783552,"date":"2026-02-26T22:23:18","date_gmt":"2026-02-26T19:23:18","guid":{"rendered":"https:\/\/roveyayinevi.com.tr\/index.php\/urun\/abdullah-olmak\/"},"modified":"2026-04-16T02:29:16","modified_gmt":"2026-04-15T23:29:16","slug":"abdullah-olmak","status":"publish","type":"product","link":"https:\/\/roveyayinevi.com.tr\/index.php\/urun\/abdullah-olmak\/","title":{"rendered":"Abdullah Olmak"},"content":{"rendered":"<p>21. y\u00fczy\u0131lda insanlar\u0131m\u0131z\u0131n b\u00fcy\u00fck s\u0131k\u0131nt\u0131lar\u0131n\u0131n temeline\/sebebine bakt\u0131\u011f\u0131m\u0131zda sah\u00e2be gibi Allah\u2019a yara\u015f\u0131r bir \u015fekilde kulluk vazifelerini yerine getirememeleri oldu\u011funu g\u00f6rmekteyiz. Halbuki Asr-\u0131 Sa\u00e2det\u2019e y\u00f6n\u00fcm\u00fcz\u00fc \u00e7evirdi\u011fimizde \u201cAbdullah Olmak\u201d demenin insanlar i\u00e7in en b\u00fcy\u00fck \u00f6d\u00fcl ve nimet oldu\u011fu son derece a\u015fik\u00e2r bir hakikattir. Ayn\u0131 zamanda \u201cAbdullah Olmak\u201d, Rabbimizin bir projesi olarak insan\u0131n yarat\u0131\u015f amac\u0131n\u0131n nihai hedefidir. Allah Res\u00fbl\u00fc (sas) bir g\u00fcn buyurdu ki: \u201cSize en hay\u0131rl\u0131lar\u0131n\u0131z\u0131n kim oldu\u011funu haber vereyim mi?\u201d Sah\u00e2be b\u00fcy\u00fck bir dikkatle: \u201cEvet, ey Allah\u2019\u0131n Res\u00fbl\u00fc (sas)!\u201d dedi. Efendimiz (sas) de: \u201cSizin en hay\u0131rl\u0131n\u0131z, g\u00f6r\u00fcld\u00fc\u011f\u00fc zaman aziz ve celil olan Allah\u2019\u0131 hat\u0131rlatan\u0131n\u0131zd\u0131r.\u201d buyurdu. <\/p>\n","protected":false},"excerpt":{"rendered":"<p>21. y\u00fczy\u0131lda insanlar\u0131m\u0131z\u0131n b\u00fcy\u00fck s\u0131k\u0131nt\u0131lar\u0131n\u0131n temeline\/sebebine bakt\u0131\u011f\u0131m\u0131zda sah\u00e2be gibi Allah\u2019a yara\u015f\u0131r bir \u015fekilde kulluk vazifelerini yerine getirememeleri oldu\u011funu g\u00f6rmekteyiz. Halbuki Asr-\u0131 Sa\u00e2det\u2019e y\u00f6n\u00fcm\u00fcz\u00fc \u00e7evirdi\u011fimizde \u201cAbdullah Olmak\u201d<span class=\"excerpt-hellip\"> [\u2026]<\/span><\/p>\n","protected":false},"featured_media":0,"template":"","meta":{"_monsterinsights_skip_tracking":false,"_monsterinsights_sitenote_active":false,"_monsterinsights_sitenote_note":"","_monsterinsights_sitenote_category":0},"product_brand":[],"product_cat":[18094,12718,12719],"product_tag":[],"class_list":{"0":"post-783552","1":"product","2":"type-product","3":"status-publish","5":"product_cat-biyografi-otobiyografi-islam","6":"product_cat-din","7":"product_cat-islam","8":"pa_cilt-ciltsiz","9":"pa_tur-kitap","10":"pa_yayinevi-siyer-yayinlari","11":"pa_yazar-muhammed-emin-yildirim","13":"first","14":"instock","15":"sale","16":"shipping-taxable","17":"purchasable","18":"product-type-simple"},"_links":{"self":[{"href":"https:\/\/roveyayinevi.com.tr\/index.php\/wp-json\/wp\/v2\/product\/783552","targetHints":{"allow":["GET"]}}],"collection":[{"href":"https:\/\/roveyayinevi.com.tr\/index.php\/wp-json\/wp\/v2\/product"}],"about":[{"href":"https:\/\/roveyayinevi.com.tr\/index.php\/wp-json\/wp\/v2\/types\/product"}],"wp:attachment":[{"href":"https:\/\/roveyayinevi.com.tr\/index.php\/wp-json\/wp\/v2\/media?parent=783552"}],"wp:term":[{"taxonomy":"product_brand","embeddable":true,"href":"https:\/\/roveyayinevi.com.tr\/index.php\/wp-json\/wp\/v2\/product_brand?post=783552"},{"taxonomy":"product_cat","embeddable":true,"href":"https:\/\/roveyayinevi.com.tr\/index.php\/wp-json\/wp\/v2\/product_cat?post=783552"},{"taxonomy":"product_tag","embeddable":true,"href":"https:\/\/roveyayinevi.com.tr\/index.php\/wp-json\/wp\/v2\/product_tag?post=783552"}],"curies":[{"name":"wp","href":"https:\/\/api.w.org\/{rel}","templated":true}]}}