{"id":783549,"date":"2026-02-26T22:21:56","date_gmt":"2026-02-26T19:21:56","guid":{"rendered":"https:\/\/roveyayinevi.com.tr\/index.php\/urun\/muslumanlarin-gerilemesiyle-dunya-neler-kaybetti\/"},"modified":"2026-04-16T02:27:38","modified_gmt":"2026-04-15T23:27:38","slug":"muslumanlarin-gerilemesiyle-dunya-neler-kaybetti","status":"publish","type":"product","link":"https:\/\/roveyayinevi.com.tr\/index.php\/urun\/muslumanlarin-gerilemesiyle-dunya-neler-kaybetti\/","title":{"rendered":"M\u00fcsl\u00fcmanlar\u0131n Gerilemesiyle D\u00fcnya Neler Kaybetti"},"content":{"rendered":"<p>\u201cM\u00fcsl\u00fcman, dalgalar\u0131n \u00f6n\u00fcnde s\u00fcr\u00fcklenmek veya insanl\u0131k kervan\u0131n\u0131n ard\u0131nda kuyruk olmak i\u00e7in yarat\u0131lmam\u0131\u015ft\u0131r. Medeniyete ve \u00e2leme y\u00f6n vermek i\u00e7in d\u00fcnyaya gelmi\u015ftir. \u0130nsanl\u0131\u011fa yol g\u00f6steren be\u015feriyete g\u00fc\u00e7 veren, odur. \u00c7\u00fcnk\u00fc o, b\u00fcy\u00fck bir davan\u0131n adam\u0131 ve ger\u00e7ek ilmin sahibidir. D\u00fcnyan\u0131n gidi\u015fat\u0131ndan ve harek\u00e2t\u0131ndan mesuld\u00fcr. Ba\u015fkalar\u0131na \u00f6zenmek ve ba\u015fkalar\u0131n\u0131n izini takip etmek ona yara\u015fmaz. Onun vazifesi y\u00f6n vermek, kumandanl\u0131k yapmak, lider olmak, ir\u015fad etmek, iyili\u011fi emretmek ve k\u00f6t\u00fcl\u00fc\u011f\u00fc yasaklamakt\u0131r. E\u011fer zaman b\u00fcsb\u00fct\u00fcn k\u00f6t\u00fcle\u015fir, toplum isyan duygular\u0131yla kabar\u0131r ve do\u011fru yoldan saparsa; M\u00fcsl\u00fcman\u0131n vazifesi zamana teslim olmak yani zamana uymak de\u011fildir. Bu durum kar\u015f\u0131s\u0131nda M\u00fcsl\u00fcman\u0131n vazifesi, Allah\u2019\u0131n h\u00fckm\u00fc tecelli edinceye kadar k\u00f6t\u00fcl\u00fcklerle y\u0131lmadan m\u00fccadele etmektir. Tarifi imk\u00e2ns\u0131z g\u00fc\u00e7l\u00fckler ve zorluklar kar\u015f\u0131s\u0131nda y\u0131lmak, kaza ve kadere s\u0131\u011f\u0131nmak; zay\u0131f ve baya\u011f\u0131 ki\u015filerin harc\u0131d\u0131r. Ger\u00e7ek M\u00fcsl\u00fcman, Allah\u2019\u0131n \u00fcst\u00fcn kazas\u0131 ve de\u011fi\u015fmeyen kaderidir.\u201d der M\u00fcsl\u00fcman\u2019\u0131 tarif ederken Muhammed \u0130kbal\u2026Elinizdeki bu kitap; \u0130sl\u00e2m\u2019\u0131n ortaya \u00e7\u0131k\u0131\u015f\u0131ndan itibaren M\u00fcsl\u00fcmanlar\u0131n b\u00fct\u00fcn d\u00f6nemlerini hemen her a\u00e7\u0131dan ele almakta; ba\u015far\u0131lar\u0131n\u0131, hatalar\u0131n\u0131 ve bunlar\u0131n nedenlerini ad\u0131m ad\u0131m i\u015flemektedir. Bu s\u00fcreci anlat\u0131rken de d\u00fcnyan\u0131n i\u00e7inde bulundu\u011fu atmosferi; \u00c7in\u2019den Hindistan\u2019a; Bat\u0131 D\u00fcnya\u2019s\u0131ndan \u0130ran uzanan geni\u015f bir co\u011frafya \u00fczerinden g\u00f6zlerinizin \u00f6n\u00fcne serer.M\u00fcsl\u00fcmanlar\u0131n gerilemesinin nedenlerini ve M\u00fcsl\u00fcmanlar\u0131n gerilemesi ile d\u00fcnyan\u0131n neler kaybetti\u011fini i\u015fleyen bu kitap; bir yandan sizi sorunlarla y\u00fczle\u015ftirirken; di\u011fer yandan da sundu\u011fu \u00e7\u00f6z\u00fcm \u00f6nerileri ile d\u00fc\u015f\u00fcnd\u00fcr\u00fcp, daha iyiye do\u011fru y\u00f6nlendirmek istemektedir.\u00c7\u00fcnk\u00fc yazar\u0131n deyimi ile \u201cE\u011fer M\u00fcsl\u00fcmanlar, insanl\u0131k \u00e2leminin y\u00f6netimini yeniden ellerine almak istiyorlarsa her \u015feyden \u00f6nce etkisi, s\u00f6zlerinden ve davran\u0131\u015flar\u0131ndan izlenebilecek ger\u00e7ek bir imana sahip olmalar\u0131 gerekir.\u201d<\/p>\n","protected":false},"excerpt":{"rendered":"<p>\u201cM\u00fcsl\u00fcman, dalgalar\u0131n \u00f6n\u00fcnde s\u00fcr\u00fcklenmek veya insanl\u0131k kervan\u0131n\u0131n ard\u0131nda kuyruk olmak i\u00e7in yarat\u0131lmam\u0131\u015ft\u0131r. Medeniyete ve \u00e2leme y\u00f6n vermek i\u00e7in d\u00fcnyaya gelmi\u015ftir. \u0130nsanl\u0131\u011fa yol g\u00f6steren be\u015feriyete g\u00fc\u00e7 veren,<span class=\"excerpt-hellip\"> [\u2026]<\/span><\/p>\n","protected":false},"featured_media":0,"template":"","meta":{"_monsterinsights_skip_tracking":false,"_monsterinsights_sitenote_active":false,"_monsterinsights_sitenote_note":"","_monsterinsights_sitenote_category":0},"product_brand":[],"product_cat":[16789,12718,12719],"product_tag":[],"class_list":{"0":"post-783549","1":"product","2":"type-product","3":"status-publish","5":"product_cat-diger-islam","6":"product_cat-din","7":"product_cat-islam","8":"pa_cilt-ciltsiz","9":"pa_tur-kitap","10":"pa_yayinevi-risale","11":"pa_yazar-ebul-hasen-en-nedvi","13":"first","14":"instock","15":"sale","16":"shipping-taxable","17":"purchasable","18":"product-type-simple"},"_links":{"self":[{"href":"https:\/\/roveyayinevi.com.tr\/index.php\/wp-json\/wp\/v2\/product\/783549","targetHints":{"allow":["GET"]}}],"collection":[{"href":"https:\/\/roveyayinevi.com.tr\/index.php\/wp-json\/wp\/v2\/product"}],"about":[{"href":"https:\/\/roveyayinevi.com.tr\/index.php\/wp-json\/wp\/v2\/types\/product"}],"wp:attachment":[{"href":"https:\/\/roveyayinevi.com.tr\/index.php\/wp-json\/wp\/v2\/media?parent=783549"}],"wp:term":[{"taxonomy":"product_brand","embeddable":true,"href":"https:\/\/roveyayinevi.com.tr\/index.php\/wp-json\/wp\/v2\/product_brand?post=783549"},{"taxonomy":"product_cat","embeddable":true,"href":"https:\/\/roveyayinevi.com.tr\/index.php\/wp-json\/wp\/v2\/product_cat?post=783549"},{"taxonomy":"product_tag","embeddable":true,"href":"https:\/\/roveyayinevi.com.tr\/index.php\/wp-json\/wp\/v2\/product_tag?post=783549"}],"curies":[{"name":"wp","href":"https:\/\/api.w.org\/{rel}","templated":true}]}}