{"id":783547,"date":"2026-02-26T22:21:01","date_gmt":"2026-02-26T19:21:01","guid":{"rendered":"https:\/\/roveyayinevi.com.tr\/index.php\/urun\/tarih-boyunca-tevhid-mucadelesi-ve-hz-peygamberin-hayati-2-cilt-takim\/"},"modified":"2026-04-16T02:26:48","modified_gmt":"2026-04-15T23:26:48","slug":"tarih-boyunca-tevhid-mucadelesi-ve-hz-peygamberin-hayati-2-cilt-takim","status":"publish","type":"product","link":"https:\/\/roveyayinevi.com.tr\/index.php\/urun\/tarih-boyunca-tevhid-mucadelesi-ve-hz-peygamberin-hayati-2-cilt-takim\/","title":{"rendered":"Tarih Boyunca Tevhid M\u00fccadelesi ve Hz. Peygamber&#8217;in Hayat\u0131 (2 Cilt Tak\u0131m)"},"content":{"rendered":"<p>&#8220;\u0130sl\u00e2m nimeti her devirde insana ancak iki kaynaktan gelmi\u015ftir. Birincisi, Allah&#8217;\u0131n kel\u00e2m\u0131, ikincisi Allah&#8217;\u0131n peygamberleri (Allah&#8217;\u0131n sel\u00e2m\u0131 onlar\u0131n \u00fczerine olsun). O peygamberler ki Allah-\u00fc Teal\u00e2 taraf\u0131ndan sadece kel\u00e2m\u0131n\u0131 yaymak, buyruklar\u0131n\u0131 duyurmak ve a\u00e7\u0131klamakla de\u011fil, ayn\u0131 zamanda bunlar\u0131n nas\u0131l tatbik edildi\u011fini ve ba\u015fkalar\u0131na nas\u0131l \u00f6rnek olabileceklerini g\u00f6stermek i\u00e7in de g\u00f6revlendirmi\u015flerdir. Peygamberler ayn\u0131 zamanda, Kur&#8217;an&#8217;\u0131n belirledi\u011fi ama\u00e7lar\u0131 var\u0131labilmesi i\u00e7in, fertler ile toplumu denetlemeye, insan hayat\u0131n\u0131n eksikliklerini d\u00fczeltmeye de memurdurlar.Hem Kur&#8217;an-\u0131 Kerim, hem Hz. Muhammed (s.a.v.)in vazifesi ayn\u0131 olup, ayn\u0131 amac\u0131 ta\u015f\u0131maktad\u0131rlar. Onlar\u0131 ger\u00e7ek anlamda kavramam\u0131z, ancak o vazife ve amac\u0131 anlama derecemize ba\u011fl\u0131d\u0131r. Bu ger\u00e7ek unutuldu\u011fu takdirde, Kur&#8217;an-\u0131 Kerim yaln\u0131z s\u00f6zler y\u0131\u011f\u0131n\u0131 ve siret-i m\u00fcbarek de sadece bir hayat hik\u00e2yesi ve olaylar zincirinden ibaret kal\u0131r. Siz, s\u00f6zl\u00fck, kitap, belge, ilm\u00ee \u00e7al\u0131\u015fma ve ara\u015ft\u0131rmalar ile bir y\u0131\u011f\u0131n tefsir kitaplar\u0131 yazabilirsiniz. Tarihi ara\u015ft\u0131rmadaki ustal\u0131\u011f\u0131n\u0131zla da Hazreti Peygamberin \u015fahsiyeti ve asr-\u0131 saadet ile ilgili belki de en do\u011fru ve en geni\u015f bilgileri toplayabilirsiniz. Fakat, dinin ruhuna ve \u00f6z\u00fcne varamazs\u0131n\u0131z. \u00c7\u00fcnk\u00fc bu i\u015f yaln\u0131z s\u00f6zler ve olaylarla bitmiyor, as\u0131l var\u0131lmak istenen o ama\u00e7 ve hedeftir ki, u\u011fruna Kur&#8217;an-\u0131 Kerim indirilmi\u015f ve Muhammed Mustafa (s.a.v.) \u00f6rnek olarak bize g\u00f6nderilmi\u015ftir. Bu ama\u00e7 ne kadar iyi anla\u015f\u0131l\u0131rsa, Kur&#8217;an ve siyer de o kadar iyi anla\u015f\u0131lacak ve ne kadar yanl\u0131\u015f anla\u015f\u0131l\u0131rsa, ikisi hakk\u0131ndaki bilgimiz de o derece yanl\u0131\u015f ve eksik olacakt\u0131r.&#8221;Mevdudi<\/p>\n","protected":false},"excerpt":{"rendered":"<p>&#8220;\u0130sl\u00e2m nimeti her devirde insana ancak iki kaynaktan gelmi\u015ftir. Birincisi, Allah&#8217;\u0131n kel\u00e2m\u0131, ikincisi Allah&#8217;\u0131n peygamberleri (Allah&#8217;\u0131n sel\u00e2m\u0131 onlar\u0131n \u00fczerine olsun). O peygamberler ki Allah-\u00fc Teal\u00e2 taraf\u0131ndan<span class=\"excerpt-hellip\"> [\u2026]<\/span><\/p>\n","protected":false},"featured_media":0,"template":"","meta":{"_monsterinsights_skip_tracking":false,"_monsterinsights_sitenote_active":false,"_monsterinsights_sitenote_note":"","_monsterinsights_sitenote_category":0},"product_brand":[],"product_cat":[13036,12718,12719],"product_tag":[],"class_list":{"0":"post-783547","1":"product","2":"type-product","3":"status-publish","5":"product_cat-arastirma-inceleme-islam","6":"product_cat-din","7":"product_cat-islam","8":"pa_cilt-ciltsiz","9":"pa_tur-kitap","10":"pa_yayinevi-pinar-yayinlari","11":"pa_yazar-ebul-ala-mevdudi","13":"first","14":"instock","15":"sale","16":"shipping-taxable","17":"purchasable","18":"product-type-simple"},"_links":{"self":[{"href":"https:\/\/roveyayinevi.com.tr\/index.php\/wp-json\/wp\/v2\/product\/783547","targetHints":{"allow":["GET"]}}],"collection":[{"href":"https:\/\/roveyayinevi.com.tr\/index.php\/wp-json\/wp\/v2\/product"}],"about":[{"href":"https:\/\/roveyayinevi.com.tr\/index.php\/wp-json\/wp\/v2\/types\/product"}],"wp:attachment":[{"href":"https:\/\/roveyayinevi.com.tr\/index.php\/wp-json\/wp\/v2\/media?parent=783547"}],"wp:term":[{"taxonomy":"product_brand","embeddable":true,"href":"https:\/\/roveyayinevi.com.tr\/index.php\/wp-json\/wp\/v2\/product_brand?post=783547"},{"taxonomy":"product_cat","embeddable":true,"href":"https:\/\/roveyayinevi.com.tr\/index.php\/wp-json\/wp\/v2\/product_cat?post=783547"},{"taxonomy":"product_tag","embeddable":true,"href":"https:\/\/roveyayinevi.com.tr\/index.php\/wp-json\/wp\/v2\/product_tag?post=783547"}],"curies":[{"name":"wp","href":"https:\/\/api.w.org\/{rel}","templated":true}]}}