{"id":783542,"date":"2026-02-26T22:19:58","date_gmt":"2026-02-26T19:19:58","guid":{"rendered":"https:\/\/roveyayinevi.com.tr\/index.php\/urun\/hilafetten-saltanata-emeviler-donemi\/"},"modified":"2026-04-16T02:25:49","modified_gmt":"2026-04-15T23:25:49","slug":"hilafetten-saltanata-emeviler-donemi","status":"publish","type":"product","link":"https:\/\/roveyayinevi.com.tr\/index.php\/urun\/hilafetten-saltanata-emeviler-donemi\/","title":{"rendered":"Hilafetten Saltanata Emeviler D\u00f6nemi"},"content":{"rendered":"<p>Her \u015fey Devlet i\u00e7in zihniyeti m\u00fcsl\u00fcmanlar\u0131n kafalar\u0131na o denli yerle\u015ftirildi ki, her \u015fey din i\u00e7in inanc\u0131 kayboldu. Ve m\u00fcsl\u00fcmanlar saltanat ve diktatorya rejimleri u\u011fruna ulu`l-emr`ler zihniyetinin kullar\u0131 oldular. Ulu`l-emr -nas\u0131l olursa olsun- la yus`el bir hale getirilip kutsalla\u015ft\u0131r\u0131ld\u0131. Bug\u00fcn d\u00fcnyan\u0131n \u00e7e\u015fitli yerlerinde m\u00fcsl\u00fcmanlar\u0131 ezen ulu`l-emr`ler, Yezid zihniyetinin miras\u00e7\u0131s\u0131 oldular ve kendileri i\u00e7in dokunulmazl\u0131k kanunlar\u0131 \u00e7\u0131kartarak, saltanatlar\u0131n\u0131 s\u00fcrd\u00fcrd\u00fcler, s\u00fcrd\u00fcr\u00fcyorlar. Ve sar\u0131kl\u0131-c\u00fcbbeli hocalar, bunlara itaat\u0131n vacib oldu\u011funu anlat\u0131r dururlar cami k\u00fcrs\u00fclerinde&#8230; Eb\u00fb Serr diyor ki: Allah, ma`ruf`u emredip onu terk edene ve m\u00fcnker`den sak\u0131nd\u0131r\u0131p onu yapanlara la`let etsin!&#8230;<\/p>\n","protected":false},"excerpt":{"rendered":"<p>Her \u015fey Devlet i\u00e7in zihniyeti m\u00fcsl\u00fcmanlar\u0131n kafalar\u0131na o denli yerle\u015ftirildi ki, her \u015fey din i\u00e7in inanc\u0131 kayboldu. Ve m\u00fcsl\u00fcmanlar saltanat ve diktatorya rejimleri u\u011fruna ulu`l-emr`ler zihniyetinin<span class=\"excerpt-hellip\"> [\u2026]<\/span><\/p>\n","protected":false},"featured_media":0,"template":"","meta":{"_monsterinsights_skip_tracking":false,"_monsterinsights_sitenote_active":false,"_monsterinsights_sitenote_note":"","_monsterinsights_sitenote_category":0},"product_brand":[],"product_cat":[12718,12719,18109],"product_tag":[],"class_list":{"0":"post-783542","1":"product","2":"type-product","3":"status-publish","5":"product_cat-din","6":"product_cat-islam","7":"product_cat-islam-tarihi","8":"pa_cilt-ciltsiz","9":"pa_tur-kitap","10":"pa_yayinevi-beyan-yayinlari","11":"pa_yazar-ihsan-sureyya-sirma","13":"first","14":"instock","15":"sale","16":"shipping-taxable","17":"purchasable","18":"product-type-simple"},"_links":{"self":[{"href":"https:\/\/roveyayinevi.com.tr\/index.php\/wp-json\/wp\/v2\/product\/783542","targetHints":{"allow":["GET"]}}],"collection":[{"href":"https:\/\/roveyayinevi.com.tr\/index.php\/wp-json\/wp\/v2\/product"}],"about":[{"href":"https:\/\/roveyayinevi.com.tr\/index.php\/wp-json\/wp\/v2\/types\/product"}],"wp:attachment":[{"href":"https:\/\/roveyayinevi.com.tr\/index.php\/wp-json\/wp\/v2\/media?parent=783542"}],"wp:term":[{"taxonomy":"product_brand","embeddable":true,"href":"https:\/\/roveyayinevi.com.tr\/index.php\/wp-json\/wp\/v2\/product_brand?post=783542"},{"taxonomy":"product_cat","embeddable":true,"href":"https:\/\/roveyayinevi.com.tr\/index.php\/wp-json\/wp\/v2\/product_cat?post=783542"},{"taxonomy":"product_tag","embeddable":true,"href":"https:\/\/roveyayinevi.com.tr\/index.php\/wp-json\/wp\/v2\/product_tag?post=783542"}],"curies":[{"name":"wp","href":"https:\/\/api.w.org\/{rel}","templated":true}]}}