{"id":783534,"date":"2026-02-26T22:14:22","date_gmt":"2026-02-26T19:14:22","guid":{"rendered":"https:\/\/roveyayinevi.com.tr\/index.php\/urun\/iyi-ki-varsin-ataturk-imzali\/"},"modified":"2026-02-27T02:23:41","modified_gmt":"2026-02-26T23:23:41","slug":"iyi-ki-varsin-ataturk-imzali","status":"publish","type":"product","link":"https:\/\/roveyayinevi.com.tr\/index.php\/urun\/iyi-ki-varsin-ataturk-imzali\/","title":{"rendered":"\u0130yi ki Vars\u0131n Atat\u00fcrk (\u0130mzal\u0131)"},"content":{"rendered":"<p>B\u00fcy\u00fck adam, b\u00fcy\u00fck insan, ayd\u0131n izinden y\u00fcr\u00fcd\u00fc\u011f\u00fcm\u00fcz Mustafa Kemal Atat\u00fcrk sadece ya\u015fad\u0131\u011f\u0131 d\u00f6nemin de\u011fil, d\u00fcnyan\u0131n gelmi\u015f ge\u00e7mi\u015f en b\u00fcy\u00fck devlet adamlar\u0131ndan biriydi. Yoktan var etti\u011fi, devrimlerle ta\u00e7land\u0131rd\u0131\u011f\u0131 T\u00fcrkiye Cumhuriyeti&#8217;ni yaratmak kolay de\u011fildi. Elinde insan kadrosu yoktu. \u00dcniversite bitirenler, doktorlar, m\u00fchendisler, hukuk\u00e7ular, e\u011fitimciler ve \u00f6tekilerin say\u0131s\u0131 \u00e7ok azd\u0131.Cumhuriyet elde kalan o k\u0131s\u0131tl\u0131 kadrolarla kuruldu, devrimler o kadrolarla yap\u0131ld\u0131.. Atat\u00fcrk yeni devleti kurarken elde enkaz d\u0131\u015f\u0131nda bir \u015fey yoktu. Tar\u0131m \u00e7\u00f6km\u00fc\u015ft\u00fc. Fabrika ve \u00fcretim yoktu.. E\u011fitim d\u00fczeyi s\u0131f\u0131ra yak\u0131nd\u0131. \u0130nsanlar a\u00e7 ve peri\u015fand\u0131. Dahas\u0131, yol yoktu. Demiryollar\u0131n\u0131n yap\u0131m\u0131na ba\u015flan\u0131p bitirilmesi \u00f6ylesine \u00f6nemli idi ki, \u201cDemir a\u011flarla \u00f6rd\u00fck anayurdu d\u00f6rt ba\u015ftan\u201d diye mar\u015flar bestelendi. \u0130lk ulusal fabrikalar\u0131m\u0131z a\u00e7\u0131l\u0131rken millet bayram etti.Ama bir \u201cAtat\u00fcrk ger\u00e7e\u011fi\u201d daha vard\u0131.. Fakirdik, param\u0131z yoktu. Buna kar\u015f\u0131n onurumuzu korumu\u015ftuk.. Atat\u00fcrk el kap\u0131lar\u0131nda yalvarmad\u0131, kimsenin pe\u015finden ko\u015fmad\u0131, \u00fclkemizi ve milletimizi bir g\u00fcn olsun k\u00fc\u00e7\u00fck d\u00fc\u015f\u00fcrmedi.. \u00c7ok \u00f6nemli bir ger\u00e7ek daha:. Atat\u00fcrk hi\u00e7bir zaman \u201cMacerac\u0131\u201d olmad\u0131. Sa\u011fa sola posta koymad\u0131, z\u0131rvalamad\u0131!. D\u00f6nemin devlet adamlar\u0131na bak\u0131n. Rusya&#8217;da Stalin, Almanya&#8217;da Hitler, \u0130talya&#8217;da Mussolini. Her biri kan emici, macerac\u0131 diktat\u00f6rler.. Atat\u00fcrk hepsiyle mesafeli kald\u0131.. \u0130steseydi, elindeki g\u00fcc\u00fc kullansayd\u0131, gen\u00e7 T\u00fcrk devletini bir s\u00fcr\u00fc maceraya sokmas\u0131 i\u015ften bile olmazd\u0131. O, d\u00fcnyan\u0131n en sayg\u0131n devlet adamlar\u0131ndan biriydi.. Hi\u00e7 kimse unutmas\u0131n, bug\u00fcn hangi olanaklara sahipsek, hangi \u00f6zg\u00fcrl\u00fckleri ya\u015f\u0131yorsak, onun sayesindedir. Buna din ve ibadet \u00f6zg\u00fcrl\u00fc\u011f\u00fc dahildir.Bug\u00fcn Atat\u00fcrk&#8217;e gizliden veya a\u00e7\u0131ktan s\u00f6venler, T\u00fcrkiye&#8217;yi pazarlayanlar, din t\u00fcccarl\u0131\u011f\u0131 yapanlar, paraya tapanlar, el kap\u0131lar\u0131nda yalvaranlar, \u00fclkemizi \u00e7a\u011f\u0131n gerisine s\u00fcr\u00fcklemek isteyenler, h\u0131rs\u0131zlar ve din s\u00f6m\u00fcr\u00fcc\u00fcleri, \u00fclke y\u00f6netimini ele ge\u00e7irmi\u015f olabilir.. T\u00fcrkiye Cumhuriyeti b\u00f6yle nicelerini g\u00f6rd\u00fc!. Geldikleri gibi gittiler!. Hi\u00e7 kimse endi\u015fe etmesin ve karamsar olmas\u0131n.. Bu d\u00f6nem de ge\u00e7ecektir. <\/p>\n","protected":false},"excerpt":{"rendered":"<p>B\u00fcy\u00fck adam, b\u00fcy\u00fck insan, ayd\u0131n izinden y\u00fcr\u00fcd\u00fc\u011f\u00fcm\u00fcz Mustafa Kemal Atat\u00fcrk sadece ya\u015fad\u0131\u011f\u0131 d\u00f6nemin de\u011fil, d\u00fcnyan\u0131n gelmi\u015f ge\u00e7mi\u015f en b\u00fcy\u00fck devlet adamlar\u0131ndan biriydi. Yoktan var etti\u011fi, devrimlerle<span class=\"excerpt-hellip\"> [\u2026]<\/span><\/p>\n","protected":false},"featured_media":0,"template":"","meta":{"_monsterinsights_skip_tracking":false,"_monsterinsights_sitenote_active":false,"_monsterinsights_sitenote_note":"","_monsterinsights_sitenote_category":0},"product_brand":[],"product_cat":[13072,12291],"product_tag":[],"class_list":{"0":"post-783534","1":"product","2":"type-product","3":"status-publish","5":"product_cat-arastirma-inceleme-referans","6":"product_cat-edebiyat","7":"pa_cilt-ciltsiz","8":"pa_tur-kitap","9":"pa_yayinevi-halk-kitabevi","10":"pa_yazar-emin-colasan","12":"first","13":"instock","14":"sale","15":"shipping-taxable","16":"purchasable","17":"product-type-simple"},"_links":{"self":[{"href":"https:\/\/roveyayinevi.com.tr\/index.php\/wp-json\/wp\/v2\/product\/783534","targetHints":{"allow":["GET"]}}],"collection":[{"href":"https:\/\/roveyayinevi.com.tr\/index.php\/wp-json\/wp\/v2\/product"}],"about":[{"href":"https:\/\/roveyayinevi.com.tr\/index.php\/wp-json\/wp\/v2\/types\/product"}],"wp:attachment":[{"href":"https:\/\/roveyayinevi.com.tr\/index.php\/wp-json\/wp\/v2\/media?parent=783534"}],"wp:term":[{"taxonomy":"product_brand","embeddable":true,"href":"https:\/\/roveyayinevi.com.tr\/index.php\/wp-json\/wp\/v2\/product_brand?post=783534"},{"taxonomy":"product_cat","embeddable":true,"href":"https:\/\/roveyayinevi.com.tr\/index.php\/wp-json\/wp\/v2\/product_cat?post=783534"},{"taxonomy":"product_tag","embeddable":true,"href":"https:\/\/roveyayinevi.com.tr\/index.php\/wp-json\/wp\/v2\/product_tag?post=783534"}],"curies":[{"name":"wp","href":"https:\/\/api.w.org\/{rel}","templated":true}]}}