{"id":783533,"date":"2026-02-26T22:13:48","date_gmt":"2026-02-26T19:13:48","guid":{"rendered":"https:\/\/roveyayinevi.com.tr\/index.php\/urun\/kacak-yolcu-2\/"},"modified":"2026-04-16T02:20:58","modified_gmt":"2026-04-15T23:20:58","slug":"kacak-yolcu-2","status":"publish","type":"product","link":"https:\/\/roveyayinevi.com.tr\/index.php\/urun\/kacak-yolcu-2\/","title":{"rendered":"Ka\u00e7ak Yolcu"},"content":{"rendered":"<p>Yolculuk sadece gitmek demek de\u011fil; ayn\u0131 zamanda var olmakt\u0131r. Arkan\u0131zda gezilmi\u015f \u015fehirler, upuzun yollar, bamba\u015fka \u00fclkeler ve birbirinden farkl\u0131 insanlar b\u0131rakt\u0131k\u00e7a var oldu\u011funuzu,hayat\u0131 doya doya ya\u015fad\u0131\u011f\u0131n\u0131z\u0131 daha fazla hissedersiniz. Bundan dolay\u0131 insan gitmelidir. Hi\u00e7bir \u00f6zel hedefi olmasa bile sadece varolmak i\u00e7in gitmeli ve yery\u00fcz\u00fcn\u00fcn farkl\u0131 diyarlar\u0131nda kendi varolu\u015f \u00f6yk\u00fcs\u00fcn\u00fcn pe\u015fine d\u00fc\u015fmelidir. \u00c7\u00fcnk\u00fc yollar \u201chayat\u201d denilenbilmeceyi \u00e7\u00f6zebilmek i\u00e7in insana \u00fcst \u00fcste kap\u0131lar a\u00e7ar. Ben de bu gizemli bilmecenin izini s\u00fcrmek i\u00e7in her f\u0131rsatta yollara d\u00fc\u015ft\u00fcm. Bazen haber i\u00e7in, bazen bir belgesel i\u00e7in, bazen de sadece gitmek i\u00e7in gittim. Fakat yapt\u0131\u011f\u0131m bu yolculuklar aras\u0131nda benim i\u00e7in en unutulmaz olan\u0131 2006 y\u0131l\u0131nda \u0130stanbul\u2019dan Afganistan\u2019a yapt\u0131\u011f\u0131m ka\u00e7ak yolculuktu. Her \u00e2n\u0131 macera doluolan bu yolculu\u011fu bir g\u00fcn mutlaka kaleme alaca\u011f\u0131m d\u00fc\u015f\u00fcncesiyle hep i\u00e7imde tuttum. Y\u0131llar ge\u00e7se de her hat\u0131rlay\u0131\u015f\u0131mda beni heyecanland\u0131ran, dost meclislerinde her anlat\u0131\u015f\u0131mda \u201cbunu mutlaka yazmal\u0131s\u0131n\u201d diye cesaretlendirildi\u011fim ka\u00e7ak yolculu\u011fum sonunda bir kitap haline geldi. Yazmak i\u00e7in bilgisayar\u0131n ba\u015f\u0131na her oturu\u015fumda kelimeler adeta parmaklar\u0131m\u0131n aras\u0131ndan kayarak \u00f6nce c\u00fcmlelere, sonra da kitap sayfalar\u0131na d\u00f6n\u00fc\u015f\u00fcyordu. Yazarken ka\u00e7ak olman\u0131n stresini, \u015fahit oldu\u011fum ac\u0131lar\u0131, yolculuk esnas\u0131ndaki sevin\u00e7lerimi tekrar ya\u015fad\u0131m ve kitapta anlatt\u0131\u011f\u0131m insanlarla sanki tekrar g\u00f6z g\u00f6ze geldim. <\/p>\n","protected":false},"excerpt":{"rendered":"<p>Yolculuk sadece gitmek demek de\u011fil; ayn\u0131 zamanda var olmakt\u0131r. Arkan\u0131zda gezilmi\u015f \u015fehirler, upuzun yollar, bamba\u015fka \u00fclkeler ve birbirinden farkl\u0131 insanlar b\u0131rakt\u0131k\u00e7a var oldu\u011funuzu,hayat\u0131 doya doya ya\u015fad\u0131\u011f\u0131n\u0131z\u0131<span class=\"excerpt-hellip\"> [\u2026]<\/span><\/p>\n","protected":false},"featured_media":0,"template":"","meta":{"_monsterinsights_skip_tracking":false,"_monsterinsights_sitenote_active":false,"_monsterinsights_sitenote_note":"","_monsterinsights_sitenote_category":0},"product_brand":[],"product_cat":[12291,12711],"product_tag":[],"class_list":{"0":"post-783533","1":"product","2":"type-product","3":"status-publish","5":"product_cat-edebiyat","6":"product_cat-roman-oyku","7":"pa_cilt-ciltsiz","8":"pa_tur-kitap","9":"pa_yayinevi-pinar-yayinlari","10":"pa_yazar-adem-ozkose","12":"first","13":"instock","14":"sale","15":"shipping-taxable","16":"purchasable","17":"product-type-simple"},"_links":{"self":[{"href":"https:\/\/roveyayinevi.com.tr\/index.php\/wp-json\/wp\/v2\/product\/783533","targetHints":{"allow":["GET"]}}],"collection":[{"href":"https:\/\/roveyayinevi.com.tr\/index.php\/wp-json\/wp\/v2\/product"}],"about":[{"href":"https:\/\/roveyayinevi.com.tr\/index.php\/wp-json\/wp\/v2\/types\/product"}],"wp:attachment":[{"href":"https:\/\/roveyayinevi.com.tr\/index.php\/wp-json\/wp\/v2\/media?parent=783533"}],"wp:term":[{"taxonomy":"product_brand","embeddable":true,"href":"https:\/\/roveyayinevi.com.tr\/index.php\/wp-json\/wp\/v2\/product_brand?post=783533"},{"taxonomy":"product_cat","embeddable":true,"href":"https:\/\/roveyayinevi.com.tr\/index.php\/wp-json\/wp\/v2\/product_cat?post=783533"},{"taxonomy":"product_tag","embeddable":true,"href":"https:\/\/roveyayinevi.com.tr\/index.php\/wp-json\/wp\/v2\/product_tag?post=783533"}],"curies":[{"name":"wp","href":"https:\/\/api.w.org\/{rel}","templated":true}]}}