{"id":783531,"date":"2026-02-26T22:10:58","date_gmt":"2026-02-26T19:10:58","guid":{"rendered":"https:\/\/roveyayinevi.com.tr\/index.php\/urun\/insan-davranislarinin-abcsi\/"},"modified":"2026-04-16T02:18:07","modified_gmt":"2026-04-15T23:18:07","slug":"insan-davranislarinin-abcsi","status":"publish","type":"product","link":"https:\/\/roveyayinevi.com.tr\/index.php\/urun\/insan-davranislarinin-abcsi\/","title":{"rendered":"\u0130nsan Davran\u0131\u015flar\u0131n\u0131n ABC\u2019si"},"content":{"rendered":"<p>Davran\u0131\u015f\u00e7\u0131 analizleri konu alan ve teori ile klinik fayda unsurunu ba\u015far\u0131l\u0131 bir \u015fekilde bir araya getiren bir kitap bulmak \u00e7ok zor. \u0130nsan Davran\u0131\u015flar\u0131n\u0131n ABC\u2019si bunu \u00e7ok ba\u015far\u0131l\u0131 bir \u015fekilde yap\u0131yor. Ramner\u00f6 ve T\u00f6rneke, ge\u00e7mi\u015fi Skinner\u2019a kadar uzanan fikirlerin \u00f6zl\u00fc tan\u0131mlar\u0131yla birlikte, bili\u015fin anla\u015f\u0131lmas\u0131 gibi karma\u015f\u0131k meseleleri de kapsayan daha g\u00fcncel tedavileri okuyuculara sunmaktad\u0131r. Hem teorik hem de pratik bilgiler sunan bu ilgi \u00e7ekici kitap her t\u00fcrl\u00fc teorik zemin \u00fczerinde \u00e7al\u0131\u015fan t\u00fcm klinisyen ve \u00f6\u011frencilerin okumas\u0131 gereken bir eser. -Christopher R. Martell, Ph.D., ABPP, Washington \u00dcniversitesi\u2019nde davran\u0131\u015f bilimleri\/psikoloji ve psikiyatri b\u00f6l\u00fcm\u00fc klinik profes\u00f6r\u00fc ve Depression in Context adl\u0131 kitab\u0131n yazar\u0131.- Yazarlar, \u00f6\u011frenme kuram\u0131 ve davran\u0131\u015f analizi hakk\u0131ndaki \u00fcst d\u00fczey bahisleri, net ve bilgilendirici \u00f6rneklerle bir araya getirmi\u015fler. Kitap ayn\u0131 zamanda, insan dili ve bili\u015fi alanlar\u0131ndaki en g\u00fcncel teorik geli\u015fmelere de yer vermektedir. Hem yeni ba\u015flayan hem de tecr\u00fcbeli terapistler bu kitaptan \u00e7ok \u015fey \u00f6\u011frenecekler. -Lennart Melin, Ph.D., \u0130sve\u00e7\/Uppsala\u2019daki Uppsala \u00dcniversitesi\u2019nde klinik psikoloji profes\u00f6r\u00fc- \ufffcTan\u0131t\u0131m Metni<\/p>\n","protected":false},"excerpt":{"rendered":"<p>Davran\u0131\u015f\u00e7\u0131 analizleri konu alan ve teori ile klinik fayda unsurunu ba\u015far\u0131l\u0131 bir \u015fekilde bir araya getiren bir kitap bulmak \u00e7ok zor. \u0130nsan Davran\u0131\u015flar\u0131n\u0131n ABC\u2019si bunu \u00e7ok<span class=\"excerpt-hellip\"> [\u2026]<\/span><\/p>\n","protected":false},"featured_media":0,"template":"","meta":{"_monsterinsights_skip_tracking":false,"_monsterinsights_sitenote_active":false,"_monsterinsights_sitenote_note":"","_monsterinsights_sitenote_category":0},"product_brand":[],"product_cat":[12573,12566],"product_tag":[],"class_list":{"0":"post-783531","1":"product","2":"type-product","3":"status-publish","5":"product_cat-akademik-kitaplar","6":"product_cat-egitim","7":"pa_cilt-ciltsiz","8":"pa_tur-kitap","9":"pa_yayinevi-litera-yayinlari","10":"pa_yazar-jonas-ramnero","12":"first","13":"instock","14":"sale","15":"shipping-taxable","16":"purchasable","17":"product-type-simple"},"_links":{"self":[{"href":"https:\/\/roveyayinevi.com.tr\/index.php\/wp-json\/wp\/v2\/product\/783531","targetHints":{"allow":["GET"]}}],"collection":[{"href":"https:\/\/roveyayinevi.com.tr\/index.php\/wp-json\/wp\/v2\/product"}],"about":[{"href":"https:\/\/roveyayinevi.com.tr\/index.php\/wp-json\/wp\/v2\/types\/product"}],"wp:attachment":[{"href":"https:\/\/roveyayinevi.com.tr\/index.php\/wp-json\/wp\/v2\/media?parent=783531"}],"wp:term":[{"taxonomy":"product_brand","embeddable":true,"href":"https:\/\/roveyayinevi.com.tr\/index.php\/wp-json\/wp\/v2\/product_brand?post=783531"},{"taxonomy":"product_cat","embeddable":true,"href":"https:\/\/roveyayinevi.com.tr\/index.php\/wp-json\/wp\/v2\/product_cat?post=783531"},{"taxonomy":"product_tag","embeddable":true,"href":"https:\/\/roveyayinevi.com.tr\/index.php\/wp-json\/wp\/v2\/product_tag?post=783531"}],"curies":[{"name":"wp","href":"https:\/\/api.w.org\/{rel}","templated":true}]}}