{"id":783525,"date":"2026-02-26T22:09:49","date_gmt":"2026-02-26T19:09:49","guid":{"rendered":"https:\/\/roveyayinevi.com.tr\/index.php\/urun\/cedric-10-supriz-pasta\/"},"modified":"2026-04-15T02:23:18","modified_gmt":"2026-04-14T23:23:18","slug":"cedric-10-supriz-pasta","status":"publish","type":"product","link":"https:\/\/roveyayinevi.com.tr\/index.php\/urun\/cedric-10-supriz-pasta\/","title":{"rendered":"Cedric 10 &#8211; S\u00fcpriz Pasta"},"content":{"rendered":"<p>7\u2019den 70\u2019e herkesin sevgilisi C\u00e9dric, birbirinden tatl\u0131 ve e\u011flenceli maceralar\u0131yla kar\u015f\u0131m\u0131zda!Toplam 30 kitaptan olu\u015fan dizinin tamam\u0131 Alfa Yay\u0131nlar\u0131nda!Bel\u00e7ikal\u0131 karikat\u00fcrist Raoul Cauvin taraf\u0131ndan yaz\u0131lm\u0131\u015f ve Laudec taraf\u0131ndan resmedilmi\u015f serinin ilk dokuz kitab\u0131 raflarda yerlerini ald\u0131! \u201c8 ya\u015f\u0131ndaysan\u0131z ve a\u015f\u0131ksan\u0131z hayat \u00e7ok g\u00fczel.\u201d <\/p>\n","protected":false},"excerpt":{"rendered":"<p>7\u2019den 70\u2019e herkesin sevgilisi C\u00e9dric, birbirinden tatl\u0131 ve e\u011flenceli maceralar\u0131yla kar\u015f\u0131m\u0131zda!Toplam 30 kitaptan olu\u015fan dizinin tamam\u0131 Alfa Yay\u0131nlar\u0131nda!Bel\u00e7ikal\u0131 karikat\u00fcrist Raoul Cauvin taraf\u0131ndan yaz\u0131lm\u0131\u015f ve Laudec taraf\u0131ndan<span class=\"excerpt-hellip\"> [\u2026]<\/span><\/p>\n","protected":false},"featured_media":0,"template":"","meta":{"_monsterinsights_skip_tracking":false,"_monsterinsights_sitenote_active":false,"_monsterinsights_sitenote_note":"","_monsterinsights_sitenote_category":0},"product_brand":[],"product_cat":[12275,12274],"product_tag":[],"class_list":{"0":"post-783525","1":"product","2":"type-product","3":"status-publish","5":"product_cat-6-12-yas-kitaplari","6":"product_cat-cocuk-ve-genclik-kitaplari","7":"pa_cilt-ciltsiz","8":"pa_tur-kitap","9":"pa_yayinevi-alfa-yayinlari","10":"pa_yazar-laudec-cauvin-leonardo","12":"first","13":"instock","14":"sale","15":"shipping-taxable","16":"purchasable","17":"product-type-simple"},"_links":{"self":[{"href":"https:\/\/roveyayinevi.com.tr\/index.php\/wp-json\/wp\/v2\/product\/783525","targetHints":{"allow":["GET"]}}],"collection":[{"href":"https:\/\/roveyayinevi.com.tr\/index.php\/wp-json\/wp\/v2\/product"}],"about":[{"href":"https:\/\/roveyayinevi.com.tr\/index.php\/wp-json\/wp\/v2\/types\/product"}],"wp:attachment":[{"href":"https:\/\/roveyayinevi.com.tr\/index.php\/wp-json\/wp\/v2\/media?parent=783525"}],"wp:term":[{"taxonomy":"product_brand","embeddable":true,"href":"https:\/\/roveyayinevi.com.tr\/index.php\/wp-json\/wp\/v2\/product_brand?post=783525"},{"taxonomy":"product_cat","embeddable":true,"href":"https:\/\/roveyayinevi.com.tr\/index.php\/wp-json\/wp\/v2\/product_cat?post=783525"},{"taxonomy":"product_tag","embeddable":true,"href":"https:\/\/roveyayinevi.com.tr\/index.php\/wp-json\/wp\/v2\/product_tag?post=783525"}],"curies":[{"name":"wp","href":"https:\/\/api.w.org\/{rel}","templated":true}]}}