{"id":783513,"date":"2026-02-26T22:07:13","date_gmt":"2026-02-26T19:07:13","guid":{"rendered":"https:\/\/roveyayinevi.com.tr\/index.php\/urun\/almanya-aile-birlesimi-almanca-sinavi-hazirlik-kitabi\/"},"modified":"2026-04-16T02:15:03","modified_gmt":"2026-04-15T23:15:03","slug":"almanya-aile-birlesimi-almanca-sinavi-hazirlik-kitabi","status":"publish","type":"product","link":"https:\/\/roveyayinevi.com.tr\/index.php\/urun\/almanya-aile-birlesimi-almanca-sinavi-hazirlik-kitabi\/","title":{"rendered":"Almanya Aile Birle\u015fimi Almanca S\u0131nav\u0131 Haz\u0131rl\u0131k Kitab\u0131"},"content":{"rendered":"<p>T\u00fcrk\u00e7e anlat\u0131ml\u0131 ve tamamen s\u0131nava y\u00f6nelik olmas\u0131 nedeniyle alan\u0131nda bir ilk olma \u00f6zelli\u011fi ta\u015f\u0131yan bu kitap, her e\u011fitim seviyesinden insan\u0131n kolayca anlayabilece\u011fi bir dille kaleme al\u0131nm\u0131\u015ft\u0131r. \u0130\u00e7eri\u011fi s\u0131nav m\u00fcfredat\u0131yla \u00f6rt\u00fc\u015fen bu kitap, \u00f6\u011frenciyi s\u0131kmadan gereksiz bilgilerle kafas\u0131n\u0131 me\u015fgul etmeden, tamamen s\u0131nav ba\u015far\u0131s\u0131na odakl\u0131 nitelikli bilgi vermektedir. Ayr\u0131ca s\u0131nav\u0131n p\u00fcf noktalar\u0131na dair hi\u00e7bir yerde bulunmayacak \u00e7ok \u00f6nemli tavsiyeler yer almaktad\u0131r. Bu y\u00f6n\u00fcyle de e\u015fsiz bir kaynakt\u0131r. Hem kendi kendine \u00f6\u011frenen, hem bir kursa devam eden \u00f6\u011frenciler, hem de Anadolu\u2019nun pek \u00e7ok yerinde ders veren fakat s\u0131nav\u0131n i\u00e7eri\u011fine dair bilgi edinmekte g\u00fc\u00e7l\u00fck \u00e7eken \u00f6\u011fretmenler i\u00e7in de bulunmaz bir kaynakt\u0131r.<\/p>\n","protected":false},"excerpt":{"rendered":"<p>T\u00fcrk\u00e7e anlat\u0131ml\u0131 ve tamamen s\u0131nava y\u00f6nelik olmas\u0131 nedeniyle alan\u0131nda bir ilk olma \u00f6zelli\u011fi ta\u015f\u0131yan bu kitap, her e\u011fitim seviyesinden insan\u0131n kolayca anlayabilece\u011fi bir dille kaleme al\u0131nm\u0131\u015ft\u0131r.<span class=\"excerpt-hellip\"> [\u2026]<\/span><\/p>\n","protected":false},"featured_media":0,"template":"","meta":{"_monsterinsights_skip_tracking":false,"_monsterinsights_sitenote_active":false,"_monsterinsights_sitenote_note":"","_monsterinsights_sitenote_category":0},"product_brand":[],"product_cat":[12566,13473],"product_tag":[],"class_list":{"0":"post-783513","1":"product","2":"type-product","3":"status-publish","5":"product_cat-egitim","6":"product_cat-sinavlara-hazirlik-okula-yardimci-kaynaklar","7":"pa_tur-kitap","8":"pa_yayinevi-baris-kitap","9":"pa_yazar-sedat-unver","11":"first","12":"instock","13":"sale","14":"shipping-taxable","15":"purchasable","16":"product-type-simple"},"_links":{"self":[{"href":"https:\/\/roveyayinevi.com.tr\/index.php\/wp-json\/wp\/v2\/product\/783513","targetHints":{"allow":["GET"]}}],"collection":[{"href":"https:\/\/roveyayinevi.com.tr\/index.php\/wp-json\/wp\/v2\/product"}],"about":[{"href":"https:\/\/roveyayinevi.com.tr\/index.php\/wp-json\/wp\/v2\/types\/product"}],"wp:attachment":[{"href":"https:\/\/roveyayinevi.com.tr\/index.php\/wp-json\/wp\/v2\/media?parent=783513"}],"wp:term":[{"taxonomy":"product_brand","embeddable":true,"href":"https:\/\/roveyayinevi.com.tr\/index.php\/wp-json\/wp\/v2\/product_brand?post=783513"},{"taxonomy":"product_cat","embeddable":true,"href":"https:\/\/roveyayinevi.com.tr\/index.php\/wp-json\/wp\/v2\/product_cat?post=783513"},{"taxonomy":"product_tag","embeddable":true,"href":"https:\/\/roveyayinevi.com.tr\/index.php\/wp-json\/wp\/v2\/product_tag?post=783513"}],"curies":[{"name":"wp","href":"https:\/\/api.w.org\/{rel}","templated":true}]}}