{"id":783512,"date":"2026-02-26T22:06:19","date_gmt":"2026-02-26T19:06:19","guid":{"rendered":"https:\/\/roveyayinevi.com.tr\/index.php\/urun\/cedric-08-isler-tikirinda\/"},"modified":"2026-04-16T02:14:59","modified_gmt":"2026-04-15T23:14:59","slug":"cedric-08-isler-tikirinda","status":"publish","type":"product","link":"https:\/\/roveyayinevi.com.tr\/index.php\/urun\/cedric-08-isler-tikirinda\/","title":{"rendered":"Cedric 08 &#8211; \u0130\u015fler T\u0131k\u0131r\u0131nda"},"content":{"rendered":"<p>7\u2019den 70\u2019e herkesin sevgilisi C\u00e9dric, birbirinden tatl\u0131 ve e\u011flenceli maceralar\u0131yla kar\u015f\u0131m\u0131zda!Toplam 30 kitaptan olu\u015fan dizinin tamam\u0131 Alfa Yay\u0131nlar\u0131nda! <\/p>\n","protected":false},"excerpt":{"rendered":"<p>7\u2019den 70\u2019e herkesin sevgilisi C\u00e9dric, birbirinden tatl\u0131 ve e\u011flenceli maceralar\u0131yla kar\u015f\u0131m\u0131zda!Toplam 30 kitaptan olu\u015fan dizinin tamam\u0131 Alfa Yay\u0131nlar\u0131nda!<\/p>\n","protected":false},"featured_media":0,"template":"","meta":{"_monsterinsights_skip_tracking":false,"_monsterinsights_sitenote_active":false,"_monsterinsights_sitenote_note":"","_monsterinsights_sitenote_category":0},"product_brand":[],"product_cat":[12689,12274],"product_tag":[],"class_list":{"0":"post-783512","1":"product","2":"type-product","3":"status-publish","5":"product_cat-cizgi-roman-cocuk-ve-genclik-kitaplari","6":"product_cat-cocuk-ve-genclik-kitaplari","7":"pa_cilt-ciltsiz","8":"pa_tur-kitap","9":"pa_yayinevi-alfa-yayinlari","10":"pa_yazar-laudec-cauvin-leonardo","12":"first","13":"instock","14":"sale","15":"shipping-taxable","16":"purchasable","17":"product-type-simple"},"_links":{"self":[{"href":"https:\/\/roveyayinevi.com.tr\/index.php\/wp-json\/wp\/v2\/product\/783512","targetHints":{"allow":["GET"]}}],"collection":[{"href":"https:\/\/roveyayinevi.com.tr\/index.php\/wp-json\/wp\/v2\/product"}],"about":[{"href":"https:\/\/roveyayinevi.com.tr\/index.php\/wp-json\/wp\/v2\/types\/product"}],"wp:attachment":[{"href":"https:\/\/roveyayinevi.com.tr\/index.php\/wp-json\/wp\/v2\/media?parent=783512"}],"wp:term":[{"taxonomy":"product_brand","embeddable":true,"href":"https:\/\/roveyayinevi.com.tr\/index.php\/wp-json\/wp\/v2\/product_brand?post=783512"},{"taxonomy":"product_cat","embeddable":true,"href":"https:\/\/roveyayinevi.com.tr\/index.php\/wp-json\/wp\/v2\/product_cat?post=783512"},{"taxonomy":"product_tag","embeddable":true,"href":"https:\/\/roveyayinevi.com.tr\/index.php\/wp-json\/wp\/v2\/product_tag?post=783512"}],"curies":[{"name":"wp","href":"https:\/\/api.w.org\/{rel}","templated":true}]}}