{"id":783511,"date":"2026-02-26T22:06:11","date_gmt":"2026-02-26T19:06:11","guid":{"rendered":"https:\/\/roveyayinevi.com.tr\/index.php\/urun\/yeni-bir-dunya-ve-adil-duzen\/"},"modified":"2026-04-16T02:14:53","modified_gmt":"2026-04-15T23:14:53","slug":"yeni-bir-dunya-ve-adil-duzen","status":"publish","type":"product","link":"https:\/\/roveyayinevi.com.tr\/index.php\/urun\/yeni-bir-dunya-ve-adil-duzen\/","title":{"rendered":"Yeni Bir D\u00fcnya ve Adil D\u00fczen"},"content":{"rendered":"<p>Adil D\u00fczen temel esaslar\u0131 itibariyle as\u0131rlar boyu, hakim oldu\u011fu devirlerin gereklerine uygun olarak tatbik edilmi\u015f bir d\u00fczendir. Kamil ve tam bir d\u00fczendir. Kuvveti \u00fcst\u00fcn tutan Bat\u0131 medeniyetinin bir dejenerasyona u\u011frayarak kalk\u0131n\u0131yoruz, geli\u015fiyoruz\u201d ad\u0131 alt\u0131nda sonradan kurdu\u011fu Kapitalizm ve Sosyalizm ise Adil D\u00fczen\u2019i bozarak, \u00e7arp\u0131tarak meydana getirilmi\u015f haks\u0131z d\u00fczenlerdir. Bunun i\u00e7in \u015fimdi b\u00fct\u00fcn insanl\u0131\u011f\u0131n yeniden Adil D\u00fczen\u2019e d\u00f6nmesi zaman\u0131 gelmi\u015ftir. <\/p>\n","protected":false},"excerpt":{"rendered":"<p>Adil D\u00fczen temel esaslar\u0131 itibariyle as\u0131rlar boyu, hakim oldu\u011fu devirlerin gereklerine uygun olarak tatbik edilmi\u015f bir d\u00fczendir. Kamil ve tam bir d\u00fczendir. Kuvveti \u00fcst\u00fcn tutan Bat\u0131<span class=\"excerpt-hellip\"> [\u2026]<\/span><\/p>\n","protected":false},"featured_media":0,"template":"","meta":{"_monsterinsights_skip_tracking":false,"_monsterinsights_sitenote_active":false,"_monsterinsights_sitenote_note":"","_monsterinsights_sitenote_category":0},"product_brand":[],"product_cat":[12337,14543],"product_tag":[],"class_list":{"0":"post-783511","1":"product","2":"type-product","3":"status-publish","5":"product_cat-politika-siyaset","6":"product_cat-turkiye-siyaseti-ve-politikasi","7":"pa_cilt-ciltsiz","8":"pa_tur-kitap","9":"pa_yayinevi-mgv-yayinlari","10":"pa_yazar-necmettin-erbakan","12":"first","13":"instock","14":"sale","15":"shipping-taxable","16":"purchasable","17":"product-type-simple"},"_links":{"self":[{"href":"https:\/\/roveyayinevi.com.tr\/index.php\/wp-json\/wp\/v2\/product\/783511","targetHints":{"allow":["GET"]}}],"collection":[{"href":"https:\/\/roveyayinevi.com.tr\/index.php\/wp-json\/wp\/v2\/product"}],"about":[{"href":"https:\/\/roveyayinevi.com.tr\/index.php\/wp-json\/wp\/v2\/types\/product"}],"wp:attachment":[{"href":"https:\/\/roveyayinevi.com.tr\/index.php\/wp-json\/wp\/v2\/media?parent=783511"}],"wp:term":[{"taxonomy":"product_brand","embeddable":true,"href":"https:\/\/roveyayinevi.com.tr\/index.php\/wp-json\/wp\/v2\/product_brand?post=783511"},{"taxonomy":"product_cat","embeddable":true,"href":"https:\/\/roveyayinevi.com.tr\/index.php\/wp-json\/wp\/v2\/product_cat?post=783511"},{"taxonomy":"product_tag","embeddable":true,"href":"https:\/\/roveyayinevi.com.tr\/index.php\/wp-json\/wp\/v2\/product_tag?post=783511"}],"curies":[{"name":"wp","href":"https:\/\/api.w.org\/{rel}","templated":true}]}}