{"id":783510,"date":"2026-02-26T22:06:08","date_gmt":"2026-02-26T19:06:08","guid":{"rendered":"https:\/\/roveyayinevi.com.tr\/index.php\/urun\/milli-gorus-iktidari-nicin-ve-nasil\/"},"modified":"2026-04-16T02:14:52","modified_gmt":"2026-04-15T23:14:52","slug":"milli-gorus-iktidari-nicin-ve-nasil","status":"publish","type":"product","link":"https:\/\/roveyayinevi.com.tr\/index.php\/urun\/milli-gorus-iktidari-nicin-ve-nasil\/","title":{"rendered":"Milli G\u00f6r\u00fc\u015f \u0130ktidar\u0131: Ni\u00e7in ve Nas\u0131l"},"content":{"rendered":"<p>Mili G\u00f6r\u00fc\u015f iktidar\u0131 nedir? Milli G\u00f6r\u00fc\u015f iktidar\u0131 demek, Milli G\u00f6r\u00fc\u015f zihniyetine dayanan bir devlet d\u00fczenin kurulmas\u0131 ve bu d\u00fczenin Milli G\u00f6r\u00fc\u015f zihniyetine g\u00f6re y\u00fcr\u00fct\u00fclmesi demektir. Milli G\u00f6r\u00fc\u015f iktidar\u0131n\u0131 ancak Milli G\u00f6r\u00fc\u015f zihniyetine vak\u0131f olarak tan\u0131yabiliriz. Milli G\u00f6r\u00fc\u015f zihniyetinin di\u011fer zihniyetlerden temel fark\u0131, hak anlay\u0131\u015f\u0131ndad\u0131r. \ufffcTan\u0131t\u0131m Metni<\/p>\n","protected":false},"excerpt":{"rendered":"<p>Mili G\u00f6r\u00fc\u015f iktidar\u0131 nedir? Milli G\u00f6r\u00fc\u015f iktidar\u0131 demek, Milli G\u00f6r\u00fc\u015f zihniyetine dayanan bir devlet d\u00fczenin kurulmas\u0131 ve bu d\u00fczenin Milli G\u00f6r\u00fc\u015f zihniyetine g\u00f6re y\u00fcr\u00fct\u00fclmesi demektir. Milli<span class=\"excerpt-hellip\"> [\u2026]<\/span><\/p>\n","protected":false},"featured_media":0,"template":"","meta":{"_monsterinsights_skip_tracking":false,"_monsterinsights_sitenote_active":false,"_monsterinsights_sitenote_note":"","_monsterinsights_sitenote_category":0},"product_brand":[],"product_cat":[12337,14543],"product_tag":[],"class_list":{"0":"post-783510","1":"product","2":"type-product","3":"status-publish","5":"product_cat-politika-siyaset","6":"product_cat-turkiye-siyaseti-ve-politikasi","7":"pa_tur-kitap","8":"pa_yayinevi-mgv-yayinlari","9":"pa_yazar-necmettin-erbakan","11":"first","12":"instock","13":"sale","14":"shipping-taxable","15":"purchasable","16":"product-type-simple"},"_links":{"self":[{"href":"https:\/\/roveyayinevi.com.tr\/index.php\/wp-json\/wp\/v2\/product\/783510","targetHints":{"allow":["GET"]}}],"collection":[{"href":"https:\/\/roveyayinevi.com.tr\/index.php\/wp-json\/wp\/v2\/product"}],"about":[{"href":"https:\/\/roveyayinevi.com.tr\/index.php\/wp-json\/wp\/v2\/types\/product"}],"wp:attachment":[{"href":"https:\/\/roveyayinevi.com.tr\/index.php\/wp-json\/wp\/v2\/media?parent=783510"}],"wp:term":[{"taxonomy":"product_brand","embeddable":true,"href":"https:\/\/roveyayinevi.com.tr\/index.php\/wp-json\/wp\/v2\/product_brand?post=783510"},{"taxonomy":"product_cat","embeddable":true,"href":"https:\/\/roveyayinevi.com.tr\/index.php\/wp-json\/wp\/v2\/product_cat?post=783510"},{"taxonomy":"product_tag","embeddable":true,"href":"https:\/\/roveyayinevi.com.tr\/index.php\/wp-json\/wp\/v2\/product_tag?post=783510"}],"curies":[{"name":"wp","href":"https:\/\/api.w.org\/{rel}","templated":true}]}}