{"id":783508,"date":"2026-02-26T22:05:25","date_gmt":"2026-02-26T19:05:25","guid":{"rendered":"https:\/\/roveyayinevi.com.tr\/index.php\/urun\/kantta-tanri-ve-tanrisallastirilan-akil\/"},"modified":"2026-04-16T02:14:06","modified_gmt":"2026-04-15T23:14:06","slug":"kantta-tanri-ve-tanrisallastirilan-akil","status":"publish","type":"product","link":"https:\/\/roveyayinevi.com.tr\/index.php\/urun\/kantta-tanri-ve-tanrisallastirilan-akil\/","title":{"rendered":"Kant&#8217;ta Tanr\u0131 ve Tanr\u0131salla\u015ft\u0131r\u0131lan Ak\u0131l"},"content":{"rendered":"<p>Felsefe, insan\u0131n Tanr\u0131\u2019ya ili\u015fkin meselesidir. Nitekim mitoloji bize Tanr\u0131\u2019y\u0131 anlatmaya \u00e7al\u0131\u015f\u0131rken felsefe Tanr\u0131\u2019y\u0131 anlamaya \u00e7al\u0131\u015f\u0131r. Onun i\u00e7in felsefe sorular\u0131 Tanr\u0131 hakk\u0131nda oldu\u011fu gibi felsefe sistemi de tanr\u0131 kavram\u0131n\u0131n nas\u0131l kullan\u0131ld\u0131\u011f\u0131yla ilgili olmu\u015ftur. Kant\u2019\u0131n eserlerinde de\u011fi\u015fik bi\u00e7imlerde ama belirli bir ama\u00e7 do\u011frultusunda tanr\u0131 kavram\u0131n\u0131n devaml\u0131 kullan\u0131lmas\u0131 \u00e7ok \u00f6nemli oldu\u011funu d\u00fc\u015f\u00fcnd\u00fc\u011f\u00fcm bir i\u015fe yarar: Genel olarak felsefenin ne oldu\u011fu anla\u015f\u0131l\u0131r. Bu nas\u0131l m\u00fcmk\u00fcn olur? Tanr\u0131 kavram\u0131 yukar\u0131da belirtti\u011fim gibi Kant\u2019\u0131n b\u00fct\u00fcn eserlerinde ge\u00e7ti\u011fi i\u00e7in felsefeyi tan\u0131ma imkan\u0131 verir. Bunun yan\u0131nda s\u00f6zkonusu kavram\u0131n belirli bir bi\u00e7imde ele al\u0131nmas\u0131 da genel olarak sistemin ne oldu\u011funa ili\u015fkin bir fikir verir. Bunun i\u00e7in Kant\u2019\u0131n tanr\u0131 anlay\u0131\u015f\u0131n\u0131 incelemenin, felsefenin foto\u011fraf\u0131n\u0131 verdi\u011fini d\u00fc\u015f\u00fcn\u00fcyorum. Neden b\u00f6yle oldu\u011funu \u015fu sorular\u0131 sorarak anla\u015f\u0131l\u0131r hale getirebiliriz: \u0130nsan ne i\u00e7in var edilmi\u015ftir? Tanr\u0131\u2019n\u0131n bilinmesi nas\u0131l m\u00fcmk\u00fcnd\u00fcr? Tanr\u0131 d\u00fcnyay\u0131 yaratm\u0131\u015f m\u0131d\u0131r? Tanr\u0131 d\u00fcnyaya d\u00fczen vermi\u015f ve vermeye devam etmekte midir? Demek istedi\u011fim nokta, felsefe, kimli\u011fini \u00f6nemli \u00f6l\u00e7\u00fcde bu kavramla kurulan sisteme ve bu kavram\u0131n etraf\u0131nda d\u00f6nen sorulara bor\u00e7ludur. O halde mesele Kant\u2019\u0131n de\u011fil, b\u00fct\u00fcn felsefeye ili\u015fkindir. \ufffcTan\u0131t\u0131m Metni<\/p>\n","protected":false},"excerpt":{"rendered":"<p>Felsefe, insan\u0131n Tanr\u0131\u2019ya ili\u015fkin meselesidir. Nitekim mitoloji bize Tanr\u0131\u2019y\u0131 anlatmaya \u00e7al\u0131\u015f\u0131rken felsefe Tanr\u0131\u2019y\u0131 anlamaya \u00e7al\u0131\u015f\u0131r. Onun i\u00e7in felsefe sorular\u0131 Tanr\u0131 hakk\u0131nda oldu\u011fu gibi felsefe sistemi de<span class=\"excerpt-hellip\"> [\u2026]<\/span><\/p>\n","protected":false},"featured_media":0,"template":"","meta":{"_monsterinsights_skip_tracking":false,"_monsterinsights_sitenote_active":false,"_monsterinsights_sitenote_note":"","_monsterinsights_sitenote_category":0},"product_brand":[],"product_cat":[20351,12388],"product_tag":[],"class_list":{"0":"post-783508","1":"product","2":"type-product","3":"status-publish","5":"product_cat-dusunce","6":"product_cat-felsefe","7":"pa_tur-kitap","8":"pa_yayinevi-elis-yayinlari","9":"pa_yazar-mehmet-gunenc","11":"first","12":"instock","13":"sale","14":"shipping-taxable","15":"purchasable","16":"product-type-simple"},"_links":{"self":[{"href":"https:\/\/roveyayinevi.com.tr\/index.php\/wp-json\/wp\/v2\/product\/783508","targetHints":{"allow":["GET"]}}],"collection":[{"href":"https:\/\/roveyayinevi.com.tr\/index.php\/wp-json\/wp\/v2\/product"}],"about":[{"href":"https:\/\/roveyayinevi.com.tr\/index.php\/wp-json\/wp\/v2\/types\/product"}],"wp:attachment":[{"href":"https:\/\/roveyayinevi.com.tr\/index.php\/wp-json\/wp\/v2\/media?parent=783508"}],"wp:term":[{"taxonomy":"product_brand","embeddable":true,"href":"https:\/\/roveyayinevi.com.tr\/index.php\/wp-json\/wp\/v2\/product_brand?post=783508"},{"taxonomy":"product_cat","embeddable":true,"href":"https:\/\/roveyayinevi.com.tr\/index.php\/wp-json\/wp\/v2\/product_cat?post=783508"},{"taxonomy":"product_tag","embeddable":true,"href":"https:\/\/roveyayinevi.com.tr\/index.php\/wp-json\/wp\/v2\/product_tag?post=783508"}],"curies":[{"name":"wp","href":"https:\/\/api.w.org\/{rel}","templated":true}]}}