{"id":783507,"date":"2026-02-26T22:05:22","date_gmt":"2026-02-26T19:05:22","guid":{"rendered":"https:\/\/roveyayinevi.com.tr\/index.php\/urun\/asr-i-saadetten-islam-davetcilerine-dersler\/"},"modified":"2026-04-16T02:14:04","modified_gmt":"2026-04-15T23:14:04","slug":"asr-i-saadetten-islam-davetcilerine-dersler","status":"publish","type":"product","link":"https:\/\/roveyayinevi.com.tr\/index.php\/urun\/asr-i-saadetten-islam-davetcilerine-dersler\/","title":{"rendered":"Asr-\u0131 Saadet&#8217;ten \u0130slam Davet\u00e7ilerine Dersler"},"content":{"rendered":"<p>Irk\u00e7\u0131 Emperyalizm, Siyonizm ve Ha\u00e7l\u0131 i\u015fbirli\u011fi ile uygulanan bask\u0131, zul\u00fcm ve i\u015fgallerle M\u00fcsl\u00fcman co\u011frafyas\u0131n\u0131n adeta bir yang\u0131n yerine d\u00f6nd\u00fc\u011f\u00fc, i\u015fbirlik\u00e7i kukla y\u00f6netimler, ekonomik ambargolar, krizler ve \u00e7e\u015fitli taktiklerle M\u00fcsl\u00fcman halklar\u0131n ezildi\u011fi bir d\u00f6nemi ya\u015f\u0131yoruz. Allah\u2019\u0131m\u0131z\u0131n b\u00fcy\u00fck g\u00fcnahlar olarak sayd\u0131\u011f\u0131 ve kesin olarak yasaklad\u0131\u011f\u0131, ge\u00e7mi\u015f kavimlerin de helak\u0131na sebep olan bir\u00e7ok haram\u0131n alenen i\u015flenen s\u0131radan i\u015fler haline d\u00f6n\u00fc\u015ft\u00fc\u011f\u00fc zamanlardan ge\u00e7iyoruz. \ufffcTan\u0131t\u0131m Metni<\/p>\n","protected":false},"excerpt":{"rendered":"<p>Irk\u00e7\u0131 Emperyalizm, Siyonizm ve Ha\u00e7l\u0131 i\u015fbirli\u011fi ile uygulanan bask\u0131, zul\u00fcm ve i\u015fgallerle M\u00fcsl\u00fcman co\u011frafyas\u0131n\u0131n adeta bir yang\u0131n yerine d\u00f6nd\u00fc\u011f\u00fc, i\u015fbirlik\u00e7i kukla y\u00f6netimler, ekonomik ambargolar, krizler ve<span class=\"excerpt-hellip\"> [\u2026]<\/span><\/p>\n","protected":false},"featured_media":0,"template":"","meta":{"_monsterinsights_skip_tracking":false,"_monsterinsights_sitenote_active":false,"_monsterinsights_sitenote_note":"","_monsterinsights_sitenote_category":0},"product_brand":[],"product_cat":[16789,12718,12719],"product_tag":[],"class_list":{"0":"post-783507","1":"product","2":"type-product","3":"status-publish","5":"product_cat-diger-islam","6":"product_cat-din","7":"product_cat-islam","8":"pa_tur-kitap","9":"pa_yayinevi-mgv-yayinlari","10":"pa_yazar-abdulaziz-kiransal","12":"first","13":"instock","14":"sale","15":"shipping-taxable","16":"purchasable","17":"product-type-simple"},"_links":{"self":[{"href":"https:\/\/roveyayinevi.com.tr\/index.php\/wp-json\/wp\/v2\/product\/783507","targetHints":{"allow":["GET"]}}],"collection":[{"href":"https:\/\/roveyayinevi.com.tr\/index.php\/wp-json\/wp\/v2\/product"}],"about":[{"href":"https:\/\/roveyayinevi.com.tr\/index.php\/wp-json\/wp\/v2\/types\/product"}],"wp:attachment":[{"href":"https:\/\/roveyayinevi.com.tr\/index.php\/wp-json\/wp\/v2\/media?parent=783507"}],"wp:term":[{"taxonomy":"product_brand","embeddable":true,"href":"https:\/\/roveyayinevi.com.tr\/index.php\/wp-json\/wp\/v2\/product_brand?post=783507"},{"taxonomy":"product_cat","embeddable":true,"href":"https:\/\/roveyayinevi.com.tr\/index.php\/wp-json\/wp\/v2\/product_cat?post=783507"},{"taxonomy":"product_tag","embeddable":true,"href":"https:\/\/roveyayinevi.com.tr\/index.php\/wp-json\/wp\/v2\/product_tag?post=783507"}],"curies":[{"name":"wp","href":"https:\/\/api.w.org\/{rel}","templated":true}]}}