{"id":783506,"date":"2026-02-26T22:04:02","date_gmt":"2026-02-26T19:04:02","guid":{"rendered":"https:\/\/roveyayinevi.com.tr\/index.php\/urun\/peygamberin-aynalari\/"},"modified":"2026-04-15T02:18:49","modified_gmt":"2026-04-14T23:18:49","slug":"peygamberin-aynalari","status":"publish","type":"product","link":"https:\/\/roveyayinevi.com.tr\/index.php\/urun\/peygamberin-aynalari\/","title":{"rendered":"Peygamber&#8217;in Aynalar\u0131"},"content":{"rendered":"<p>Ayna d\u00f6nd\u00fc; o g\u00fcm\u00fc\u015f g\u00f6lde belirdi bir bir suretler. Aynalar\u0131 d\u00f6nd\u00fcrd\u00fc kendine, yelken a\u00e7t\u0131lar bir bir. \ufffcTan\u0131t\u0131m Metni<\/p>\n","protected":false},"excerpt":{"rendered":"<p>Ayna d\u00f6nd\u00fc; o g\u00fcm\u00fc\u015f g\u00f6lde belirdi bir bir suretler. Aynalar\u0131 d\u00f6nd\u00fcrd\u00fc kendine, yelken a\u00e7t\u0131lar bir bir. \ufffcTan\u0131t\u0131m Metni<\/p>\n","protected":false},"featured_media":0,"template":"","meta":{"_monsterinsights_skip_tracking":false,"_monsterinsights_sitenote_active":false,"_monsterinsights_sitenote_note":"","_monsterinsights_sitenote_category":0},"product_brand":[],"product_cat":[12777,12291],"product_tag":[],"class_list":{"0":"post-783506","1":"product","2":"type-product","3":"status-publish","5":"product_cat-deneme","6":"product_cat-edebiyat","7":"pa_tur-kitap","8":"pa_yayinevi-sule-yayinlari","9":"pa_yazar-a-ali-ural","11":"first","12":"instock","13":"sale","14":"shipping-taxable","15":"purchasable","16":"product-type-simple"},"_links":{"self":[{"href":"https:\/\/roveyayinevi.com.tr\/index.php\/wp-json\/wp\/v2\/product\/783506","targetHints":{"allow":["GET"]}}],"collection":[{"href":"https:\/\/roveyayinevi.com.tr\/index.php\/wp-json\/wp\/v2\/product"}],"about":[{"href":"https:\/\/roveyayinevi.com.tr\/index.php\/wp-json\/wp\/v2\/types\/product"}],"wp:attachment":[{"href":"https:\/\/roveyayinevi.com.tr\/index.php\/wp-json\/wp\/v2\/media?parent=783506"}],"wp:term":[{"taxonomy":"product_brand","embeddable":true,"href":"https:\/\/roveyayinevi.com.tr\/index.php\/wp-json\/wp\/v2\/product_brand?post=783506"},{"taxonomy":"product_cat","embeddable":true,"href":"https:\/\/roveyayinevi.com.tr\/index.php\/wp-json\/wp\/v2\/product_cat?post=783506"},{"taxonomy":"product_tag","embeddable":true,"href":"https:\/\/roveyayinevi.com.tr\/index.php\/wp-json\/wp\/v2\/product_tag?post=783506"}],"curies":[{"name":"wp","href":"https:\/\/api.w.org\/{rel}","templated":true}]}}