{"id":783503,"date":"2026-02-26T22:02:36","date_gmt":"2026-02-26T19:02:36","guid":{"rendered":"https:\/\/roveyayinevi.com.tr\/index.php\/urun\/kuresel-musibet-siyonizm\/"},"modified":"2026-04-16T02:13:30","modified_gmt":"2026-04-15T23:13:30","slug":"kuresel-musibet-siyonizm","status":"publish","type":"product","link":"https:\/\/roveyayinevi.com.tr\/index.php\/urun\/kuresel-musibet-siyonizm\/","title":{"rendered":"K\u00fcresel Musibet Siyonizm"},"content":{"rendered":"<p>K\u00fcresel Musibet Siyonizm&#8217;de, sapk\u0131n inan\u00e7lar\u0131 do\u011frultusunda d\u00fcnyay\u0131 kan ve g\u00f6zya\u015f\u0131 g\u00f6l\u00fcne \u00e7evirmekte en k\u00fc\u00e7\u00fck bir sak\u0131nca g\u00f6rmeyen k\u00fcresel emperyalizmin fikir ve d\u00fc\u015f\u00fcnce yap\u0131s\u0131n\u0131; \u00f6ncelikle her \u015feyin en do\u011frusunu bilen Allah&#8217;\u0131n (c.c) kelam\u0131 olan Kur&#8217;an ayetlerinden, daha sonra Yahudi Protokollerindeki ifadelerden anlatmaya \u00e7al\u0131\u015ft\u0131k.Pe\u015finden d\u00fcnyaya h\u00fckmedebilmek ad\u0131na D\u00fcnya H\u00fck\u00fcmetini (B\u00fcy\u00fck \u0130srail) kurabilmek i\u00e7in Siyonist liderlerin tarih boyunca s\u00f6ylediklerini ele ald\u0131k. Bu zihniyetin co\u011frafyam\u0131z\u0131 ve \u00f6zellikle \u00fclkemiz siyasetini nas\u0131l etkiledi\u011fini, bu milletin \u00f6zenle yeti\u015ftirdi\u011fi insanlar\u0131n Siyonizmin hizmetine bilerek veyahut bilmeyerek nas\u0131l girdi\u011fini, Siyonizmin bu insanlar\u0131 nas\u0131l kulland\u0131\u011f\u0131n\u0131 anlatmaya \u00e7al\u0131\u015ft\u0131k.K\u00fcresel emperyalizmin Milli G\u00f6r\u00fc\u015f&#8217;\u00fc ve merhum Prof. Dr. Necmettin Erbakan&#8217;\u0131 neden hedefine ald\u0131\u011f\u0131n\u0131 t\u00fcm ger\u00e7ekleri ile ortaya koyduk. Bu \u00e7al\u0131\u015fmadaki amac\u0131m\u0131z kimseyi \u00fczmek, k\u0131rmak de\u011fil, sadece oyuna gelen karde\u015flerimizi uyarmaya y\u00f6neliktir. Buna ra\u011fmen varsa, k\u0131r\u0131lanlara nazarlar\u0131n\u0131 kendi vicdanlar\u0131na \u00e7evirmelerini tavsiye ediyorum. \u00d6yle san\u0131yorum ki duru\u015flar\u0131ndan vicdanlar\u0131 rahats\u0131z olacak ve do\u011fruyu bulacaklard\u0131r.<\/p>\n","protected":false},"excerpt":{"rendered":"<p>K\u00fcresel Musibet Siyonizm&#8217;de, sapk\u0131n inan\u00e7lar\u0131 do\u011frultusunda d\u00fcnyay\u0131 kan ve g\u00f6zya\u015f\u0131 g\u00f6l\u00fcne \u00e7evirmekte en k\u00fc\u00e7\u00fck bir sak\u0131nca g\u00f6rmeyen k\u00fcresel emperyalizmin fikir ve d\u00fc\u015f\u00fcnce yap\u0131s\u0131n\u0131; \u00f6ncelikle her \u015feyin<span class=\"excerpt-hellip\"> [\u2026]<\/span><\/p>\n","protected":false},"featured_media":0,"template":"","meta":{"_monsterinsights_skip_tracking":false,"_monsterinsights_sitenote_active":false,"_monsterinsights_sitenote_note":"","_monsterinsights_sitenote_category":0},"product_brand":[],"product_cat":[16789,12718,12719],"product_tag":[],"class_list":{"0":"post-783503","1":"product","2":"type-product","3":"status-publish","5":"product_cat-diger-islam","6":"product_cat-din","7":"product_cat-islam","8":"pa_cilt-ciltsiz","9":"pa_tur-kitap","10":"pa_yayinevi-mgv-yayinlari","11":"pa_yazar-nuri-basar","13":"first","14":"instock","15":"sale","16":"shipping-taxable","17":"purchasable","18":"product-type-simple"},"_links":{"self":[{"href":"https:\/\/roveyayinevi.com.tr\/index.php\/wp-json\/wp\/v2\/product\/783503","targetHints":{"allow":["GET"]}}],"collection":[{"href":"https:\/\/roveyayinevi.com.tr\/index.php\/wp-json\/wp\/v2\/product"}],"about":[{"href":"https:\/\/roveyayinevi.com.tr\/index.php\/wp-json\/wp\/v2\/types\/product"}],"wp:attachment":[{"href":"https:\/\/roveyayinevi.com.tr\/index.php\/wp-json\/wp\/v2\/media?parent=783503"}],"wp:term":[{"taxonomy":"product_brand","embeddable":true,"href":"https:\/\/roveyayinevi.com.tr\/index.php\/wp-json\/wp\/v2\/product_brand?post=783503"},{"taxonomy":"product_cat","embeddable":true,"href":"https:\/\/roveyayinevi.com.tr\/index.php\/wp-json\/wp\/v2\/product_cat?post=783503"},{"taxonomy":"product_tag","embeddable":true,"href":"https:\/\/roveyayinevi.com.tr\/index.php\/wp-json\/wp\/v2\/product_tag?post=783503"}],"curies":[{"name":"wp","href":"https:\/\/api.w.org\/{rel}","templated":true}]}}