{"id":783499,"date":"2026-02-26T22:01:45","date_gmt":"2026-02-26T19:01:45","guid":{"rendered":"https:\/\/roveyayinevi.com.tr\/index.php\/urun\/dine-karsi-din\/"},"modified":"2026-04-16T02:12:55","modified_gmt":"2026-04-15T23:12:55","slug":"dine-karsi-din","status":"publish","type":"product","link":"https:\/\/roveyayinevi.com.tr\/index.php\/urun\/dine-karsi-din\/","title":{"rendered":"Dine Kar\u015f\u0131 Din"},"content":{"rendered":"<p>B\u00fct\u00fcn \u015firk dinlerinde Allah&#8217;\u0131n yarat\u0131c\u0131l\u0131\u011f\u0131na inan\u0131l\u0131rd\u0131. Ancak, rablik, sahiplik s\u00f6z konusu olunca putlar\u0131n say\u0131s\u0131 art\u0131yordu. Nemrud ve Firavun gibi adamlar dahi   yarat\u0131c\u0131l\u0131k   iddias\u0131nda bulunmuyorlard\u0131. Onlar   halk\u0131n rabbleri \/ sahipleri   olduklar\u0131n\u0131 iddia ediyorlard\u0131. <\/p>\n","protected":false},"excerpt":{"rendered":"<p>B\u00fct\u00fcn \u015firk dinlerinde Allah&#8217;\u0131n yarat\u0131c\u0131l\u0131\u011f\u0131na inan\u0131l\u0131rd\u0131. Ancak, rablik, sahiplik s\u00f6z konusu olunca putlar\u0131n say\u0131s\u0131 art\u0131yordu. Nemrud ve Firavun gibi adamlar dahi yarat\u0131c\u0131l\u0131k iddias\u0131nda bulunmuyorlard\u0131. Onlar halk\u0131n<span class=\"excerpt-hellip\"> [\u2026]<\/span><\/p>\n","protected":false},"featured_media":0,"template":"","meta":{"_monsterinsights_skip_tracking":false,"_monsterinsights_sitenote_active":false,"_monsterinsights_sitenote_note":"","_monsterinsights_sitenote_category":0},"product_brand":[],"product_cat":[13036,12718,12719],"product_tag":[],"class_list":{"0":"post-783499","1":"product","2":"type-product","3":"status-publish","5":"product_cat-arastirma-inceleme-islam","6":"product_cat-din","7":"product_cat-islam","8":"pa_tur-kitap","9":"pa_yayinevi-fecr-yayinlari","10":"pa_yazar-ali-seriati","12":"first","13":"instock","14":"sale","15":"shipping-taxable","16":"purchasable","17":"product-type-simple"},"_links":{"self":[{"href":"https:\/\/roveyayinevi.com.tr\/index.php\/wp-json\/wp\/v2\/product\/783499","targetHints":{"allow":["GET"]}}],"collection":[{"href":"https:\/\/roveyayinevi.com.tr\/index.php\/wp-json\/wp\/v2\/product"}],"about":[{"href":"https:\/\/roveyayinevi.com.tr\/index.php\/wp-json\/wp\/v2\/types\/product"}],"wp:attachment":[{"href":"https:\/\/roveyayinevi.com.tr\/index.php\/wp-json\/wp\/v2\/media?parent=783499"}],"wp:term":[{"taxonomy":"product_brand","embeddable":true,"href":"https:\/\/roveyayinevi.com.tr\/index.php\/wp-json\/wp\/v2\/product_brand?post=783499"},{"taxonomy":"product_cat","embeddable":true,"href":"https:\/\/roveyayinevi.com.tr\/index.php\/wp-json\/wp\/v2\/product_cat?post=783499"},{"taxonomy":"product_tag","embeddable":true,"href":"https:\/\/roveyayinevi.com.tr\/index.php\/wp-json\/wp\/v2\/product_tag?post=783499"}],"curies":[{"name":"wp","href":"https:\/\/api.w.org\/{rel}","templated":true}]}}