{"id":783498,"date":"2026-02-26T22:01:18","date_gmt":"2026-02-26T19:01:18","guid":{"rendered":"https:\/\/roveyayinevi.com.tr\/index.php\/urun\/turkiye-sosyal-hizmet-birikiminde-dogal-afetler\/"},"modified":"2026-04-16T02:12:33","modified_gmt":"2026-04-15T23:12:33","slug":"turkiye-sosyal-hizmet-birikiminde-dogal-afetler","status":"publish","type":"product","link":"https:\/\/roveyayinevi.com.tr\/index.php\/urun\/turkiye-sosyal-hizmet-birikiminde-dogal-afetler\/","title":{"rendered":"T\u00fcrkiye Sosyal Hizmet Birikiminde Do\u011fal Afetler"},"content":{"rendered":"<p>Do\u011fal afetler; \u00e7evresel nedenlerden kaynaklanan sel, deprem, \u00e7\u0131\u011f, kurakl\u0131k, kas\u0131rga gibi insan hayat\u0131n\u0131 olumsuz y\u00f6nde etkileyen, meydana geldi\u011fi b\u00f6lgede maddi ve manevi hasarlar\u0131n olu\u015fmas\u0131na neden olan olaylard\u0131r. Pek \u00e7ok meslek grubunun \u00fczerinde \u00e7al\u0131\u015fma yapt\u0131\u011f\u0131 bir konu olarak kar\u015f\u0131m\u0131za \u00e7\u0131kan do\u011fal afetler, \u00f6zellikle 1990 sonras\u0131 d\u00f6nemde sosyal hizmetler alan\u0131na d\u00e2hil edilmi\u015ftir. <\/p>\n","protected":false},"excerpt":{"rendered":"<p>Do\u011fal afetler; \u00e7evresel nedenlerden kaynaklanan sel, deprem, \u00e7\u0131\u011f, kurakl\u0131k, kas\u0131rga gibi insan hayat\u0131n\u0131 olumsuz y\u00f6nde etkileyen, meydana geldi\u011fi b\u00f6lgede maddi ve manevi hasarlar\u0131n olu\u015fmas\u0131na neden olan<span class=\"excerpt-hellip\"> [\u2026]<\/span><\/p>\n","protected":false},"featured_media":0,"template":"","meta":{"_monsterinsights_skip_tracking":false,"_monsterinsights_sitenote_active":false,"_monsterinsights_sitenote_note":"","_monsterinsights_sitenote_category":0},"product_brand":[],"product_cat":[12325,12324],"product_tag":[],"class_list":{"0":"post-783498","1":"product","2":"type-product","3":"status-publish","5":"product_cat-diger-sosyoloji","6":"product_cat-sosyoloji","7":"pa_tur-kitap","8":"pa_yayinevi-acilim-kitap","9":"pa_yazar-omer-mirac-yaman","11":"first","12":"instock","13":"sale","14":"shipping-taxable","15":"purchasable","16":"product-type-simple"},"_links":{"self":[{"href":"https:\/\/roveyayinevi.com.tr\/index.php\/wp-json\/wp\/v2\/product\/783498","targetHints":{"allow":["GET"]}}],"collection":[{"href":"https:\/\/roveyayinevi.com.tr\/index.php\/wp-json\/wp\/v2\/product"}],"about":[{"href":"https:\/\/roveyayinevi.com.tr\/index.php\/wp-json\/wp\/v2\/types\/product"}],"wp:attachment":[{"href":"https:\/\/roveyayinevi.com.tr\/index.php\/wp-json\/wp\/v2\/media?parent=783498"}],"wp:term":[{"taxonomy":"product_brand","embeddable":true,"href":"https:\/\/roveyayinevi.com.tr\/index.php\/wp-json\/wp\/v2\/product_brand?post=783498"},{"taxonomy":"product_cat","embeddable":true,"href":"https:\/\/roveyayinevi.com.tr\/index.php\/wp-json\/wp\/v2\/product_cat?post=783498"},{"taxonomy":"product_tag","embeddable":true,"href":"https:\/\/roveyayinevi.com.tr\/index.php\/wp-json\/wp\/v2\/product_tag?post=783498"}],"curies":[{"name":"wp","href":"https:\/\/api.w.org\/{rel}","templated":true}]}}