{"id":783496,"date":"2026-02-26T22:01:03","date_gmt":"2026-02-26T19:01:03","guid":{"rendered":"https:\/\/roveyayinevi.com.tr\/index.php\/urun\/ummet-cografyasi\/"},"modified":"2026-04-16T02:11:53","modified_gmt":"2026-04-15T23:11:53","slug":"ummet-cografyasi","status":"publish","type":"product","link":"https:\/\/roveyayinevi.com.tr\/index.php\/urun\/ummet-cografyasi\/","title":{"rendered":"\u00dcmmet Co\u011frafyas\u0131"},"content":{"rendered":"<p>\u00dcmmet Co\u011frafyas\u0131 kitab\u0131, farkl\u0131 \u00fclkelere yap\u0131lan seyahatler esnas\u0131nda ger\u00e7ekle\u015ftirilen birbirinden \u00f6nemli g\u00f6r\u00fc\u015fmelerin bir araya getirilmesiyle olu\u015ftu. <\/p>\n","protected":false},"excerpt":{"rendered":"<p>\u00dcmmet Co\u011frafyas\u0131 kitab\u0131, farkl\u0131 \u00fclkelere yap\u0131lan seyahatler esnas\u0131nda ger\u00e7ekle\u015ftirilen birbirinden \u00f6nemli g\u00f6r\u00fc\u015fmelerin bir araya getirilmesiyle olu\u015ftu.<\/p>\n","protected":false},"featured_media":0,"template":"","meta":{"_monsterinsights_skip_tracking":false,"_monsterinsights_sitenote_active":false,"_monsterinsights_sitenote_note":"","_monsterinsights_sitenote_category":0},"product_brand":[],"product_cat":[12312,12304],"product_tag":[],"class_list":{"0":"post-783496","1":"product","2":"type-product","3":"status-publish","5":"product_cat-diger","6":"product_cat-tarih","7":"pa_tur-kitap","8":"pa_yayinevi-pinar-yayinlari","9":"pa_yazar-adem-ozkose","11":"first","12":"instock","13":"sale","14":"shipping-taxable","15":"purchasable","16":"product-type-simple"},"_links":{"self":[{"href":"https:\/\/roveyayinevi.com.tr\/index.php\/wp-json\/wp\/v2\/product\/783496","targetHints":{"allow":["GET"]}}],"collection":[{"href":"https:\/\/roveyayinevi.com.tr\/index.php\/wp-json\/wp\/v2\/product"}],"about":[{"href":"https:\/\/roveyayinevi.com.tr\/index.php\/wp-json\/wp\/v2\/types\/product"}],"wp:attachment":[{"href":"https:\/\/roveyayinevi.com.tr\/index.php\/wp-json\/wp\/v2\/media?parent=783496"}],"wp:term":[{"taxonomy":"product_brand","embeddable":true,"href":"https:\/\/roveyayinevi.com.tr\/index.php\/wp-json\/wp\/v2\/product_brand?post=783496"},{"taxonomy":"product_cat","embeddable":true,"href":"https:\/\/roveyayinevi.com.tr\/index.php\/wp-json\/wp\/v2\/product_cat?post=783496"},{"taxonomy":"product_tag","embeddable":true,"href":"https:\/\/roveyayinevi.com.tr\/index.php\/wp-json\/wp\/v2\/product_tag?post=783496"}],"curies":[{"name":"wp","href":"https:\/\/api.w.org\/{rel}","templated":true}]}}