{"id":783495,"date":"2026-02-26T21:59:54","date_gmt":"2026-02-26T18:59:54","guid":{"rendered":"https:\/\/roveyayinevi.com.tr\/index.php\/urun\/hz-muhammedin-hayati\/"},"modified":"2026-04-16T02:11:52","modified_gmt":"2026-04-15T23:11:52","slug":"hz-muhammedin-hayati","status":"publish","type":"product","link":"https:\/\/roveyayinevi.com.tr\/index.php\/urun\/hz-muhammedin-hayati\/","title":{"rendered":"Hz. Muhammed\u2019in Hayat\u0131"},"content":{"rendered":"<p>\u00c7evresindeki insanlara g\u00f6re farkl\u0131 \u00f6zelliklere sahipti. Hakka-hukuka \u00f6nem veren birisiydi, yalandan nefret ederdi, mal d\u00fc\u015fk\u00fcn\u00fc de\u011fildi, yard\u0131mseverdi\u2026 Ma\u011farada ya\u015fad\u0131\u011f\u0131 olaya kadar O\u2019nu \u00e7evresindeki insanlardan ay\u0131ran en \u00f6nemli \u00f6zelli\u011fi, sahip oldu\u011fu bu erdemli \u00f6zellikleriydi. O\u2019nun ahlaki erdemleri ise ,  erdem dene \u015feylerden olduk\u00e7a uzak bir toplumda , herkesten farkl\u0131 bir hayat tarz\u0131 edinmesine yol a\u00e7m\u0131\u015ft\u0131. Erdemleriyle yaln\u0131z oldu\u011fu gibi, ya\u015fant\u0131s\u0131yla\u2019 da yaln\u0131z olmay\u0131 tercih etmi\u015f;  son birka\u00e7 y\u0131ld\u0131r toplumundan b\u00fcy\u00fck oranda  uzakla\u015fm\u0131\u015ft\u0131 .  Kendi toplumunda veya ticaret amac\u0131yla gitti\u011fi di\u011fer baz\u0131 toplumlarda da hep benzer \u015feyleri g\u00f6rm\u00fc\u015ft\u00fc. D\u00fcnyan\u0131n i\u00e7inde debelendi\u011fi b\u00fct\u00fcn bu k\u00f6t\u00fcl\u00fckleri ,  yanl\u0131\u015fl\u0131klar\u0131 akl\u0131 kabul etmemi\u015f, y\u00fcre\u011fi kald\u0131rmam\u0131\u015ft\u0131. D\u00fcnyan\u0131n kap\u0131ld\u0131\u011f\u0131 ak\u0131nt\u0131ya kap\u0131lmam\u0131\u015f; k\u00f6t\u00fcl\u00fckler i\u00e7inde bo\u011fulan d\u00fcnyan\u0131n bir par\u00e7as\u0131 olmam\u0131\u015ft\u0131. Elbette ki insanl\u0131\u011f\u0131n sorunlar\u0131na duyarl\u0131 her insan gibi, O da bir \u00e7\u00f6z\u00fcm ar\u0131yordu; k\u00f6t\u00fcl\u00fcklerin ve ahlaks\u0131zl\u0131klar\u0131n olmad\u0131\u011f\u0131 bir d\u00fcnyan\u0131n \u00f6zlemini ta\u015f\u0131yordu. \u0130nsanl\u0131\u011f\u0131n yanl\u0131\u015flar\u0131 kar\u015f\u0131s\u0131nda, bir kurtulu\u015f yolu ar\u0131yordu. Fakat bulamam\u0131\u015ft\u0131 ve bulam\u0131yordu. B\u00fcy\u00fck komutanlar\u0131n, devlet  adamlar\u0131n\u0131n ,   bilim adamlar\u0131n\u0131n, filozoflar\u0131n , ahlak\u00e7\u0131lar\u0131n, din adamlar\u0131n\u0131n , \u00e7aresiz kald\u0131\u011f\u0131 problemler, O\u2019 nun i\u00e7inde \u00e7\u00f6z\u00fcm\u00fc imkans\u0131z bir problem yuma\u011f\u0131na d\u00f6n\u00fc\u015fm\u00fc\u015ft\u00fc. <\/p>\n","protected":false},"excerpt":{"rendered":"<p>\u00c7evresindeki insanlara g\u00f6re farkl\u0131 \u00f6zelliklere sahipti. Hakka-hukuka \u00f6nem veren birisiydi, yalandan nefret ederdi, mal d\u00fc\u015fk\u00fcn\u00fc de\u011fildi, yard\u0131mseverdi\u2026 Ma\u011farada ya\u015fad\u0131\u011f\u0131 olaya kadar O\u2019nu \u00e7evresindeki insanlardan ay\u0131ran en<span class=\"excerpt-hellip\"> [\u2026]<\/span><\/p>\n","protected":false},"featured_media":0,"template":"","meta":{"_monsterinsights_skip_tracking":false,"_monsterinsights_sitenote_active":false,"_monsterinsights_sitenote_note":"","_monsterinsights_sitenote_category":0},"product_brand":[],"product_cat":[18094,12718,12719],"product_tag":[],"class_list":{"0":"post-783495","1":"product","2":"type-product","3":"status-publish","5":"product_cat-biyografi-otobiyografi-islam","6":"product_cat-din","7":"product_cat-islam","8":"pa_tur-kitap","9":"pa_yayinevi-pinar-yayinlari","10":"pa_yazar-celaleddin-vatandas","12":"first","13":"instock","14":"sale","15":"shipping-taxable","16":"purchasable","17":"product-type-simple"},"_links":{"self":[{"href":"https:\/\/roveyayinevi.com.tr\/index.php\/wp-json\/wp\/v2\/product\/783495","targetHints":{"allow":["GET"]}}],"collection":[{"href":"https:\/\/roveyayinevi.com.tr\/index.php\/wp-json\/wp\/v2\/product"}],"about":[{"href":"https:\/\/roveyayinevi.com.tr\/index.php\/wp-json\/wp\/v2\/types\/product"}],"wp:attachment":[{"href":"https:\/\/roveyayinevi.com.tr\/index.php\/wp-json\/wp\/v2\/media?parent=783495"}],"wp:term":[{"taxonomy":"product_brand","embeddable":true,"href":"https:\/\/roveyayinevi.com.tr\/index.php\/wp-json\/wp\/v2\/product_brand?post=783495"},{"taxonomy":"product_cat","embeddable":true,"href":"https:\/\/roveyayinevi.com.tr\/index.php\/wp-json\/wp\/v2\/product_cat?post=783495"},{"taxonomy":"product_tag","embeddable":true,"href":"https:\/\/roveyayinevi.com.tr\/index.php\/wp-json\/wp\/v2\/product_tag?post=783495"}],"curies":[{"name":"wp","href":"https:\/\/api.w.org\/{rel}","templated":true}]}}