{"id":783486,"date":"2026-02-26T21:57:35","date_gmt":"2026-02-26T18:57:35","guid":{"rendered":"https:\/\/roveyayinevi.com.tr\/index.php\/urun\/ne-yapmali-4\/"},"modified":"2026-04-16T02:09:39","modified_gmt":"2026-04-15T23:09:39","slug":"ne-yapmali-4","status":"publish","type":"product","link":"https:\/\/roveyayinevi.com.tr\/index.php\/urun\/ne-yapmali-4\/","title":{"rendered":"Ne Yapmal\u0131"},"content":{"rendered":"<p>\u0130slam&#8217;\u0131n beyni kalbine nas\u0131l d\u00f6nd\u00fcr\u00fclebilir? \u0130slam ilimler, k\u00f6hne halinde nas\u0131l \u00e7\u0131kar\u0131l\u0131p \u015fimdiki zaman\u0131n ba\u015f\u0131na getirilebilir? Dini inan\u00e7, \u015fu anki geleneksel ve ta\u015fla\u015fm\u0131\u015f kal\u0131b\u0131ndan nas\u0131l azat edilebilir ve ona nas\u0131l \u00f6zbilin\u00e7, bilimsel ayd\u0131nl\u0131k ve akli mant\u0131k verilebilir? Bug\u00fcn iki par\u00e7aya ayr\u0131lm\u0131\u015f olup yar\u0131s\u0131 kal\u0131tsal bilin\u00e7siz gelenekler, \u00f6teki yar\u0131s\u0131 ise zamandan geri kalm\u0131\u015f ilimler olan \u0130slam\u00een binas\u0131 nas\u0131l yenilebilir ve onun toplumu nas\u0131l ba\u015f\u0131 ile g\u00f6vdesi b\u00fct\u00fcnle\u015fmi\u015f, g\u00f6vdesi canl\u0131, ba\u015f\u0131 uyan\u0131k bir toplum haline getirilebilir? Sonu\u00e7 olarak, \u00fcmmetine izzet, ba\u011f\u0131ms\u0131zl\u0131k, hayat, bilgi, iman, hareket, maneviyat, servet, buyruk, k\u0131l\u0131\u00e7, kin, a\u015fk, intikam, ba\u011f\u0131\u015fmala, cihat, bar\u0131\u015f, taassup, ho\u015fg\u00f6r\u00fc, \u00f6zg\u00fcrl\u00fck, \u00f6nderlik,  ger\u00e7ek\u00e7ilik, idealizm, \u00f6v\u00fcn\u00e7, tevazu, isyan, tap\u0131nma, insanl\u0131k ve bilin\u00e7 kazand\u0131ran o hayat verici, yarat\u0131c\u0131, devrimci, ayd\u0131nlat\u0131c\u0131, kudret do\u011furucu, ak\u0131l parlat\u0131c\u0131 ve medeniyet yarat\u0131c\u0131 ruh, tarihin karanl\u0131k deriliklerinden ve eskinin kap\u0131lar\u0131 kapal\u0131 k\u00f6hne kalesinden nas\u0131l \u00e7\u0131kar\u0131labilir? bu zaman\u0131n i\u00e7i bo\u015f bedenine ve bu s\u0131\u011f\u0131nmas\u0131z ve hedefsiz, fakat saf vicdan\u0131na nas\u0131l \u00fcflenebilir? \u00d6lm\u00fc\u015f ve mumyalanm\u0131\u015f yar\u0131 \u0130slam toplumlar nas\u0131l diritlilip uyand\u0131r\u0131labilir? <\/p>\n","protected":false},"excerpt":{"rendered":"<p>\u0130slam&#8217;\u0131n beyni kalbine nas\u0131l d\u00f6nd\u00fcr\u00fclebilir? \u0130slam ilimler, k\u00f6hne halinde nas\u0131l \u00e7\u0131kar\u0131l\u0131p \u015fimdiki zaman\u0131n ba\u015f\u0131na getirilebilir? Dini inan\u00e7, \u015fu anki geleneksel ve ta\u015fla\u015fm\u0131\u015f kal\u0131b\u0131ndan nas\u0131l azat edilebilir<span class=\"excerpt-hellip\"> [\u2026]<\/span><\/p>\n","protected":false},"featured_media":0,"template":"","meta":{"_monsterinsights_skip_tracking":false,"_monsterinsights_sitenote_active":false,"_monsterinsights_sitenote_note":"","_monsterinsights_sitenote_category":0},"product_brand":[],"product_cat":[12718,12719,12720],"product_tag":[],"class_list":{"0":"post-783486","1":"product","2":"type-product","3":"status-publish","5":"product_cat-din","6":"product_cat-islam","7":"product_cat-tasavvuf-mezhepler-tarikatlar","8":"pa_tur-kitap","9":"pa_yayinevi-fecr-yayinlari","10":"pa_yazar-ali-seriati","12":"first","13":"instock","14":"sale","15":"shipping-taxable","16":"purchasable","17":"product-type-simple"},"_links":{"self":[{"href":"https:\/\/roveyayinevi.com.tr\/index.php\/wp-json\/wp\/v2\/product\/783486","targetHints":{"allow":["GET"]}}],"collection":[{"href":"https:\/\/roveyayinevi.com.tr\/index.php\/wp-json\/wp\/v2\/product"}],"about":[{"href":"https:\/\/roveyayinevi.com.tr\/index.php\/wp-json\/wp\/v2\/types\/product"}],"wp:attachment":[{"href":"https:\/\/roveyayinevi.com.tr\/index.php\/wp-json\/wp\/v2\/media?parent=783486"}],"wp:term":[{"taxonomy":"product_brand","embeddable":true,"href":"https:\/\/roveyayinevi.com.tr\/index.php\/wp-json\/wp\/v2\/product_brand?post=783486"},{"taxonomy":"product_cat","embeddable":true,"href":"https:\/\/roveyayinevi.com.tr\/index.php\/wp-json\/wp\/v2\/product_cat?post=783486"},{"taxonomy":"product_tag","embeddable":true,"href":"https:\/\/roveyayinevi.com.tr\/index.php\/wp-json\/wp\/v2\/product_tag?post=783486"}],"curies":[{"name":"wp","href":"https:\/\/api.w.org\/{rel}","templated":true}]}}