{"id":783485,"date":"2026-02-26T21:57:33","date_gmt":"2026-02-26T18:57:33","guid":{"rendered":"https:\/\/roveyayinevi.com.tr\/index.php\/urun\/islam-ve-sinifsal-yapi\/"},"modified":"2026-04-16T02:09:39","modified_gmt":"2026-04-15T23:09:39","slug":"islam-ve-sinifsal-yapi","status":"publish","type":"product","link":"https:\/\/roveyayinevi.com.tr\/index.php\/urun\/islam-ve-sinifsal-yapi\/","title":{"rendered":"\u0130slam ve S\u0131n\u0131fsal Yap\u0131"},"content":{"rendered":"<p>\u0130slam tarihinde sade ya\u015fama y\u00f6nelik tekelci vurgu, d\u00fcnyadan el etek \u00e7ekip z\u00fchde e\u011filim g\u00f6sterme; en iyi, en ilerici M\u00fcsl\u00fcman\u0131n en gerici olmas\u0131na sebep oldu. Di\u011fer tarafta ise kapitalizm ve paracanl\u0131l\u0131ktan yana yorumlar, me\u015frula\u015ft\u0131rmalar, yoldan \u00e7\u0131km\u0131\u015f aristokratl\u0131\u011f\u0131n me\u015frula\u015ft\u0131r\u0131lmas\u0131, alt\u0131n ve g\u00fcm\u00fc\u015f y\u0131\u011fmalar&#8230; Oysa her iki yakla\u015f\u0131m da yoldan sapmad\u0131r. Yani asl\u0131nda bunlar\u0131n hi\u00e7biri \u0130slam de\u011fil. Bunlar\u0131n her biri bir yola d\u00fc\u015f\u00fcp yal\u0131n bir bi\u00e7imde ve her zaman meseleyi sadece bir a\u00e7\u0131dan ele alarak ona vurgu yapt\u0131lar. Sonu\u00e7ta bir ara\u015ft\u0131rmac\u0131 i\u00e7in ve \u0130slam\u2019\u0131n nas\u0131l bir \u00f6\u011freti oldu\u011funu \u00f6\u011frenmek isteyen bir \u00f6\u011frenci i\u00e7in, \u0130slam\u2019\u0131n ger\u00e7ek y\u00fcz\u00fc bilinemez oldu. Bir bak\u0131yoruz \u0130slam z\u00fcht olarak kar\u015f\u0131m\u0131za \u00e7\u0131km\u0131\u015f, \u00f6yle ki Buda\u2019y\u0131 ve Hindular\u0131n dervi\u015flerini dahi geride b\u0131rakm\u0131\u015f; bir bak\u0131yoruz \u0130slam paraya d\u00fc\u015fk\u00fcnl\u00fck olup \u00e7\u0131km\u0131\u015f, \u00f6yle ki Bat\u0131 kapitalizmini dahi geride b\u0131rakm\u0131\u015f. \ufffcTan\u0131t\u0131m Metni<\/p>\n","protected":false},"excerpt":{"rendered":"<p>\u0130slam tarihinde sade ya\u015fama y\u00f6nelik tekelci vurgu, d\u00fcnyadan el etek \u00e7ekip z\u00fchde e\u011filim g\u00f6sterme; en iyi, en ilerici M\u00fcsl\u00fcman\u0131n en gerici olmas\u0131na sebep oldu. Di\u011fer tarafta<span class=\"excerpt-hellip\"> [\u2026]<\/span><\/p>\n","protected":false},"featured_media":0,"template":"","meta":{"_monsterinsights_skip_tracking":false,"_monsterinsights_sitenote_active":false,"_monsterinsights_sitenote_note":"","_monsterinsights_sitenote_category":0},"product_brand":[],"product_cat":[12718,12719,13025],"product_tag":[],"class_list":{"0":"post-783485","1":"product","2":"type-product","3":"status-publish","5":"product_cat-din","6":"product_cat-islam","7":"product_cat-islam-ve-gunumuz-islam-dusuncesi","8":"pa_tur-kitap","9":"pa_yayinevi-fecr-yayinlari","10":"pa_yazar-ali-seriati","12":"first","13":"instock","14":"sale","15":"shipping-taxable","16":"purchasable","17":"product-type-simple"},"_links":{"self":[{"href":"https:\/\/roveyayinevi.com.tr\/index.php\/wp-json\/wp\/v2\/product\/783485","targetHints":{"allow":["GET"]}}],"collection":[{"href":"https:\/\/roveyayinevi.com.tr\/index.php\/wp-json\/wp\/v2\/product"}],"about":[{"href":"https:\/\/roveyayinevi.com.tr\/index.php\/wp-json\/wp\/v2\/types\/product"}],"wp:attachment":[{"href":"https:\/\/roveyayinevi.com.tr\/index.php\/wp-json\/wp\/v2\/media?parent=783485"}],"wp:term":[{"taxonomy":"product_brand","embeddable":true,"href":"https:\/\/roveyayinevi.com.tr\/index.php\/wp-json\/wp\/v2\/product_brand?post=783485"},{"taxonomy":"product_cat","embeddable":true,"href":"https:\/\/roveyayinevi.com.tr\/index.php\/wp-json\/wp\/v2\/product_cat?post=783485"},{"taxonomy":"product_tag","embeddable":true,"href":"https:\/\/roveyayinevi.com.tr\/index.php\/wp-json\/wp\/v2\/product_tag?post=783485"}],"curies":[{"name":"wp","href":"https:\/\/api.w.org\/{rel}","templated":true}]}}